{"id":1619,"date":"2026-03-18T09:32:56","date_gmt":"2026-03-18T08:32:56","guid":{"rendered":"https:\/\/website.fnmns.dev.streamlor.io\/?page_id=1619"},"modified":"2026-03-23T16:44:50","modified_gmt":"2026-03-23T15:44:50","slug":"mentions-legales","status":"publish","type":"page","link":"https:\/\/website.fnmns.dev.streamlor.io\/index.php\/mentions-legales\/","title":{"rendered":"Mentions l\u00e9gales"},"content":{"rendered":"\t\t<div data-elementor-type=\"wp-page\" data-elementor-id=\"1619\" class=\"elementor elementor-1619\" data-elementor-post-type=\"page\">\n\t\t\t\t\t\t<section class=\"elementor-section elementor-top-section elementor-element elementor-element-751c2841 elementor-section-boxed elementor-section-height-default elementor-section-height-default\" data-id=\"751c2841\" data-element_type=\"section\" data-e-type=\"section\">\n\t\t\t\t\t\t<div class=\"elementor-container elementor-column-gap-wider\">\n\t\t\t\t\t<div class=\"elementor-column elementor-col-100 elementor-top-column elementor-element elementor-element-497075d4\" data-id=\"497075d4\" data-element_type=\"column\" data-e-type=\"column\">\n\t\t\t<div class=\"elementor-widget-wrap elementor-element-populated\">\n\t\t\t\t\t\t<div class=\"elementor-element elementor-element-17418370 elementor-widget elementor-widget-heading\" data-id=\"17418370\" data-element_type=\"widget\" data-e-type=\"widget\" data-widget_type=\"heading.default\">\n\t\t\t\t\t<h1 class=\"elementor-heading-title elementor-size-default\">Mentions l\u00e9gales<\/h1>\t\t\t\t<\/div>\n\t\t\t\t<div class=\"elementor-element elementor-element-366cdb5a elementor-widget-divider--view-line elementor-widget elementor-widget-divider\" data-id=\"366cdb5a\" data-element_type=\"widget\" data-e-type=\"widget\" data-widget_type=\"divider.default\">\n\t\t\t\t\t\t\t<div class=\"elementor-divider\">\n\t\t\t<span class=\"elementor-divider-separator\">\n\t\t\t\t\t\t<\/span>\n\t\t<\/div>\n\t\t\t\t\t\t<\/div>\n\t\t\t\t\t<\/div>\n\t\t<\/div>\n\t\t\t\t\t<\/div>\n\t\t<\/section>\n\t\t<div class=\"elementor-element elementor-element-234129d5 e-flex e-con-boxed e-con e-parent\" data-id=\"234129d5\" data-element_type=\"container\" data-e-type=\"container\">\n\t\t\t\t\t<div class=\"e-con-inner\">\n\t\t\t\t<div class=\"elementor-element elementor-element-cd49fd4 elementor-widget elementor-widget-heading\" data-id=\"cd49fd4\" data-element_type=\"widget\" data-e-type=\"widget\" data-widget_type=\"heading.default\">\n\t\t\t\t\t<h3 class=\"elementor-heading-title elementor-size-default\">\u00c9diteur Des Sites Fnmns.Com Et Fnmns.Org :<\/h3>\t\t\t\t<\/div>\n\t\t\t\t<div class=\"elementor-element elementor-element-7d10a89e elementor-widget elementor-widget-text-editor\" data-id=\"7d10a89e\" data-element_type=\"widget\" data-e-type=\"widget\" data-widget_type=\"text-editor.default\">\n\t\t\t\t\t\t\t\t\t<p><strong>F\u00e9d\u00e9ration Nationale Des M\u00e9tiers De La Natation Et Du Sport &#8211; FNMNS<\/strong><\/p><p>Maison des Sports<br \/>BP 70001<br \/>13 Rue Jean Moulin<br \/>54510 TOMBLAINE<\/p><p><strong>T\u00e9l\u00e9phone<\/strong> : 03 83 18 87 57<br \/><strong>Fax<\/strong> : 03 83 18 87 58<\/p>\t\t\t\t\t\t\t\t<\/div>\n\t\t\t\t<div class=\"elementor-element elementor-element-5bd7e12 elementor-widget elementor-widget-heading\" data-id=\"5bd7e12\" data-element_type=\"widget\" data-e-type=\"widget\" data-widget_type=\"heading.default\">\n\t\t\t\t\t<h3 class=\"elementor-heading-title elementor-size-default\">Directeur De La Publication :<\/h3>\t\t\t\t<\/div>\n\t\t\t\t<div class=\"elementor-element elementor-element-92e29ad elementor-widget elementor-widget-text-editor\" data-id=\"92e29ad\" data-element_type=\"widget\" data-e-type=\"widget\" data-widget_type=\"text-editor.default\">\n\t\t\t\t\t\t\t\t\t<p>Jean-Claude SCHWARTZ &#8211; Pr\u00e9sident<\/p>\t\t\t\t\t\t\t\t<\/div>\n\t\t\t\t<div class=\"elementor-element elementor-element-1712869 elementor-widget elementor-widget-heading\" data-id=\"1712869\" data-element_type=\"widget\" data-e-type=\"widget\" data-widget_type=\"heading.default\">\n\t\t\t\t\t<h3 class=\"elementor-heading-title elementor-size-default\">H\u00e9bergement :<\/h3>\t\t\t\t<\/div>\n\t\t\t\t<div class=\"elementor-element elementor-element-6ebd853 elementor-widget elementor-widget-text-editor\" data-id=\"6ebd853\" data-element_type=\"widget\" data-e-type=\"widget\" data-widget_type=\"text-editor.default\">\n\t\t\t\t\t\t\t\t\t<p>Site h\u00e9berg\u00e9 par <a href=\"https:\/\/www.streamlor.io\" target=\"_blank\" rel=\"noreferrer noopener\"><strong>SAS NETLOR<\/strong><\/a><strong> &#8211; <a href=\"https:\/\/www.streamlor.io\/\" target=\"_blank\" rel=\"noreferrer noopener\">STREAMLOR<\/a><\/strong><br \/>9 rue de la ravinelle<br \/>54000 NANCY<br \/><br \/><strong>T\u00e9l\u00e9phone<\/strong> : 03 83 67 62 89<br \/><strong>Mail<\/strong> : contact@netlor.fr<br \/><br \/>SAS au capital de 60.000 \u20ac<br \/>RCS : B432 295 962 &#8211; SIRET : 432 295 962 00042 &#8211; APE\u00a0: 6201 Z<br \/>TVA Intracom. : FR3243229596200042<\/p>\t\t\t\t\t\t\t\t<\/div>\n\t\t\t\t<div class=\"elementor-element elementor-element-4d0ef75 elementor-widget elementor-widget-heading\" data-id=\"4d0ef75\" data-element_type=\"widget\" data-e-type=\"widget\" data-widget_type=\"heading.default\">\n\t\t\t\t\t<h3 class=\"elementor-heading-title elementor-size-default\">Traitement des donn\u00e9es personnelles :<\/h3>\t\t\t\t<\/div>\n\t\t\t\t<div class=\"elementor-element elementor-element-f1941e6 elementor-widget elementor-widget-text-editor\" data-id=\"f1941e6\" data-element_type=\"widget\" data-e-type=\"widget\" data-widget_type=\"text-editor.default\">\n\t\t\t\t\t\t\t\t\t<p>Toutes les donn\u00e9es personnelles collect\u00e9es sur notre site sont destin\u00e9es exclusivement \u00e0 l&rsquo;usage de le FNMNS.<br \/>Aucune donn\u00e9e ne fait l&rsquo;objet de communication \u00e0 des tiers.<\/p>\t\t\t\t\t\t\t\t<\/div>\n\t\t\t\t<div class=\"elementor-element elementor-element-51eca94 elementor-widget elementor-widget-heading\" data-id=\"51eca94\" data-element_type=\"widget\" data-e-type=\"widget\" data-widget_type=\"heading.default\">\n\t\t\t\t\t<h3 class=\"elementor-heading-title elementor-size-default\">D\u00e9claration CNIL :<\/h3>\t\t\t\t<\/div>\n\t\t\t\t<div class=\"elementor-element elementor-element-76692c6 elementor-widget elementor-widget-text-editor\" data-id=\"76692c6\" data-element_type=\"widget\" data-e-type=\"widget\" data-widget_type=\"text-editor.default\">\n\t\t\t\t\t\t\t\t\t<p>Conform\u00e9ment \u00e0 la <span style=\"text-decoration: underline;\"><a class=\"link\" title=\"Commission nationale de l'informatique et des libert\u00e9s\" href=\"https:\/\/www.cnil.fr\/fr\/declaration\/pdf\/14481\" target=\"_blank\" rel=\"noopener\">d\u00e9lib\u00e9ration CNIL n\u00b02006-138 du 9 mai 2006<\/a><\/span>, les sites fnmns.com et fnmns.org\u00a0sont dispens\u00e9s de d\u00e9claration.<br \/>Toutes les r\u00e9clamations concernant les donn\u00e9es collect\u00e9es (consultation, rectification, suppression) sont \u00e0 adresser au Directeur de la publication par voie postale ou par le biais du <a href=\"\/index.php\/contact\/\"><span style=\"text-decoration: underline;\">formulaire de contact<\/span><\/a>.<\/p>\t\t\t\t\t\t\t\t<\/div>\n\t\t\t\t<div class=\"elementor-element elementor-element-688dfb7 elementor-widget elementor-widget-heading\" data-id=\"688dfb7\" data-element_type=\"widget\" data-e-type=\"widget\" data-widget_type=\"heading.default\">\n\t\t\t\t\t<h3 class=\"elementor-heading-title elementor-size-default\">Propri\u00e9t\u00e9 intellectuelle<\/h3>\t\t\t\t<\/div>\n\t\t\t\t<div class=\"elementor-element elementor-element-1d2d470 elementor-widget elementor-widget-text-editor\" data-id=\"1d2d470\" data-element_type=\"widget\" data-e-type=\"widget\" data-widget_type=\"text-editor.default\">\n\t\t\t\t\t\t\t\t\t<p>La structure g\u00e9n\u00e9rale ainsi que les textes, images ou tout autres m\u00e9dia et tous les autres \u00e9l\u00e9ments composant le site sont la propri\u00e9t\u00e9 exclusive de la FNMNS.<br \/>Toute repr\u00e9sentation totale ou partielle de ce site par quelle que personne que ce soit, sans l&rsquo;autorisation expresse du Directeur de la publication est interdite et constituerait une contrefa\u00e7on sanctionn\u00e9e par les articles L. 335-2 et suivants du Code de la propri\u00e9t\u00e9 intellectuelle.<\/p>\t\t\t\t\t\t\t\t<\/div>\n\t\t\t\t\t<\/div>\n\t\t\t\t<\/div>\n\t\t\t\t<\/div>\n\t\t","protected":false},"excerpt":{"rendered":"<p>Mentions l\u00e9gales \u00c9diteur Des Sites Fnmns.Com Et Fnmns.Org : F\u00e9d\u00e9ration Nationale Des M\u00e9tiers De La Natation Et Du Sport &#8211; FNMNS Maison des SportsBP 7000113 Rue Jean Moulin54510 TOMBLAINE T\u00e9l\u00e9phone : 03 83 18 87 57Fax : 03 83 18 87 58 Directeur De La Publication : Jean-Claude SCHWARTZ &#8211; Pr\u00e9sident H\u00e9bergement : Site h\u00e9berg\u00e9&#8230;<\/p>\n","protected":false},"author":1,"featured_media":0,"parent":0,"menu_order":34,"comment_status":"closed","ping_status":"closed","template":"","meta":{"_kad_post_transparent":"","_kad_post_title":"hide","_kad_post_layout":"fullwidth","_kad_post_sidebar_id":"","_kad_post_content_style":"unboxed","_kad_post_vertical_padding":"hide","_kad_post_feature":"hide","_kad_post_feature_position":"","_kad_post_header":false,"_kad_post_footer":false,"footnotes":""},"class_list":["post-1619","page","type-page","status-publish","hentry"],"_links":{"self":[{"href":"https:\/\/website.fnmns.dev.streamlor.io\/index.php\/wp-json\/wp\/v2\/pages\/1619","targetHints":{"allow":["GET"]}}],"collection":[{"href":"https:\/\/website.fnmns.dev.streamlor.io\/index.php\/wp-json\/wp\/v2\/pages"}],"about":[{"href":"https:\/\/website.fnmns.dev.streamlor.io\/index.php\/wp-json\/wp\/v2\/types\/page"}],"author":[{"embeddable":true,"href":"https:\/\/website.fnmns.dev.streamlor.io\/index.php\/wp-json\/wp\/v2\/users\/1"}],"replies":[{"embeddable":true,"href":"https:\/\/website.fnmns.dev.streamlor.io\/index.php\/wp-json\/wp\/v2\/comments?post=1619"}],"version-history":[{"count":13,"href":"https:\/\/website.fnmns.dev.streamlor.io\/index.php\/wp-json\/wp\/v2\/pages\/1619\/revisions"}],"predecessor-version":[{"id":2717,"href":"https:\/\/website.fnmns.dev.streamlor.io\/index.php\/wp-json\/wp\/v2\/pages\/1619\/revisions\/2717"}],"wp:attachment":[{"href":"https:\/\/website.fnmns.dev.streamlor.io\/index.php\/wp-json\/wp\/v2\/media?parent=1619"}],"curies":[{"name":"wp","href":"https:\/\/api.w.org\/{rel}","templated":true}]}}