{"id":1647,"date":"2026-03-18T10:26:32","date_gmt":"2026-03-18T09:26:32","guid":{"rendered":"https:\/\/website.fnmns.dev.streamlor.io\/?page_id=1647"},"modified":"2026-03-23T16:45:16","modified_gmt":"2026-03-23T15:45:16","slug":"plan-du-site","status":"publish","type":"page","link":"https:\/\/website.fnmns.dev.streamlor.io\/index.php\/plan-du-site\/","title":{"rendered":"Plan du site"},"content":{"rendered":"\t\t<div data-elementor-type=\"wp-page\" data-elementor-id=\"1647\" class=\"elementor elementor-1647\" data-elementor-post-type=\"page\">\n\t\t\t\t\t\t<section class=\"elementor-section elementor-top-section elementor-element elementor-element-41b7dd2d elementor-section-boxed elementor-section-height-default elementor-section-height-default\" data-id=\"41b7dd2d\" data-element_type=\"section\" data-e-type=\"section\">\n\t\t\t\t\t\t<div class=\"elementor-container elementor-column-gap-wider\">\n\t\t\t\t\t<div class=\"elementor-column elementor-col-100 elementor-top-column elementor-element elementor-element-1ff2bf35\" data-id=\"1ff2bf35\" data-element_type=\"column\" data-e-type=\"column\">\n\t\t\t<div class=\"elementor-widget-wrap elementor-element-populated\">\n\t\t\t\t\t\t<div class=\"elementor-element elementor-element-6a6ba530 elementor-widget elementor-widget-heading\" data-id=\"6a6ba530\" data-element_type=\"widget\" data-e-type=\"widget\" data-widget_type=\"heading.default\">\n\t\t\t\t\t<h1 class=\"elementor-heading-title elementor-size-default\">Plan du site<\/h1>\t\t\t\t<\/div>\n\t\t\t\t<div class=\"elementor-element elementor-element-6240ff4f elementor-widget-divider--view-line elementor-widget elementor-widget-divider\" data-id=\"6240ff4f\" data-element_type=\"widget\" data-e-type=\"widget\" data-widget_type=\"divider.default\">\n\t\t\t\t\t\t\t<div class=\"elementor-divider\">\n\t\t\t<span class=\"elementor-divider-separator\">\n\t\t\t\t\t\t<\/span>\n\t\t<\/div>\n\t\t\t\t\t\t<\/div>\n\t\t\t\t\t<\/div>\n\t\t<\/div>\n\t\t\t\t\t<\/div>\n\t\t<\/section>\n\t\t<div class=\"elementor-element elementor-element-865714e e-flex e-con-boxed e-con e-parent\" data-id=\"865714e\" data-element_type=\"container\" data-e-type=\"container\">\n\t\t\t\t\t<div class=\"e-con-inner\">\n\t\t\t\t<div class=\"elementor-element elementor-element-aa315a4 elementor-widget elementor-widget-sitemap\" data-id=\"aa315a4\" data-element_type=\"widget\" data-e-type=\"widget\" data-widget_type=\"sitemap.default\">\n\t\t\t\t\t<div class=\"elementor-sitemap-wrap\"><div class=\"elementor-sitemap-section\"><h2 class=\"elementor-sitemap-title elementor-sitemap-page-title\">Pages<\/h2><ul class=\"elementor-sitemap-list elementor-sitemap-page-list\"><li class=\"elementor-sitemap-item elementor-sitemap-item-page page_item page-item-825\"><a href=\"https:\/\/website.fnmns.dev.streamlor.io\/\">Accueil<\/a><\/li><li class=\"elementor-sitemap-item elementor-sitemap-item-page page_item page-item-1015\"><a href=\"https:\/\/website.fnmns.dev.streamlor.io\/index.php\/la-federation\/\">La f\u00e9d\u00e9ration<\/a><ul class='children'><li class=\"elementor-sitemap-item elementor-sitemap-item-page page_item page-item-918\"><a href=\"https:\/\/website.fnmns.dev.streamlor.io\/index.php\/la-federation\/presentation\/\">Pr\u00e9sentation<\/a><\/li><li class=\"elementor-sitemap-item elementor-sitemap-item-page page_item page-item-921\"><a href=\"https:\/\/website.fnmns.dev.streamlor.io\/index.php\/la-federation\/historique\/\">Historique<\/a><\/li><li class=\"elementor-sitemap-item elementor-sitemap-item-page page_item page-item-923\"><a href=\"https:\/\/website.fnmns.dev.streamlor.io\/index.php\/la-federation\/le-personnel-federal\/\">Le personnel f\u00e9d\u00e9ral<\/a><\/li><li class=\"elementor-sitemap-item elementor-sitemap-item-page page_item page-item-925\"><a href=\"https:\/\/website.fnmns.dev.streamlor.io\/index.php\/la-federation\/qui-peut-adherer\/\">Qui peut adh\u00e9rer ?<\/a><\/li><li class=\"elementor-sitemap-item elementor-sitemap-item-page page_item page-item-927\"><a href=\"https:\/\/website.fnmns.dev.streamlor.io\/index.php\/la-federation\/nos-formules-dhadesion\/\">Nos formules d&rsquo;adh\u00e9sion<\/a><\/li><li class=\"elementor-sitemap-item elementor-sitemap-item-page page_item page-item-930\"><a href=\"https:\/\/website.fnmns.dev.streamlor.io\/index.php\/la-federation\/conseils-federaux-regionaux\/\">Conseils f\u00e9d\u00e9raux R\u00e9gionaux<\/a><\/li><\/ul><\/li><li class=\"elementor-sitemap-item elementor-sitemap-item-page page_item page-item-938\"><a href=\"https:\/\/website.fnmns.dev.streamlor.io\/index.php\/formations\/\">Formations<\/a><ul class='children'><li class=\"elementor-sitemap-item elementor-sitemap-item-page page_item page-item-940\"><a href=\"https:\/\/website.fnmns.dev.streamlor.io\/index.php\/formations\/centre-national-de-formation\/\">Centre National de Formation<\/a><\/li><li class=\"elementor-sitemap-item elementor-sitemap-item-page page_item page-item-944\"><a href=\"https:\/\/website.fnmns.dev.streamlor.io\/index.php\/formations\/nos-centres-de-formations\/\">Nos Centres de Formations<\/a><\/li><li class=\"elementor-sitemap-item elementor-sitemap-item-page page_item page-item-946\"><a href=\"https:\/\/website.fnmns.dev.streamlor.io\/index.php\/formations\/carte-des-formations\/\">Carte des formations<\/a><\/li><li class=\"elementor-sitemap-item elementor-sitemap-item-page page_item page-item-948\"><a href=\"https:\/\/website.fnmns.dev.streamlor.io\/index.php\/formations\/news\/\">News<\/a><\/li><li class=\"elementor-sitemap-item elementor-sitemap-item-page page_item page-item-950\"><a href=\"https:\/\/website.fnmns.dev.streamlor.io\/index.php\/formations\/caep-mns\/\">CAEP MNS<\/a><\/li><li class=\"elementor-sitemap-item elementor-sitemap-item-page page_item page-item-952\"><a href=\"https:\/\/website.fnmns.dev.streamlor.io\/index.php\/formations\/formations-au-secourisme\/\">Formations au secourisme<\/a><\/li><li class=\"elementor-sitemap-item elementor-sitemap-item-page page_item page-item-954\"><a href=\"https:\/\/website.fnmns.dev.streamlor.io\/index.php\/formations\/formations-aux-metiers-de-la-natation\/\">Formations aux m\u00e9tiers de la natation<\/a><\/li><li class=\"elementor-sitemap-item elementor-sitemap-item-page page_item page-item-956\"><a href=\"https:\/\/website.fnmns.dev.streamlor.io\/index.php\/formations\/formations-aux-metiers-du-sport\/\">Formations aux m\u00e9tiers du sport<\/a><\/li><li class=\"elementor-sitemap-item elementor-sitemap-item-page page_item page-item-958\"><a href=\"https:\/\/website.fnmns.dev.streamlor.io\/index.php\/formations\/formations-continues-et-recyclages\/\">Formations continues et recyclages<\/a><\/li><li class=\"elementor-sitemap-item elementor-sitemap-item-page page_item page-item-960\"><a href=\"https:\/\/website.fnmns.dev.streamlor.io\/index.php\/formations\/formations-de-formateurs\/\">Formations de Formateurs<\/a><\/li><li class=\"elementor-sitemap-item elementor-sitemap-item-page page_item page-item-962\"><a href=\"https:\/\/website.fnmns.dev.streamlor.io\/index.php\/formations\/ecole-de-natation-francaise\/\">Ecole de Natation Fran\u00e7aise<\/a><\/li><\/ul><\/li><li class=\"elementor-sitemap-item elementor-sitemap-item-page page_item page-item-964\"><a href=\"https:\/\/website.fnmns.dev.streamlor.io\/index.php\/news\/\">News<\/a><\/li><li class=\"elementor-sitemap-item elementor-sitemap-item-page page_item page-item-985\"><a href=\"https:\/\/website.fnmns.dev.streamlor.io\/index.php\/emplois\/\">Emplois<\/a><\/li><li class=\"elementor-sitemap-item elementor-sitemap-item-page page_item page-item-987\"><a href=\"https:\/\/website.fnmns.dev.streamlor.io\/index.php\/documentation\/\">Documentation<\/a><\/li><li class=\"elementor-sitemap-item elementor-sitemap-item-page page_item page-item-989\"><a href=\"https:\/\/website.fnmns.dev.streamlor.io\/index.php\/adherer\/\">Adh\u00e9rer<\/a><\/li><li class=\"elementor-sitemap-item elementor-sitemap-item-page page_item page-item-991\"><a href=\"https:\/\/website.fnmns.dev.streamlor.io\/index.php\/partenaires\/\">Partenaires<\/a><\/li><li class=\"elementor-sitemap-item elementor-sitemap-item-page page_item page-item-993\"><a href=\"https:\/\/website.fnmns.dev.streamlor.io\/index.php\/boutique\/\">Boutique<\/a><\/li><li class=\"elementor-sitemap-item elementor-sitemap-item-page page_item page-item-1322\"><a href=\"https:\/\/website.fnmns.dev.streamlor.io\/index.php\/contact\/\">Contact<\/a><\/li><li class=\"elementor-sitemap-item elementor-sitemap-item-page page_item page-item-1619\"><a href=\"https:\/\/website.fnmns.dev.streamlor.io\/index.php\/mentions-legales\/\">Mentions l\u00e9gales<\/a><\/li><li class=\"elementor-sitemap-item elementor-sitemap-item-page page_item page-item-1647\"><a href=\"https:\/\/website.fnmns.dev.streamlor.io\/index.php\/plan-du-site\/\" aria-current=\"page\">Plan du site<\/a><\/li><li class=\"elementor-sitemap-item elementor-sitemap-item-page page_item page-item-2031\"><a href=\"https:\/\/website.fnmns.dev.streamlor.io\/index.php\/demo\/\">Demo<\/a><\/li><\/ul><\/div><\/div>\t\t\t\t<\/div>\n\t\t\t\t\t<\/div>\n\t\t\t\t<\/div>\n\t\t<div class=\"elementor-element elementor-element-7de5bad e-flex e-con-boxed e-con e-parent\" data-id=\"7de5bad\" data-element_type=\"container\" data-e-type=\"container\">\n\t\t\t\t\t<div class=\"e-con-inner\">\n\t\t\t\t\t<\/div>\n\t\t\t\t<\/div>\n\t\t\t\t<\/div>\n\t\t","protected":false},"excerpt":{"rendered":"<p>Plan du site<\/p>\n","protected":false},"author":1,"featured_media":0,"parent":0,"menu_order":35,"comment_status":"closed","ping_status":"closed","template":"","meta":{"_kad_post_transparent":"","_kad_post_title":"hide","_kad_post_layout":"fullwidth","_kad_post_sidebar_id":"","_kad_post_content_style":"unboxed","_kad_post_vertical_padding":"hide","_kad_post_feature":"hide","_kad_post_feature_position":"","_kad_post_header":false,"_kad_post_footer":false,"footnotes":""},"class_list":["post-1647","page","type-page","status-publish","hentry"],"_links":{"self":[{"href":"https:\/\/website.fnmns.dev.streamlor.io\/index.php\/wp-json\/wp\/v2\/pages\/1647","targetHints":{"allow":["GET"]}}],"collection":[{"href":"https:\/\/website.fnmns.dev.streamlor.io\/index.php\/wp-json\/wp\/v2\/pages"}],"about":[{"href":"https:\/\/website.fnmns.dev.streamlor.io\/index.php\/wp-json\/wp\/v2\/types\/page"}],"author":[{"embeddable":true,"href":"https:\/\/website.fnmns.dev.streamlor.io\/index.php\/wp-json\/wp\/v2\/users\/1"}],"replies":[{"embeddable":true,"href":"https:\/\/website.fnmns.dev.streamlor.io\/index.php\/wp-json\/wp\/v2\/comments?post=1647"}],"version-history":[{"count":34,"href":"https:\/\/website.fnmns.dev.streamlor.io\/index.php\/wp-json\/wp\/v2\/pages\/1647\/revisions"}],"predecessor-version":[{"id":2720,"href":"https:\/\/website.fnmns.dev.streamlor.io\/index.php\/wp-json\/wp\/v2\/pages\/1647\/revisions\/2720"}],"wp:attachment":[{"href":"https:\/\/website.fnmns.dev.streamlor.io\/index.php\/wp-json\/wp\/v2\/media?parent=1647"}],"curies":[{"name":"wp","href":"https:\/\/api.w.org\/{rel}","templated":true}]}}