{"id":918,"date":"2026-03-12T13:30:26","date_gmt":"2026-03-12T12:30:26","guid":{"rendered":"https:\/\/website.fnmns.dev.streamlor.io\/?page_id=918"},"modified":"2026-03-25T09:31:01","modified_gmt":"2026-03-25T08:31:01","slug":"presentation","status":"publish","type":"page","link":"https:\/\/website.fnmns.dev.streamlor.io\/index.php\/la-federation\/presentation\/","title":{"rendered":"Pr\u00e9sentation"},"content":{"rendered":"\t\t<div data-elementor-type=\"wp-page\" data-elementor-id=\"918\" class=\"elementor elementor-918\" data-elementor-post-type=\"page\">\n\t\t\t\t\t\t<section class=\"elementor-section elementor-top-section elementor-element elementor-element-31ab716c elementor-section-boxed elementor-section-height-default elementor-section-height-default\" data-id=\"31ab716c\" data-element_type=\"section\" data-e-type=\"section\">\n\t\t\t\t\t\t<div class=\"elementor-container elementor-column-gap-wider\">\n\t\t\t\t\t<div class=\"elementor-column elementor-col-100 elementor-top-column elementor-element elementor-element-70ec68f0\" data-id=\"70ec68f0\" data-element_type=\"column\" data-e-type=\"column\">\n\t\t\t<div class=\"elementor-widget-wrap elementor-element-populated\">\n\t\t\t\t\t\t<div class=\"elementor-element elementor-element-44bb66ce elementor-widget elementor-widget-heading\" data-id=\"44bb66ce\" data-element_type=\"widget\" data-e-type=\"widget\" data-widget_type=\"heading.default\">\n\t\t\t\t\t<h1 class=\"elementor-heading-title elementor-size-default\">La F\u00e9d\u00e9ration - Pr\u00e9sentation<\/h1>\t\t\t\t<\/div>\n\t\t\t\t<div class=\"elementor-element elementor-element-0a1190e elementor-widget-divider--view-line elementor-widget elementor-widget-divider\" data-id=\"0a1190e\" data-element_type=\"widget\" data-e-type=\"widget\" data-widget_type=\"divider.default\">\n\t\t\t\t\t\t\t<div class=\"elementor-divider\">\n\t\t\t<span class=\"elementor-divider-separator\">\n\t\t\t\t\t\t<\/span>\n\t\t<\/div>\n\t\t\t\t\t\t<\/div>\n\t\t\t\t\t<\/div>\n\t\t<\/div>\n\t\t\t\t\t<\/div>\n\t\t<\/section>\n\t\t\t\t<div class=\"elementor-section elementor-top-section elementor-element elementor-element-1f6e477b elementor-section-full_width elementor-section-stretched elementor-section-height-default elementor-section-height-default elementor-invisible\" data-id=\"1f6e477b\" data-element_type=\"section\" data-e-type=\"section\" data-settings=\"{&quot;stretch_section&quot;:&quot;section-stretched&quot;,&quot;animation&quot;:&quot;pulse&quot;}\">\n\t\t\t\t\t\t<div class=\"elementor-container elementor-column-gap-default\">\n\t\t\t\t\t<div class=\"elementor-column elementor-col-100 elementor-top-column elementor-element elementor-element-2274428c\" data-id=\"2274428c\" data-element_type=\"column\" data-e-type=\"column\">\n\t\t\t<div class=\"elementor-widget-wrap elementor-element-populated\">\n\t\t\t\t\t\t<section class=\"elementor-section elementor-inner-section elementor-element elementor-element-20828925 elementor-section-full_width elementor-section-height-default elementor-section-height-default\" data-id=\"20828925\" data-element_type=\"section\" data-e-type=\"section\">\n\t\t\t\t\t\t<div class=\"elementor-container elementor-column-gap-default\">\n\t\t\t\t\t<div class=\"elementor-column elementor-col-50 elementor-inner-column elementor-element elementor-element-ced4121 about-history\" data-id=\"ced4121\" data-element_type=\"column\" data-e-type=\"column\">\n\t\t\t<div class=\"elementor-widget-wrap elementor-element-populated\">\n\t\t\t\t\t\t<div class=\"elementor-element elementor-element-40b744b0 elementor-widget elementor-widget-text-editor\" data-id=\"40b744b0\" data-element_type=\"widget\" data-e-type=\"widget\" data-widget_type=\"text-editor.default\">\n\t\t\t\t\t\t\t\t\t<p>A propos de nous<\/p>\t\t\t\t\t\t\t\t<\/div>\n\t\t\t\t<div class=\"elementor-element elementor-element-40d2b19e elementor-widget elementor-widget-text-editor\" data-id=\"40d2b19e\" data-element_type=\"widget\" data-e-type=\"widget\" data-widget_type=\"text-editor.default\">\n\t\t\t\t\t\t\t\t\t<p>Depuis 1946, notre f\u00e9d\u00e9ration est une force vive des m\u00e9tiers du sport, de l\u2019enseignement, de l\u2019animation et de la s\u00e9curit\u00e9 qui se doit de d\u00e9fendre au mieux vos int\u00e9r\u00eats.<\/p><p>Avec pas moins de 15.000 adh\u00e9rents, nous sommes l&rsquo;organisme professionnel le plus repr\u00e9sentatif au niveau national.<\/p><p>Nous nous tenons hors des d\u00e9bats pol\u00e9miques et provocateurs et \u0153uvrons ensemble pour :<\/p><ul><li>Revaloriser l&rsquo;ensemble des secteurs d&rsquo;activit\u00e9s des m\u00e9tiers de la natation et du sport<\/li><li>R\u00e9soudre nos tracas et probl\u00e8mes li\u00e9s \u00e0 la profession<\/li><li>Soutenir nos coll\u00e8gues dans les moments difficiles<\/li><li>Prendre part aux d\u00e9bats concernant nos professions<\/li><li>Faire des propositions utiles aux pouvoirs publics<\/li><\/ul><p>Nous sommes persuad\u00e9s que les m\u00e9tiers du sport ont un avenir et c\u2019est l\u2019ambition que nous voulons vous faire partager.<\/p><p>Nous devons rassembler le plus grand nombre d\u2019entre nous afin d\u2019augmenter encore notre popularit\u00e9, d\u00e9velopper nos actions et notre cr\u00e9dibilit\u00e9.<\/p><p>Rejoignez-nous en adh\u00e9rant \u00e0 la <strong>F\u00e9d\u00e9ration Nationale des M\u00e9tiers de la Natation et du Sport<\/strong><\/p><p>Elle dispose pour vous rendre service d\u2019un si\u00e8ge permanent et de repr\u00e9sentants dans toutes les r\u00e9gions de France et en outre-mer.<\/p>\t\t\t\t\t\t\t\t<\/div>\n\t\t\t\t<div class=\"elementor-element elementor-element-204a72b5 elementor-tablet-align-center elementor-align-center elementor-widget elementor-widget-button\" data-id=\"204a72b5\" data-element_type=\"widget\" data-e-type=\"widget\" data-widget_type=\"button.default\">\n\t\t\t\t\t\t\t\t\t\t<a class=\"elementor-button elementor-button-link elementor-size-sm\" href=\"https:\/\/website.fnmns.dev.streamlor.io\/index.php\/la-federation\/historique\/\">\n\t\t\t\t\t\t<span class=\"elementor-button-content-wrapper\">\n\t\t\t\t\t\t\t\t\t<span class=\"elementor-button-text\">En savoir plus<\/span>\n\t\t\t\t\t<\/span>\n\t\t\t\t\t<\/a>\n\t\t\t\t\t\t\t\t<\/div>\n\t\t\t\t\t<\/div>\n\t\t<\/div>\n\t\t\t\t<div class=\"elementor-column elementor-col-50 elementor-inner-column elementor-element elementor-element-3a7ee03c elementor-hidden-tablet elementor-hidden-mobile\" data-id=\"3a7ee03c\" data-element_type=\"column\" data-e-type=\"column\" data-settings=\"{&quot;background_background&quot;:&quot;classic&quot;}\">\n\t\t\t<div class=\"elementor-widget-wrap elementor-element-populated\">\n\t\t\t\t\t\t<div class=\"elementor-element elementor-element-547087ac elementor-widget__width-auto elementor-widget elementor-widget-image\" data-id=\"547087ac\" data-element_type=\"widget\" data-e-type=\"widget\" data-settings=\"{&quot;motion_fx_motion_fx_scrolling&quot;:&quot;yes&quot;,&quot;motion_fx_translateY_effect&quot;:&quot;yes&quot;,&quot;motion_fx_translateY_speed&quot;:{&quot;unit&quot;:&quot;px&quot;,&quot;size&quot;:2,&quot;sizes&quot;:[]},&quot;motion_fx_translateY_affectedRange&quot;:{&quot;unit&quot;:&quot;%&quot;,&quot;size&quot;:&quot;&quot;,&quot;sizes&quot;:{&quot;start&quot;:0,&quot;end&quot;:100}},&quot;motion_fx_devices&quot;:[&quot;desktop&quot;,&quot;tablet&quot;,&quot;mobile&quot;]}\" data-widget_type=\"image.default\">\n\t\t\t\t\t\t\t\t\t\t\t\t\t\t\t<img fetchpriority=\"high\" decoding=\"async\" width=\"2560\" height=\"1707\" src=\"https:\/\/website.fnmns.dev.streamlor.io\/wp-content\/uploads\/2026\/03\/Maitre-nageur-sauveteur-scaled.jpeg\" class=\"elementor-animation-grow attachment-full size-full wp-image-1089\" alt=\"\" srcset=\"https:\/\/website.fnmns.dev.streamlor.io\/wp-content\/uploads\/2026\/03\/Maitre-nageur-sauveteur-scaled.jpeg 2560w, https:\/\/website.fnmns.dev.streamlor.io\/wp-content\/uploads\/2026\/03\/Maitre-nageur-sauveteur-300x200.jpeg 300w, https:\/\/website.fnmns.dev.streamlor.io\/wp-content\/uploads\/2026\/03\/Maitre-nageur-sauveteur-1024x683.jpeg 1024w, https:\/\/website.fnmns.dev.streamlor.io\/wp-content\/uploads\/2026\/03\/Maitre-nageur-sauveteur-768x512.jpeg 768w, https:\/\/website.fnmns.dev.streamlor.io\/wp-content\/uploads\/2026\/03\/Maitre-nageur-sauveteur-1536x1024.jpeg 1536w, https:\/\/website.fnmns.dev.streamlor.io\/wp-content\/uploads\/2026\/03\/Maitre-nageur-sauveteur-2048x1365.jpeg 2048w\" sizes=\"(max-width: 2560px) 100vw, 2560px\" \/>\t\t\t\t\t\t\t\t\t\t\t\t\t\t\t<\/div>\n\t\t\t\t\t<\/div>\n\t\t<\/div>\n\t\t\t\t\t<\/div>\n\t\t<\/section>\n\t\t\t\t\t<\/div>\n\t\t<\/div>\n\t\t\t\t\t<\/div>\n\t\t<\/div>\n\t\t<div class=\"elementor-element elementor-element-6420515 e-flex e-con-boxed e-con e-parent\" data-id=\"6420515\" data-element_type=\"container\" data-e-type=\"container\">\n\t\t\t\t\t<div class=\"e-con-inner\">\n\t\t\t\t<div class=\"elementor-element elementor-element-ae56206 elementor-widget elementor-widget-heading\" data-id=\"ae56206\" data-element_type=\"widget\" data-e-type=\"widget\" data-widget_type=\"heading.default\">\n\t\t\t\t\t<h3 class=\"elementor-heading-title elementor-size-default\">Bureau National de la F.N.M.N.S<\/h3>\t\t\t\t<\/div>\n\t\t\t\t\t<\/div>\n\t\t\t\t<\/div>\n\t\t<div class=\"elementor-element elementor-element-d6d7134 e-flex e-con-boxed e-con e-parent\" data-id=\"d6d7134\" data-element_type=\"container\" data-e-type=\"container\">\n\t\t\t\t\t<div class=\"e-con-inner\">\n\t\t<div class=\"elementor-element elementor-element-f2a9c62 e-con-full e-flex e-con e-child\" data-id=\"f2a9c62\" data-element_type=\"container\" data-e-type=\"container\" data-settings=\"{&quot;background_background&quot;:&quot;classic&quot;,&quot;shape_divider_bottom&quot;:&quot;split&quot;,&quot;shape_divider_bottom_negative&quot;:&quot;yes&quot;}\">\n\t\t\t\t<div class=\"elementor-shape elementor-shape-bottom\" aria-hidden=\"true\" data-negative=\"true\">\n\t\t\t<svg xmlns=\"http:\/\/www.w3.org\/2000\/svg\" viewBox=\"0 0 1000 20\" preserveAspectRatio=\"none\">\n\t<path class=\"elementor-shape-fill\" d=\"M519.8,0.2c-11,0-19.8,8.5-19.8,19c0-10.4-8.8-19-19.8-19L0,0v20h1000V0.2H519.8z\"\/>\n<\/svg>\t\t<\/div>\n\t\t\t\t<div class=\"elementor-element elementor-element-3ddc52e elementor-widget elementor-widget-heading\" data-id=\"3ddc52e\" data-element_type=\"widget\" data-e-type=\"widget\" data-widget_type=\"heading.default\">\n\t\t\t\t\t<h2 class=\"elementor-heading-title elementor-size-default\">Pr\u00e9sident National<\/h2>\t\t\t\t<\/div>\n\t\t\t\t<div class=\"elementor-element elementor-element-624ec6c elementor-widget-divider--view-line elementor-widget elementor-widget-divider\" data-id=\"624ec6c\" data-element_type=\"widget\" data-e-type=\"widget\" data-widget_type=\"divider.default\">\n\t\t\t\t\t\t\t<div class=\"elementor-divider\">\n\t\t\t<span class=\"elementor-divider-separator\">\n\t\t\t\t\t\t<\/span>\n\t\t<\/div>\n\t\t\t\t\t\t<\/div>\n\t\t\t\t<div class=\"elementor-element elementor-element-af3e758 elementor-widget elementor-widget-text-editor\" data-id=\"af3e758\" data-element_type=\"widget\" data-e-type=\"widget\" data-widget_type=\"text-editor.default\">\n\t\t\t\t\t\t\t\t\t<p style=\"text-align: center;\">M. SCHWARTZ Jean-Claude<\/p>\t\t\t\t\t\t\t\t<\/div>\n\t\t\t\t<\/div>\n\t\t<div class=\"elementor-element elementor-element-6bfa62c e-con-full e-flex e-con e-child\" data-id=\"6bfa62c\" data-element_type=\"container\" data-e-type=\"container\" data-settings=\"{&quot;background_background&quot;:&quot;classic&quot;,&quot;shape_divider_bottom&quot;:&quot;split&quot;,&quot;shape_divider_bottom_negative&quot;:&quot;yes&quot;}\">\n\t\t\t\t<div class=\"elementor-shape elementor-shape-bottom\" aria-hidden=\"true\" data-negative=\"true\">\n\t\t\t<svg xmlns=\"http:\/\/www.w3.org\/2000\/svg\" viewBox=\"0 0 1000 20\" preserveAspectRatio=\"none\">\n\t<path class=\"elementor-shape-fill\" d=\"M519.8,0.2c-11,0-19.8,8.5-19.8,19c0-10.4-8.8-19-19.8-19L0,0v20h1000V0.2H519.8z\"\/>\n<\/svg>\t\t<\/div>\n\t\t\t\t<div class=\"elementor-element elementor-element-f79f286 elementor-widget elementor-widget-heading\" data-id=\"f79f286\" data-element_type=\"widget\" data-e-type=\"widget\" data-widget_type=\"heading.default\">\n\t\t\t\t\t<h2 class=\"elementor-heading-title elementor-size-default\">Vice-Pr\u00e9sident National<\/h2>\t\t\t\t<\/div>\n\t\t\t\t<div class=\"elementor-element elementor-element-27a2ff4 elementor-widget-divider--view-line elementor-widget elementor-widget-divider\" data-id=\"27a2ff4\" data-element_type=\"widget\" data-e-type=\"widget\" data-widget_type=\"divider.default\">\n\t\t\t\t\t\t\t<div class=\"elementor-divider\">\n\t\t\t<span class=\"elementor-divider-separator\">\n\t\t\t\t\t\t<\/span>\n\t\t<\/div>\n\t\t\t\t\t\t<\/div>\n\t\t\t\t<div class=\"elementor-element elementor-element-dd8dec3 elementor-widget elementor-widget-text-editor\" data-id=\"dd8dec3\" data-element_type=\"widget\" data-e-type=\"widget\" data-widget_type=\"text-editor.default\">\n\t\t\t\t\t\t\t\t\t<p style=\"text-align: center;\">M. BEZARD Alain<\/p>\t\t\t\t\t\t\t\t<\/div>\n\t\t\t\t<\/div>\n\t\t<div class=\"elementor-element elementor-element-5282365 e-con-full e-flex e-con e-child\" data-id=\"5282365\" data-element_type=\"container\" data-e-type=\"container\">\n\t\t<div class=\"elementor-element elementor-element-949ea89 e-grid e-con-full e-con e-child\" data-id=\"949ea89\" data-element_type=\"container\" data-e-type=\"container\">\n\t\t<div class=\"elementor-element elementor-element-f1aa409 e-con-full e-flex e-con e-child\" data-id=\"f1aa409\" data-element_type=\"container\" data-e-type=\"container\" data-settings=\"{&quot;background_background&quot;:&quot;classic&quot;,&quot;shape_divider_bottom&quot;:&quot;split&quot;,&quot;shape_divider_bottom_negative&quot;:&quot;yes&quot;}\">\n\t\t\t\t<div class=\"elementor-shape elementor-shape-bottom\" aria-hidden=\"true\" data-negative=\"true\">\n\t\t\t<svg xmlns=\"http:\/\/www.w3.org\/2000\/svg\" viewBox=\"0 0 1000 20\" preserveAspectRatio=\"none\">\n\t<path class=\"elementor-shape-fill\" d=\"M519.8,0.2c-11,0-19.8,8.5-19.8,19c0-10.4-8.8-19-19.8-19L0,0v20h1000V0.2H519.8z\"\/>\n<\/svg>\t\t<\/div>\n\t\t\t\t<div class=\"elementor-element elementor-element-efb28e9 elementor-widget elementor-widget-heading\" data-id=\"efb28e9\" data-element_type=\"widget\" data-e-type=\"widget\" data-widget_type=\"heading.default\">\n\t\t\t\t\t<h2 class=\"elementor-heading-title elementor-size-default\">Tr\u00e9sorier National<\/h2>\t\t\t\t<\/div>\n\t\t\t\t<div class=\"elementor-element elementor-element-9208086 elementor-widget-divider--view-line elementor-widget elementor-widget-divider\" data-id=\"9208086\" data-element_type=\"widget\" data-e-type=\"widget\" data-widget_type=\"divider.default\">\n\t\t\t\t\t\t\t<div class=\"elementor-divider\">\n\t\t\t<span class=\"elementor-divider-separator\">\n\t\t\t\t\t\t<\/span>\n\t\t<\/div>\n\t\t\t\t\t\t<\/div>\n\t\t\t\t<div class=\"elementor-element elementor-element-5beac92 elementor-widget elementor-widget-text-editor\" data-id=\"5beac92\" data-element_type=\"widget\" data-e-type=\"widget\" data-widget_type=\"text-editor.default\">\n\t\t\t\t\t\t\t\t\t<p>M. CHRISTIN Jacques<\/p>\t\t\t\t\t\t\t\t<\/div>\n\t\t\t\t<\/div>\n\t\t<div class=\"elementor-element elementor-element-e270223 e-con-full e-flex e-con e-child\" data-id=\"e270223\" data-element_type=\"container\" data-e-type=\"container\" data-settings=\"{&quot;background_background&quot;:&quot;classic&quot;,&quot;shape_divider_bottom&quot;:&quot;split&quot;,&quot;shape_divider_bottom_negative&quot;:&quot;yes&quot;}\">\n\t\t\t\t<div class=\"elementor-shape elementor-shape-bottom\" aria-hidden=\"true\" data-negative=\"true\">\n\t\t\t<svg xmlns=\"http:\/\/www.w3.org\/2000\/svg\" viewBox=\"0 0 1000 20\" preserveAspectRatio=\"none\">\n\t<path class=\"elementor-shape-fill\" d=\"M519.8,0.2c-11,0-19.8,8.5-19.8,19c0-10.4-8.8-19-19.8-19L0,0v20h1000V0.2H519.8z\"\/>\n<\/svg>\t\t<\/div>\n\t\t\t\t<div class=\"elementor-element elementor-element-f3540e0 elementor-widget elementor-widget-heading\" data-id=\"f3540e0\" data-element_type=\"widget\" data-e-type=\"widget\" data-widget_type=\"heading.default\">\n\t\t\t\t\t<h2 class=\"elementor-heading-title elementor-size-default\">Tr\u00e9sorier G\u00e9n\u00e9ral Adjoint\n\n\n<\/h2>\t\t\t\t<\/div>\n\t\t\t\t<div class=\"elementor-element elementor-element-1b9e6c5 elementor-widget-divider--view-line elementor-widget elementor-widget-divider\" data-id=\"1b9e6c5\" data-element_type=\"widget\" data-e-type=\"widget\" data-widget_type=\"divider.default\">\n\t\t\t\t\t\t\t<div class=\"elementor-divider\">\n\t\t\t<span class=\"elementor-divider-separator\">\n\t\t\t\t\t\t<\/span>\n\t\t<\/div>\n\t\t\t\t\t\t<\/div>\n\t\t\t\t<\/div>\n\t\t\t\t<\/div>\n\t\t\t\t<\/div>\n\t\t<div class=\"elementor-element elementor-element-2b2e6b5 e-con-full e-flex e-con e-child\" data-id=\"2b2e6b5\" data-element_type=\"container\" data-e-type=\"container\" data-settings=\"{&quot;background_background&quot;:&quot;classic&quot;}\">\n\t\t\t\t<div class=\"elementor-element elementor-element-430ec9e elementor-widget elementor-widget-heading\" data-id=\"430ec9e\" data-element_type=\"widget\" data-e-type=\"widget\" data-widget_type=\"heading.default\">\n\t\t\t\t\t<h2 class=\"elementor-heading-title elementor-size-default\">Membres adjoints<\/h2>\t\t\t\t<\/div>\n\t\t\t\t<div class=\"elementor-element elementor-element-ea9d813 elementor-widget-divider--view-line elementor-widget elementor-widget-divider\" data-id=\"ea9d813\" data-element_type=\"widget\" data-e-type=\"widget\" data-widget_type=\"divider.default\">\n\t\t\t\t\t\t\t<div class=\"elementor-divider\">\n\t\t\t<span class=\"elementor-divider-separator\">\n\t\t\t\t\t\t<\/span>\n\t\t<\/div>\n\t\t\t\t\t\t<\/div>\n\t\t\t\t<div class=\"elementor-element elementor-element-a50b63c elementor-widget elementor-widget-text-editor\" data-id=\"a50b63c\" data-element_type=\"widget\" data-e-type=\"widget\" data-widget_type=\"text-editor.default\">\n\t\t\t\t\t\t\t\t\t<p>M. CONESA G\u00e9rard<br \/>M. MARTIN Joseph<br \/>M. FOEHRLE Denis<br \/>M. MICHEL Gilles<br \/>M. MILLECAM Jean-Michel<br \/>M. TOURNIER Etienne<br \/>M. VICENTE Georges<br \/>M. PERRIN Sylvain<br \/>M. LEPRETRE Willy<br \/>M. PALLAS Bernard<\/p>\t\t\t\t\t\t\t\t<\/div>\n\t\t\t\t<\/div>\n\t\t\t\t\t<\/div>\n\t\t\t\t<\/div>\n\t\t\t\t<\/div>\n\t\t","protected":false},"excerpt":{"rendered":"<p>La F\u00e9d\u00e9ration &#8211; Pr\u00e9sentation A propos de nous Depuis 1946, notre f\u00e9d\u00e9ration est une force vive des m\u00e9tiers du sport, de l\u2019enseignement, de l\u2019animation et de la s\u00e9curit\u00e9 qui se doit de d\u00e9fendre au mieux vos int\u00e9r\u00eats. Avec pas moins de 15.000 adh\u00e9rents, nous sommes l&rsquo;organisme professionnel le plus repr\u00e9sentatif au niveau national. Nous nous&#8230;<\/p>\n","protected":false},"author":1,"featured_media":0,"parent":1015,"menu_order":3,"comment_status":"closed","ping_status":"closed","template":"","meta":{"_kad_post_transparent":"","_kad_post_title":"hide","_kad_post_layout":"fullwidth","_kad_post_sidebar_id":"","_kad_post_content_style":"unboxed","_kad_post_vertical_padding":"hide","_kad_post_feature":"hide","_kad_post_feature_position":"","_kad_post_header":false,"_kad_post_footer":false,"footnotes":""},"class_list":["post-918","page","type-page","status-publish","hentry"],"_links":{"self":[{"href":"https:\/\/website.fnmns.dev.streamlor.io\/index.php\/wp-json\/wp\/v2\/pages\/918","targetHints":{"allow":["GET"]}}],"collection":[{"href":"https:\/\/website.fnmns.dev.streamlor.io\/index.php\/wp-json\/wp\/v2\/pages"}],"about":[{"href":"https:\/\/website.fnmns.dev.streamlor.io\/index.php\/wp-json\/wp\/v2\/types\/page"}],"author":[{"embeddable":true,"href":"https:\/\/website.fnmns.dev.streamlor.io\/index.php\/wp-json\/wp\/v2\/users\/1"}],"replies":[{"embeddable":true,"href":"https:\/\/website.fnmns.dev.streamlor.io\/index.php\/wp-json\/wp\/v2\/comments?post=918"}],"version-history":[{"count":263,"href":"https:\/\/website.fnmns.dev.streamlor.io\/index.php\/wp-json\/wp\/v2\/pages\/918\/revisions"}],"predecessor-version":[{"id":3204,"href":"https:\/\/website.fnmns.dev.streamlor.io\/index.php\/wp-json\/wp\/v2\/pages\/918\/revisions\/3204"}],"up":[{"embeddable":true,"href":"https:\/\/website.fnmns.dev.streamlor.io\/index.php\/wp-json\/wp\/v2\/pages\/1015"}],"wp:attachment":[{"href":"https:\/\/website.fnmns.dev.streamlor.io\/index.php\/wp-json\/wp\/v2\/media?parent=918"}],"curies":[{"name":"wp","href":"https:\/\/api.w.org\/{rel}","templated":true}]}}