{"id":923,"date":"2026-03-12T13:39:06","date_gmt":"2026-03-12T12:39:06","guid":{"rendered":"https:\/\/website.fnmns.dev.streamlor.io\/?page_id=923"},"modified":"2026-03-25T09:33:51","modified_gmt":"2026-03-25T08:33:51","slug":"le-personnel-federal","status":"publish","type":"page","link":"https:\/\/website.fnmns.dev.streamlor.io\/index.php\/la-federation\/le-personnel-federal\/","title":{"rendered":"Le personnel f\u00e9d\u00e9ral"},"content":{"rendered":"\t\t<div data-elementor-type=\"wp-page\" data-elementor-id=\"923\" class=\"elementor elementor-923\" data-elementor-post-type=\"page\">\n\t\t\t\t\t\t<section class=\"elementor-section elementor-top-section elementor-element elementor-element-1c07ac2b elementor-section-boxed elementor-section-height-default elementor-section-height-default\" data-id=\"1c07ac2b\" data-element_type=\"section\" data-e-type=\"section\">\n\t\t\t\t\t\t<div class=\"elementor-container elementor-column-gap-wider\">\n\t\t\t\t\t<div class=\"elementor-column elementor-col-100 elementor-top-column elementor-element elementor-element-2abcbe1e\" data-id=\"2abcbe1e\" data-element_type=\"column\" data-e-type=\"column\">\n\t\t\t<div class=\"elementor-widget-wrap elementor-element-populated\">\n\t\t\t\t\t\t<div class=\"elementor-element elementor-element-7f83b9e1 elementor-widget elementor-widget-heading\" data-id=\"7f83b9e1\" data-element_type=\"widget\" data-e-type=\"widget\" data-widget_type=\"heading.default\">\n\t\t\t\t\t<h1 class=\"elementor-heading-title elementor-size-default\">La F\u00e9d\u00e9ration - Le personnel f\u00e9d\u00e9ral<\/h1>\t\t\t\t<\/div>\n\t\t\t\t<div class=\"elementor-element elementor-element-9bd2d1a elementor-widget-divider--view-line elementor-widget elementor-widget-divider\" data-id=\"9bd2d1a\" data-element_type=\"widget\" data-e-type=\"widget\" data-widget_type=\"divider.default\">\n\t\t\t\t\t\t\t<div class=\"elementor-divider\">\n\t\t\t<span class=\"elementor-divider-separator\">\n\t\t\t\t\t\t<\/span>\n\t\t<\/div>\n\t\t\t\t\t\t<\/div>\n\t\t\t\t\t<\/div>\n\t\t<\/div>\n\t\t\t\t\t<\/div>\n\t\t<\/section>\n\t\t\t\t<section class=\"elementor-section elementor-top-section elementor-element elementor-element-291d937d elementor-section-height-min-height elementor-section-items-stretch elementor-section-boxed elementor-section-height-default\" data-id=\"291d937d\" data-element_type=\"section\" data-e-type=\"section\">\n\t\t\t\t\t\t<div class=\"elementor-container elementor-column-gap-no\">\n\t\t\t\t\t<div class=\"elementor-column elementor-col-50 elementor-top-column elementor-element elementor-element-e5af42b\" data-id=\"e5af42b\" data-element_type=\"column\" data-e-type=\"column\" data-settings=\"{&quot;background_background&quot;:&quot;classic&quot;}\">\n\t\t\t<div class=\"elementor-widget-wrap elementor-element-populated\">\n\t\t\t\t\t\t<div class=\"elementor-element elementor-element-7f9cd500 elementor-widget-mobile__width-inherit elementor-widget elementor-widget-spacer\" data-id=\"7f9cd500\" data-element_type=\"widget\" data-e-type=\"widget\" data-settings=\"{&quot;_animation_mobile&quot;:&quot;none&quot;}\" data-widget_type=\"spacer.default\">\n\t\t\t\t\t\t\t<div class=\"elementor-spacer\">\n\t\t\t<div class=\"elementor-spacer-inner\"><\/div>\n\t\t<\/div>\n\t\t\t\t\t\t<\/div>\n\t\t\t\t\t<\/div>\n\t\t<\/div>\n\t\t\t\t<div class=\"elementor-column elementor-col-50 elementor-top-column elementor-element elementor-element-765e4c83\" data-id=\"765e4c83\" data-element_type=\"column\" data-e-type=\"column\" data-settings=\"{&quot;background_background&quot;:&quot;classic&quot;}\">\n\t\t\t<div class=\"elementor-widget-wrap elementor-element-populated\">\n\t\t\t\t\t\t<div class=\"elementor-element elementor-element-3c07e9ff elementor-widget elementor-widget-heading\" data-id=\"3c07e9ff\" data-element_type=\"widget\" data-e-type=\"widget\" data-settings=\"{&quot;_animation&quot;:&quot;none&quot;,&quot;_animation_mobile&quot;:&quot;none&quot;}\" data-widget_type=\"heading.default\">\n\t\t\t\t\t<h3 class=\"elementor-heading-title elementor-size-default\">Sandrine JOLIWALD<\/h3>\t\t\t\t<\/div>\n\t\t\t\t<div class=\"elementor-element elementor-element-52e3cc28 elementor-invisible elementor-widget elementor-widget-text-editor\" data-id=\"52e3cc28\" data-element_type=\"widget\" data-e-type=\"widget\" data-settings=\"{&quot;_animation&quot;:&quot;fadeIn&quot;,&quot;_animation_mobile&quot;:&quot;none&quot;}\" data-widget_type=\"text-editor.default\">\n\t\t\t\t\t\t\t\t\t<p>est<strong> responsable administrative <span style=\"color: #008fb0;\">FNMNS<\/span><\/strong> en charge des dossiers juridiques, des adh\u00e9sions\/cotisations, de la facturation, de la comptabilit\u00e9, des commandes, des offres d\u2019emplois, du suivi des r\u00e9gions FNMNS, des relations avec les \u00e9lus nationaux, de l&rsquo;organisation des bureaux ex\u00e9cutifs et AG\/Congr\u00e8s, \u00e9tablit le bilan financier, g\u00e8re les bilans ENF et la vie administrative f\u00e9d\u00e9rale en g\u00e9n\u00e9ral. Elle assure la permanence t\u00e9l\u00e9phonique et les renseignements.<\/p>\t\t\t\t\t\t\t\t<\/div>\n\t\t\t\t\t<\/div>\n\t\t<\/div>\n\t\t\t\t\t<\/div>\n\t\t<\/section>\n\t\t\t\t<section class=\"elementor-section elementor-top-section elementor-element elementor-element-3aeec281 elementor-section-height-min-height elementor-reverse-mobile elementor-section-items-stretch elementor-section-boxed elementor-section-height-default\" data-id=\"3aeec281\" data-element_type=\"section\" data-e-type=\"section\">\n\t\t\t\t\t\t<div class=\"elementor-container elementor-column-gap-no\">\n\t\t\t\t\t<div class=\"elementor-column elementor-col-50 elementor-top-column elementor-element elementor-element-91f0c70\" data-id=\"91f0c70\" data-element_type=\"column\" data-e-type=\"column\" data-settings=\"{&quot;background_background&quot;:&quot;classic&quot;}\">\n\t\t\t<div class=\"elementor-widget-wrap elementor-element-populated\">\n\t\t\t\t\t\t<div class=\"elementor-element elementor-element-c26b618 elementor-widget elementor-widget-heading\" data-id=\"c26b618\" data-element_type=\"widget\" data-e-type=\"widget\" data-settings=\"{&quot;_animation&quot;:&quot;none&quot;,&quot;_animation_mobile&quot;:&quot;none&quot;}\" data-widget_type=\"heading.default\">\n\t\t\t\t\t<h3 class=\"elementor-heading-title elementor-size-default\">Pauline DUBY<\/h3>\t\t\t\t<\/div>\n\t\t\t\t<div class=\"elementor-element elementor-element-4d173bb3 elementor-invisible elementor-widget elementor-widget-text-editor\" data-id=\"4d173bb3\" data-element_type=\"widget\" data-e-type=\"widget\" data-settings=\"{&quot;_animation&quot;:&quot;fadeIn&quot;,&quot;_animation_mobile&quot;:&quot;none&quot;}\" data-widget_type=\"text-editor.default\">\n\t\t\t\t\t\t\t\t\t<p>est <strong>agente administrative<\/strong>\u00a0<span style=\"color: #008fb0;\"><strong>FNMNS<\/strong><\/span>. Elle assure la permanence t\u00e9l\u00e9phonique et est en charge de dossiers administratifs tels qu&rsquo;adh\u00e9sions\/cotisations, des offres d&#8217;emplois, des commandes et facturations, etc. en relation avec la responsable administrative.<\/p>\t\t\t\t\t\t\t\t<\/div>\n\t\t\t\t<div class=\"elementor-element elementor-element-4ece3172 elementor-widget elementor-widget-spacer\" data-id=\"4ece3172\" data-element_type=\"widget\" data-e-type=\"widget\" data-widget_type=\"spacer.default\">\n\t\t\t\t\t\t\t<div class=\"elementor-spacer\">\n\t\t\t<div class=\"elementor-spacer-inner\"><\/div>\n\t\t<\/div>\n\t\t\t\t\t\t<\/div>\n\t\t\t\t\t<\/div>\n\t\t<\/div>\n\t\t\t\t<div class=\"elementor-column elementor-col-50 elementor-top-column elementor-element elementor-element-30fac933\" data-id=\"30fac933\" data-element_type=\"column\" data-e-type=\"column\" data-settings=\"{&quot;background_background&quot;:&quot;classic&quot;,&quot;animation_mobile&quot;:&quot;none&quot;}\">\n\t\t\t<div class=\"elementor-widget-wrap elementor-element-populated\">\n\t\t\t\t\t\t<div class=\"elementor-element elementor-element-1f36706a elementor-widget elementor-widget-spacer\" data-id=\"1f36706a\" data-element_type=\"widget\" data-e-type=\"widget\" data-widget_type=\"spacer.default\">\n\t\t\t\t\t\t\t<div class=\"elementor-spacer\">\n\t\t\t<div class=\"elementor-spacer-inner\"><\/div>\n\t\t<\/div>\n\t\t\t\t\t\t<\/div>\n\t\t\t\t\t<\/div>\n\t\t<\/div>\n\t\t\t\t\t<\/div>\n\t\t<\/section>\n\t\t\t\t<section class=\"elementor-section elementor-top-section elementor-element elementor-element-e2499cf elementor-section-height-min-height elementor-section-items-stretch elementor-section-boxed elementor-section-height-default\" data-id=\"e2499cf\" data-element_type=\"section\" data-e-type=\"section\">\n\t\t\t\t\t\t<div class=\"elementor-container elementor-column-gap-no\">\n\t\t\t\t\t<div class=\"elementor-column elementor-col-50 elementor-top-column elementor-element elementor-element-8586f90\" data-id=\"8586f90\" data-element_type=\"column\" data-e-type=\"column\" data-settings=\"{&quot;background_background&quot;:&quot;classic&quot;}\">\n\t\t\t<div class=\"elementor-widget-wrap elementor-element-populated\">\n\t\t\t\t\t\t<div class=\"elementor-element elementor-element-27aaed8 elementor-widget-mobile__width-inherit elementor-widget elementor-widget-spacer\" data-id=\"27aaed8\" data-element_type=\"widget\" data-e-type=\"widget\" data-settings=\"{&quot;_animation_mobile&quot;:&quot;none&quot;}\" data-widget_type=\"spacer.default\">\n\t\t\t\t\t\t\t<div class=\"elementor-spacer\">\n\t\t\t<div class=\"elementor-spacer-inner\"><\/div>\n\t\t<\/div>\n\t\t\t\t\t\t<\/div>\n\t\t\t\t\t<\/div>\n\t\t<\/div>\n\t\t\t\t<div class=\"elementor-column elementor-col-50 elementor-top-column elementor-element elementor-element-2d3dcea\" data-id=\"2d3dcea\" data-element_type=\"column\" data-e-type=\"column\" data-settings=\"{&quot;background_background&quot;:&quot;classic&quot;}\">\n\t\t\t<div class=\"elementor-widget-wrap elementor-element-populated\">\n\t\t\t\t\t\t<div class=\"elementor-element elementor-element-41189f2 elementor-widget elementor-widget-heading\" data-id=\"41189f2\" data-element_type=\"widget\" data-e-type=\"widget\" data-settings=\"{&quot;_animation&quot;:&quot;none&quot;,&quot;_animation_mobile&quot;:&quot;none&quot;}\" data-widget_type=\"heading.default\">\n\t\t\t\t\t<h3 class=\"elementor-heading-title elementor-size-default\">Isabelle BRUNET<\/h3>\t\t\t\t<\/div>\n\t\t\t\t<div class=\"elementor-element elementor-element-b492ae7 elementor-invisible elementor-widget elementor-widget-text-editor\" data-id=\"b492ae7\" data-element_type=\"widget\" data-e-type=\"widget\" data-settings=\"{&quot;_animation&quot;:&quot;fadeIn&quot;,&quot;_animation_mobile&quot;:&quot;none&quot;}\" data-widget_type=\"text-editor.default\">\n\t\t\t\t\t\t\t\t\t<p>est <strong>secr\u00e9taire<\/strong> du\u00a0<strong>Centre National de Formation. <\/strong>\u00a0Elle assure, entre autres, la permanence t\u00e9l\u00e9phonique, dispense des renseignements, se charge du suivi des Centres R\u00e9gionaux de formation, des centres d\u00e9partementaux de formation et antennes, est en charge des commandes, de la facturation et de la comptabilit\u00e9, de l&rsquo;organisation du Conseil d&rsquo;Administration et de l&rsquo;AG\/S\u00e9minaire, \u00e9tablit les statistiques des formations r\u00e9alis\u00e9es et le bilan financier du CNF.\u00a0<\/p>\t\t\t\t\t\t\t\t<\/div>\n\t\t\t\t\t<\/div>\n\t\t<\/div>\n\t\t\t\t\t<\/div>\n\t\t<\/section>\n\t\t\t\t<section class=\"elementor-section elementor-top-section elementor-element elementor-element-9ccbab4 elementor-section-height-min-height elementor-reverse-mobile elementor-section-items-stretch elementor-section-boxed elementor-section-height-default\" data-id=\"9ccbab4\" data-element_type=\"section\" data-e-type=\"section\">\n\t\t\t\t\t\t<div class=\"elementor-container elementor-column-gap-no\">\n\t\t\t\t\t<div class=\"elementor-column elementor-col-50 elementor-top-column elementor-element elementor-element-cb4498b\" data-id=\"cb4498b\" data-element_type=\"column\" data-e-type=\"column\" data-settings=\"{&quot;background_background&quot;:&quot;classic&quot;}\">\n\t\t\t<div class=\"elementor-widget-wrap elementor-element-populated\">\n\t\t\t\t\t\t<div class=\"elementor-element elementor-element-4ecdc12 elementor-widget elementor-widget-heading\" data-id=\"4ecdc12\" data-element_type=\"widget\" data-e-type=\"widget\" data-settings=\"{&quot;_animation&quot;:&quot;none&quot;,&quot;_animation_mobile&quot;:&quot;none&quot;}\" data-widget_type=\"heading.default\">\n\t\t\t\t\t<h3 class=\"elementor-heading-title elementor-size-default\">Franck GEORGES<\/h3>\t\t\t\t<\/div>\n\t\t\t\t<div class=\"elementor-element elementor-element-c899152 elementor-invisible elementor-widget elementor-widget-text-editor\" data-id=\"c899152\" data-element_type=\"widget\" data-e-type=\"widget\" data-settings=\"{&quot;_animation&quot;:&quot;fadeIn&quot;,&quot;_animation_mobile&quot;:&quot;none&quot;}\" data-widget_type=\"text-editor.default\">\n\t\t\t\t\t\t\t\t\t<p>est <strong>Formateur de Formateurs\u00a0<\/strong>du\u00a0<strong>Centre National de Formation.<\/strong><strong>\u00a0<\/strong>\u00a0Il est davantage sur le terrain pour les formations. Il coordonne des actions de formation aux premiers secours, au SST, et participe aux CAEP MNS. Sa fonction l\u2019am\u00e8ne \u00e9galement \u00e0 r\u00e9pondre \u00e0 des appels d\u2019offres en mati\u00e8re de formation provenant de l&rsquo;ensemble du territoire fran\u00e7ais.<br \/>Il est mobile et dispense des actions de formation de formateurs aupr\u00e8s des d\u00e9l\u00e9gations qui le sollicitent.<\/p>\t\t\t\t\t\t\t\t<\/div>\n\t\t\t\t<div class=\"elementor-element elementor-element-9068005 elementor-widget elementor-widget-spacer\" data-id=\"9068005\" data-element_type=\"widget\" data-e-type=\"widget\" data-widget_type=\"spacer.default\">\n\t\t\t\t\t\t\t<div class=\"elementor-spacer\">\n\t\t\t<div class=\"elementor-spacer-inner\"><\/div>\n\t\t<\/div>\n\t\t\t\t\t\t<\/div>\n\t\t\t\t\t<\/div>\n\t\t<\/div>\n\t\t\t\t<div class=\"elementor-column elementor-col-50 elementor-top-column elementor-element elementor-element-58e0f52\" data-id=\"58e0f52\" data-element_type=\"column\" data-e-type=\"column\" data-settings=\"{&quot;background_background&quot;:&quot;classic&quot;,&quot;animation_mobile&quot;:&quot;none&quot;}\">\n\t\t\t<div class=\"elementor-widget-wrap elementor-element-populated\">\n\t\t\t\t\t\t<div class=\"elementor-element elementor-element-724defa elementor-widget elementor-widget-spacer\" data-id=\"724defa\" data-element_type=\"widget\" data-e-type=\"widget\" data-widget_type=\"spacer.default\">\n\t\t\t\t\t\t\t<div class=\"elementor-spacer\">\n\t\t\t<div class=\"elementor-spacer-inner\"><\/div>\n\t\t<\/div>\n\t\t\t\t\t\t<\/div>\n\t\t\t\t\t<\/div>\n\t\t<\/div>\n\t\t\t\t\t<\/div>\n\t\t<\/section>\n\t\t\t\t<section class=\"elementor-section elementor-top-section elementor-element elementor-element-2f0e3c6 elementor-section-height-min-height elementor-reverse-mobile elementor-section-items-stretch elementor-section-boxed elementor-section-height-default\" data-id=\"2f0e3c6\" data-element_type=\"section\" data-e-type=\"section\">\n\t\t\t\t\t\t<div class=\"elementor-container elementor-column-gap-no\">\n\t\t\t\t\t<div class=\"elementor-column elementor-col-100 elementor-top-column elementor-element elementor-element-01f271b\" data-id=\"01f271b\" data-element_type=\"column\" data-e-type=\"column\" data-settings=\"{&quot;background_background&quot;:&quot;classic&quot;}\">\n\t\t\t<div class=\"elementor-widget-wrap elementor-element-populated\">\n\t\t\t\t\t\t<div class=\"elementor-element elementor-element-9c3774f elementor-widget elementor-widget-heading\" data-id=\"9c3774f\" data-element_type=\"widget\" data-e-type=\"widget\" data-settings=\"{&quot;_animation&quot;:&quot;none&quot;,&quot;_animation_mobile&quot;:&quot;none&quot;}\" data-widget_type=\"heading.default\">\n\t\t\t\t\t<h3 class=\"elementor-heading-title elementor-size-default\">Sarah LOUVIOT<\/h3>\t\t\t\t<\/div>\n\t\t\t\t<div class=\"elementor-element elementor-element-7aaa27e elementor-invisible elementor-widget elementor-widget-text-editor\" data-id=\"7aaa27e\" data-element_type=\"widget\" data-e-type=\"widget\" data-settings=\"{&quot;_animation&quot;:&quot;fadeIn&quot;,&quot;_animation_mobile&quot;:&quot;none&quot;}\" data-widget_type=\"text-editor.default\">\n\t\t\t\t\t\t\t\t\t<p>&#8211; <strong>Agente Administrative\u00a0et charg\u00e9e de la Communication<\/strong>. Elle est polyvalente sur la FNMNS avec Sandrine et le CNF avec Isabelle. Elle g\u00e8re l&rsquo;aspect administratif et est en charge de la communication.<\/p>\t\t\t\t\t\t\t\t<\/div>\n\t\t\t\t<div class=\"elementor-element elementor-element-a685908 elementor-widget-divider--view-line elementor-widget elementor-widget-divider\" data-id=\"a685908\" data-element_type=\"widget\" data-e-type=\"widget\" data-widget_type=\"divider.default\">\n\t\t\t\t\t\t\t<div class=\"elementor-divider\">\n\t\t\t<span class=\"elementor-divider-separator\">\n\t\t\t\t\t\t<\/span>\n\t\t<\/div>\n\t\t\t\t\t\t<\/div>\n\t\t\t\t<div class=\"elementor-element elementor-element-4ed8f38 elementor-widget elementor-widget-heading\" data-id=\"4ed8f38\" data-element_type=\"widget\" data-e-type=\"widget\" data-settings=\"{&quot;_animation&quot;:&quot;none&quot;,&quot;_animation_mobile&quot;:&quot;none&quot;}\" data-widget_type=\"heading.default\">\n\t\t\t\t\t<h3 class=\"elementor-heading-title elementor-size-default\">Lucas FOEHRLE<\/h3>\t\t\t\t<\/div>\n\t\t\t\t<div class=\"elementor-element elementor-element-007471c elementor-invisible elementor-widget elementor-widget-text-editor\" data-id=\"007471c\" data-element_type=\"widget\" data-e-type=\"widget\" data-settings=\"{&quot;_animation&quot;:&quot;fadeIn&quot;,&quot;_animation_mobile&quot;:&quot;none&quot;}\" data-widget_type=\"text-editor.default\">\n\t\t\t\t\t\t\t\t\t<p><strong>&#8211; Directeur National<\/strong>. Il coordonne les actions de la <strong><span style=\"color: #008fb0;\">FNMNS<\/span><\/strong> et du <strong><span style=\"color: #008fb0;\">CNF<\/span><\/strong>.\u00a0<br \/>Il a une bonne connaissance du milieu professionnel et de la formation. Fervent d\u00e9fenseur de la profession, il a \u00e9t\u00e9 recrut\u00e9 pour \u0153uvrer en faveur du d\u00e9veloppement de nos deux structures.<\/p>\t\t\t\t\t\t\t\t<\/div>\n\t\t\t\t\t<\/div>\n\t\t<\/div>\n\t\t\t\t\t<\/div>\n\t\t<\/section>\n\t\t<div class=\"elementor-element elementor-element-1de6309 e-flex e-con-boxed e-con e-parent\" data-id=\"1de6309\" data-element_type=\"container\" data-e-type=\"container\">\n\t\t\t\t\t<div class=\"e-con-inner\">\n\t\t\t\t\t<\/div>\n\t\t\t\t<\/div>\n\t\t\t\t<\/div>\n\t\t","protected":false},"excerpt":{"rendered":"<p>La F\u00e9d\u00e9ration &#8211; Le personnel f\u00e9d\u00e9ral Sandrine JOLIWALD est responsable administrative FNMNS en charge des dossiers juridiques, des adh\u00e9sions\/cotisations, de la facturation, de la comptabilit\u00e9, des commandes, des offres d\u2019emplois, du suivi des r\u00e9gions FNMNS, des relations avec les \u00e9lus nationaux, de l&rsquo;organisation des bureaux ex\u00e9cutifs et AG\/Congr\u00e8s, \u00e9tablit le bilan financier, g\u00e8re les bilans&#8230;<\/p>\n","protected":false},"author":1,"featured_media":0,"parent":1015,"menu_order":5,"comment_status":"closed","ping_status":"closed","template":"","meta":{"_kad_post_transparent":"","_kad_post_title":"hide","_kad_post_layout":"fullwidth","_kad_post_sidebar_id":"","_kad_post_content_style":"unboxed","_kad_post_vertical_padding":"hide","_kad_post_feature":"hide","_kad_post_feature_position":"","_kad_post_header":false,"_kad_post_footer":false,"footnotes":""},"class_list":["post-923","page","type-page","status-publish","hentry"],"_links":{"self":[{"href":"https:\/\/website.fnmns.dev.streamlor.io\/index.php\/wp-json\/wp\/v2\/pages\/923","targetHints":{"allow":["GET"]}}],"collection":[{"href":"https:\/\/website.fnmns.dev.streamlor.io\/index.php\/wp-json\/wp\/v2\/pages"}],"about":[{"href":"https:\/\/website.fnmns.dev.streamlor.io\/index.php\/wp-json\/wp\/v2\/types\/page"}],"author":[{"embeddable":true,"href":"https:\/\/website.fnmns.dev.streamlor.io\/index.php\/wp-json\/wp\/v2\/users\/1"}],"replies":[{"embeddable":true,"href":"https:\/\/website.fnmns.dev.streamlor.io\/index.php\/wp-json\/wp\/v2\/comments?post=923"}],"version-history":[{"count":64,"href":"https:\/\/website.fnmns.dev.streamlor.io\/index.php\/wp-json\/wp\/v2\/pages\/923\/revisions"}],"predecessor-version":[{"id":3218,"href":"https:\/\/website.fnmns.dev.streamlor.io\/index.php\/wp-json\/wp\/v2\/pages\/923\/revisions\/3218"}],"up":[{"embeddable":true,"href":"https:\/\/website.fnmns.dev.streamlor.io\/index.php\/wp-json\/wp\/v2\/pages\/1015"}],"wp:attachment":[{"href":"https:\/\/website.fnmns.dev.streamlor.io\/index.php\/wp-json\/wp\/v2\/media?parent=923"}],"curies":[{"name":"wp","href":"https:\/\/api.w.org\/{rel}","templated":true}]}}