{"id":925,"date":"2026-03-12T13:39:20","date_gmt":"2026-03-12T12:39:20","guid":{"rendered":"https:\/\/website.fnmns.dev.streamlor.io\/?page_id=925"},"modified":"2026-03-25T09:35:19","modified_gmt":"2026-03-25T08:35:19","slug":"qui-peut-adherer","status":"publish","type":"page","link":"https:\/\/website.fnmns.dev.streamlor.io\/index.php\/la-federation\/qui-peut-adherer\/","title":{"rendered":"Qui peut adh\u00e9rer ?"},"content":{"rendered":"\t\t<div data-elementor-type=\"wp-page\" data-elementor-id=\"925\" class=\"elementor elementor-925\" data-elementor-post-type=\"page\">\n\t\t\t\t\t\t<section class=\"elementor-section elementor-top-section elementor-element elementor-element-230d0b67 elementor-section-boxed elementor-section-height-default elementor-section-height-default\" data-id=\"230d0b67\" data-element_type=\"section\" data-e-type=\"section\">\n\t\t\t\t\t\t<div class=\"elementor-container elementor-column-gap-wider\">\n\t\t\t\t\t<div class=\"elementor-column elementor-col-100 elementor-top-column elementor-element elementor-element-6475905f\" data-id=\"6475905f\" data-element_type=\"column\" data-e-type=\"column\">\n\t\t\t<div class=\"elementor-widget-wrap elementor-element-populated\">\n\t\t\t\t\t\t<div class=\"elementor-element elementor-element-70a2fe6d elementor-widget elementor-widget-heading\" data-id=\"70a2fe6d\" data-element_type=\"widget\" data-e-type=\"widget\" data-widget_type=\"heading.default\">\n\t\t\t\t\t<h1 class=\"elementor-heading-title elementor-size-default\">La F\u00e9d\u00e9ration - Qui peut adh\u00e9rer ?<\/h1>\t\t\t\t<\/div>\n\t\t\t\t<div class=\"elementor-element elementor-element-35812a5 elementor-widget-divider--view-line elementor-widget elementor-widget-divider\" data-id=\"35812a5\" data-element_type=\"widget\" data-e-type=\"widget\" data-widget_type=\"divider.default\">\n\t\t\t\t\t\t\t<div class=\"elementor-divider\">\n\t\t\t<span class=\"elementor-divider-separator\">\n\t\t\t\t\t\t<\/span>\n\t\t<\/div>\n\t\t\t\t\t\t<\/div>\n\t\t\t\t\t<\/div>\n\t\t<\/div>\n\t\t\t\t\t<\/div>\n\t\t<\/section>\n\t\t<div class=\"elementor-element elementor-element-472ea6c3 e-flex e-con-boxed e-con e-parent\" data-id=\"472ea6c3\" data-element_type=\"container\" data-e-type=\"container\">\n\t\t\t\t\t<div class=\"e-con-inner\">\n\t\t\t\t<div class=\"elementor-element elementor-element-1c0d68ab elementor-widget elementor-widget-text-editor\" data-id=\"1c0d68ab\" data-element_type=\"widget\" data-e-type=\"widget\" data-widget_type=\"text-editor.default\">\n\t\t\t\t\t\t\t\t\t<div class=\"infoIntro\"><p>La F\u00e9d\u00e9ration regroupe en qualit\u00e9 d\u2019organisme professionnel, les adh\u00e9rents titulaires de dipl\u00f4mes de s\u00e9curit\u00e9 aquatique, d\u2019animation, d\u2019enseignement et d\u2019encadrement des activit\u00e9s physiques et sportives, des agents de la fili\u00e8re sportive territoriale et du secteur priv\u00e9, l\u2019ensemble des professionnels des m\u00e9tiers associ\u00e9s. Les stagiaires en formation, candidats aux diff\u00e9rents m\u00e9tiers de la natation et du sport par le biais du centre national de formation de la FNMNS.<br \/><br \/><\/p><\/div><p>Les adh\u00e9rents sont r\u00e9partis, qu\u2019ils soient ou non en exercice, dans les secteurs d\u2019activit\u00e9s professionnelles suivants\u00a0:<\/p>\t\t\t\t\t\t\t\t<\/div>\n\t\t\t\t<div class=\"elementor-element elementor-element-03218d6 elementor-widget elementor-widget-text-editor\" data-id=\"03218d6\" data-element_type=\"widget\" data-e-type=\"widget\" data-widget_type=\"text-editor.default\">\n\t\t\t\t\t\t\t\t\t<ul><li>S\u00e9curit\u00e9 aquatique.<\/li><li>S\u00e9curit\u00e9 des Activit\u00e9s Physiques et Sportives. D\u2019animation, d\u2019entrainement et d\u2019enseignement<\/li><li>Enseignement des Activit\u00e9s Physiques et Sportives. d\u2019animation et d\u2019entrainement<\/li><li>Gestion des Services et \u00e9tablissements, gestionnaires et responsables d\u2019 E.R.P<\/li><li>Maintenance des \u00e9quipements<\/li><\/ul>\t\t\t\t\t\t\t\t<\/div>\n\t\t\t\t\t<\/div>\n\t\t\t\t<\/div>\n\t\t\t\t<section class=\"elementor-section elementor-top-section elementor-element elementor-element-3e475a4c elementor-section-height-min-height elementor-reverse-mobile elementor-section-boxed elementor-section-height-default elementor-section-items-middle\" data-id=\"3e475a4c\" data-element_type=\"section\" data-e-type=\"section\">\n\t\t\t\t\t\t<div class=\"elementor-container elementor-column-gap-no\">\n\t\t\t\t\t<div class=\"elementor-column elementor-col-50 elementor-top-column elementor-element elementor-element-70a728f3\" data-id=\"70a728f3\" data-element_type=\"column\" data-e-type=\"column\" data-settings=\"{&quot;background_background&quot;:&quot;classic&quot;}\">\n\t\t\t<div class=\"elementor-widget-wrap elementor-element-populated\">\n\t\t\t\t\t\t<div class=\"elementor-element elementor-element-57f2e463 elementor-widget elementor-widget-heading\" data-id=\"57f2e463\" data-element_type=\"widget\" data-e-type=\"widget\" data-settings=\"{&quot;_animation&quot;:&quot;none&quot;,&quot;_animation_mobile&quot;:&quot;none&quot;}\" data-widget_type=\"heading.default\">\n\t\t\t\t\t<h3 class=\"elementor-heading-title elementor-size-default\">COMMENT ADH\u00c9RER :<\/h3>\t\t\t\t<\/div>\n\t\t\t\t<div class=\"elementor-element elementor-element-28e27264 elementor-invisible elementor-widget elementor-widget-text-editor\" data-id=\"28e27264\" data-element_type=\"widget\" data-e-type=\"widget\" data-settings=\"{&quot;_animation&quot;:&quot;fadeIn&quot;,&quot;_animation_mobile&quot;:&quot;none&quot;}\" data-widget_type=\"text-editor.default\">\n\t\t\t\t\t\t\t\t\t<ul><li>Compl\u00e9ter le bulletin d&rsquo;adh\u00e9sion que vous trouvez dans <a href=\"https:\/\/website.fnmns.dev.streamlor.io\/index.php\/la-federation\/nos-formules-dhadesion\/\" target=\"_blank\" rel=\"noopener\">nos formules d&rsquo;adh\u00e9sion<\/a><\/li><li>L&rsquo;exp\u00e9dier par courrier ou par mail \u00e0 la FNMNS\u00a0 <a href=\"mailto:contact@fnmns.org\">contact@fnmns.org<\/a><\/li><li>payer en ligne, \u00e0 partir de la <a href=\"https:\/\/website.fnmns.dev.streamlor.io\/index.php\/boutique\/\">BOUTIQUE<\/a><\/li><\/ul>\t\t\t\t\t\t\t\t<\/div>\n\t\t\t\t\t<\/div>\n\t\t<\/div>\n\t\t\t\t<div class=\"elementor-column elementor-col-50 elementor-top-column elementor-element elementor-element-17ce0317\" data-id=\"17ce0317\" data-element_type=\"column\" data-e-type=\"column\" data-settings=\"{&quot;background_background&quot;:&quot;classic&quot;,&quot;animation_mobile&quot;:&quot;none&quot;}\">\n\t\t\t<div class=\"elementor-widget-wrap elementor-element-populated\">\n\t\t\t\t\t\t<div class=\"elementor-element elementor-element-f17d17 elementor-widget elementor-widget-spacer\" data-id=\"f17d17\" data-element_type=\"widget\" data-e-type=\"widget\" data-widget_type=\"spacer.default\">\n\t\t\t\t\t\t\t<div class=\"elementor-spacer\">\n\t\t\t<div class=\"elementor-spacer-inner\"><\/div>\n\t\t<\/div>\n\t\t\t\t\t\t<\/div>\n\t\t\t\t\t<\/div>\n\t\t<\/div>\n\t\t\t\t\t<\/div>\n\t\t<\/section>\n\t\t<div class=\"elementor-element elementor-element-6f2816a e-flex e-con-boxed e-con e-parent\" data-id=\"6f2816a\" data-element_type=\"container\" data-e-type=\"container\">\n\t\t\t\t\t<div class=\"e-con-inner\">\n\t\t\t\t\t<\/div>\n\t\t\t\t<\/div>\n\t\t\t\t<\/div>\n\t\t","protected":false},"excerpt":{"rendered":"<p>La F\u00e9d\u00e9ration &#8211; Qui peut adh\u00e9rer ? La F\u00e9d\u00e9ration regroupe en qualit\u00e9 d\u2019organisme professionnel, les adh\u00e9rents titulaires de dipl\u00f4mes de s\u00e9curit\u00e9 aquatique, d\u2019animation, d\u2019enseignement et d\u2019encadrement des activit\u00e9s physiques et sportives, des agents de la fili\u00e8re sportive territoriale et du secteur priv\u00e9, l\u2019ensemble des professionnels des m\u00e9tiers associ\u00e9s. Les stagiaires en formation, candidats aux diff\u00e9rents&#8230;<\/p>\n","protected":false},"author":1,"featured_media":0,"parent":1015,"menu_order":6,"comment_status":"closed","ping_status":"closed","template":"","meta":{"_kad_post_transparent":"","_kad_post_title":"hide","_kad_post_layout":"fullwidth","_kad_post_sidebar_id":"","_kad_post_content_style":"unboxed","_kad_post_vertical_padding":"hide","_kad_post_feature":"hide","_kad_post_feature_position":"","_kad_post_header":false,"_kad_post_footer":false,"footnotes":""},"class_list":["post-925","page","type-page","status-publish","hentry"],"_links":{"self":[{"href":"https:\/\/website.fnmns.dev.streamlor.io\/index.php\/wp-json\/wp\/v2\/pages\/925","targetHints":{"allow":["GET"]}}],"collection":[{"href":"https:\/\/website.fnmns.dev.streamlor.io\/index.php\/wp-json\/wp\/v2\/pages"}],"about":[{"href":"https:\/\/website.fnmns.dev.streamlor.io\/index.php\/wp-json\/wp\/v2\/types\/page"}],"author":[{"embeddable":true,"href":"https:\/\/website.fnmns.dev.streamlor.io\/index.php\/wp-json\/wp\/v2\/users\/1"}],"replies":[{"embeddable":true,"href":"https:\/\/website.fnmns.dev.streamlor.io\/index.php\/wp-json\/wp\/v2\/comments?post=925"}],"version-history":[{"count":85,"href":"https:\/\/website.fnmns.dev.streamlor.io\/index.php\/wp-json\/wp\/v2\/pages\/925\/revisions"}],"predecessor-version":[{"id":3234,"href":"https:\/\/website.fnmns.dev.streamlor.io\/index.php\/wp-json\/wp\/v2\/pages\/925\/revisions\/3234"}],"up":[{"embeddable":true,"href":"https:\/\/website.fnmns.dev.streamlor.io\/index.php\/wp-json\/wp\/v2\/pages\/1015"}],"wp:attachment":[{"href":"https:\/\/website.fnmns.dev.streamlor.io\/index.php\/wp-json\/wp\/v2\/media?parent=925"}],"curies":[{"name":"wp","href":"https:\/\/api.w.org\/{rel}","templated":true}]}}