{"id":927,"date":"2026-03-12T13:39:41","date_gmt":"2026-03-12T12:39:41","guid":{"rendered":"https:\/\/website.fnmns.dev.streamlor.io\/?page_id=927"},"modified":"2026-03-25T10:05:54","modified_gmt":"2026-03-25T09:05:54","slug":"nos-formules-dhadesion","status":"publish","type":"page","link":"https:\/\/website.fnmns.dev.streamlor.io\/index.php\/la-federation\/nos-formules-dhadesion\/","title":{"rendered":"Nos formules d&rsquo;adh\u00e9sion"},"content":{"rendered":"\t\t<div data-elementor-type=\"wp-page\" data-elementor-id=\"927\" class=\"elementor elementor-927\" data-elementor-post-type=\"page\">\n\t\t\t\t\t\t<section class=\"elementor-section elementor-top-section elementor-element elementor-element-1f3b068a elementor-section-boxed elementor-section-height-default elementor-section-height-default\" data-id=\"1f3b068a\" data-element_type=\"section\" data-e-type=\"section\">\n\t\t\t\t\t\t<div class=\"elementor-container elementor-column-gap-wider\">\n\t\t\t\t\t<div class=\"elementor-column elementor-col-100 elementor-top-column elementor-element elementor-element-192403cd\" data-id=\"192403cd\" data-element_type=\"column\" data-e-type=\"column\">\n\t\t\t<div class=\"elementor-widget-wrap elementor-element-populated\">\n\t\t\t\t\t\t<div class=\"elementor-element elementor-element-2a2e990c elementor-widget elementor-widget-heading\" data-id=\"2a2e990c\" data-element_type=\"widget\" data-e-type=\"widget\" data-widget_type=\"heading.default\">\n\t\t\t\t\t<h1 class=\"elementor-heading-title elementor-size-default\">La F\u00e9d\u00e9ration - Nos formules d'adh\u00e9sion<\/h1>\t\t\t\t<\/div>\n\t\t\t\t<div class=\"elementor-element elementor-element-79f0048e elementor-widget-divider--view-line elementor-widget elementor-widget-divider\" data-id=\"79f0048e\" data-element_type=\"widget\" data-e-type=\"widget\" data-widget_type=\"divider.default\">\n\t\t\t\t\t\t\t<div class=\"elementor-divider\">\n\t\t\t<span class=\"elementor-divider-separator\">\n\t\t\t\t\t\t<\/span>\n\t\t<\/div>\n\t\t\t\t\t\t<\/div>\n\t\t\t\t\t<\/div>\n\t\t<\/div>\n\t\t\t\t\t<\/div>\n\t\t<\/section>\n\t\t<div class=\"elementor-element elementor-element-598c01d e-flex e-con-boxed e-con e-parent\" data-id=\"598c01d\" data-element_type=\"container\" data-e-type=\"container\">\n\t\t\t\t\t<div class=\"e-con-inner\">\n\t\t<div class=\"elementor-element elementor-element-e3b355f e-con-full e-flex e-con e-child\" data-id=\"e3b355f\" data-element_type=\"container\" data-e-type=\"container\">\n\t\t\t\t<div class=\"elementor-element elementor-element-1d8aa42a elementor-widget elementor-widget-text-editor\" data-id=\"1d8aa42a\" data-element_type=\"widget\" data-e-type=\"widget\" data-widget_type=\"text-editor.default\">\n\t\t\t\t\t\t\t\t\t<p><strong>Vous \u00eates :<\/strong><\/p><ul><li>\u00c9ducateur Sportif<\/li><li>\u00c9ducateur Territorial des APS<\/li><li>BEESAN<\/li><li>MNS<\/li><li>BPJEPS<\/li><li>BNSSA<\/li><li>Chef d&rsquo;\u00e9tablissement<\/li><li>Ind\u00e9pendant ou Agent salari\u00e9 aupr\u00e8s d&rsquo;un service des sports, d&rsquo;une structure priv\u00e9e<\/li><\/ul>\t\t\t\t\t\t\t\t<\/div>\n\t\t\t\t<\/div>\n\t\t<div class=\"elementor-element elementor-element-24fa366 e-con-full e-flex e-con e-child\" data-id=\"24fa366\" data-element_type=\"container\" data-e-type=\"container\">\n\t\t\t\t<div class=\"elementor-element elementor-element-f775069 elementor-widget elementor-widget-text-editor\" data-id=\"f775069\" data-element_type=\"widget\" data-e-type=\"widget\" data-widget_type=\"text-editor.default\">\n\t\t\t\t\t\t\t\t\t<h2 style=\"text-align: center;\"><span style=\"color: #993366;\"><span style=\"color: #000000;\">\u00c0 PARTIR DE<\/span> <strong>65\u20ac<\/strong>*<\/span><\/h2><p style=\"text-align: center;\"><span style=\"color: #993366;\"><em><br \/><span style=\"color: #000000;\">*Retrouvez nos tarifs et notre BULLETIN d&rsquo;ADH\u00c9SION, cliquez<\/span> <strong><a style=\"color: #993366;\" href=\"https:\/\/website.fnmns.dev.streamlor.io\/wp-content\/uploads\/2026\/03\/adhesion-formulaire.pdf\">Adh\u00e9rer \u00e0 la FNMNS.<\/a><\/strong><\/em><\/span><\/p>\t\t\t\t\t\t\t\t<\/div>\n\t\t\t\t<\/div>\n\t\t\t\t\t<\/div>\n\t\t\t\t<\/div>\n\t\t<div class=\"elementor-element elementor-element-d50916d e-flex e-con-boxed e-con e-parent\" data-id=\"d50916d\" data-element_type=\"container\" data-e-type=\"container\">\n\t\t\t\t\t<div class=\"e-con-inner\">\n\t\t\t\t<div class=\"elementor-element elementor-element-e20226e elementor-widget elementor-widget-heading\" data-id=\"e20226e\" data-element_type=\"widget\" data-e-type=\"widget\" data-widget_type=\"heading.default\">\n\t\t\t\t\t<h2 class=\"elementor-heading-title elementor-size-default\">L\u2019essentiel de l\u2019assurance FNMNS<\/h2>\t\t\t\t<\/div>\n\t\t\t\t\t<\/div>\n\t\t\t\t<\/div>\n\t\t<div class=\"elementor-element elementor-element-28b0a55 e-flex e-con-boxed e-con e-parent\" data-id=\"28b0a55\" data-element_type=\"container\" data-e-type=\"container\">\n\t\t\t\t\t<div class=\"e-con-inner\">\n\t\t<div class=\"elementor-element elementor-element-5cd463c e-con-full e-flex e-con e-child\" data-id=\"5cd463c\" data-element_type=\"container\" data-e-type=\"container\">\n\t\t\t\t<div class=\"elementor-element elementor-element-dc7399c elementor-widget elementor-widget-text-editor\" data-id=\"dc7399c\" data-element_type=\"widget\" data-e-type=\"widget\" data-widget_type=\"text-editor.default\">\n\t\t\t\t\t\t\t\t\t<p><br \/>Pour d\u00e9fendre au mieux vos int\u00e9r\u00eats personnels et professionnels, la FNMNS a n\u00e9goci\u00e9 avec SMACL Assurances une offre d&rsquo;assurance globale (n\u00b0 soci\u00e9taire 103913\/Z) comprenant :<\/p><ul><li>Une responsabilit\u00e9 civile professionnelle personnelle<\/li><li>Une d\u00e9fense p\u00e9nale professionnelle et personnelle.<\/li><li>Une information juridique.<\/li><li>En option \u00e0 votre demande, une garantie pour votre mat\u00e9riel professionnel (voir document en annexe)<\/li><\/ul><p>Pour + d\u2019infos, contactez la FNMNS au <strong>03 83 18 87 57<br \/><\/strong><br \/>Votre adh\u00e9sion \u00e0 la FNMNS est d\u00e9ductible de vos imp\u00f4ts \u00e0 concurrence de 66 %.<br \/><span style=\"color: #993366;\"><em>Exemple : une cotisation de 65 \u20ac vous revient \u00e0 22.10\u20ac par an, soit 1.84\u20ac par mois.<\/em><\/span><\/p>\t\t\t\t\t\t\t\t<\/div>\n\t\t\t\t<\/div>\n\t\t<div class=\"elementor-element elementor-element-d1f6ad1 e-con-full e-flex e-con e-child\" data-id=\"d1f6ad1\" data-element_type=\"container\" data-e-type=\"container\">\n\t\t\t\t<div class=\"elementor-element elementor-element-e760a64 elementor-widget elementor-widget-image\" data-id=\"e760a64\" data-element_type=\"widget\" data-e-type=\"widget\" data-widget_type=\"image.default\">\n\t\t\t\t\t\t\t\t\t\t\t\t<figure class=\"wp-caption\">\n\t\t\t\t\t\t\t\t\t\t\t<a href=\"https:\/\/website.fnmns.dev.streamlor.io\/wp-content\/uploads\/2026\/03\/formules-adhesion.png\" data-elementor-open-lightbox=\"yes\" data-elementor-lightbox-title=\"formules adhesion\" data-e-action-hash=\"#elementor-action%3Aaction%3Dlightbox%26settings%3DeyJpZCI6MTI4MiwidXJsIjoiaHR0cHM6XC9cL3dlYnNpdGUuZm5tbnMuZGV2LnN0cmVhbWxvci5pb1wvd3AtY29udGVudFwvdXBsb2Fkc1wvMjAyNlwvMDNcL2Zvcm11bGVzLWFkaGVzaW9uLnBuZyJ9\">\n\t\t\t\t\t\t\t<img fetchpriority=\"high\" decoding=\"async\" width=\"1017\" height=\"1398\" src=\"https:\/\/website.fnmns.dev.streamlor.io\/wp-content\/uploads\/2026\/03\/formules-adhesion.png\" class=\"attachment-full size-full wp-image-1282\" alt=\"\" srcset=\"https:\/\/website.fnmns.dev.streamlor.io\/wp-content\/uploads\/2026\/03\/formules-adhesion.png 1017w, https:\/\/website.fnmns.dev.streamlor.io\/wp-content\/uploads\/2026\/03\/formules-adhesion-218x300.png 218w, https:\/\/website.fnmns.dev.streamlor.io\/wp-content\/uploads\/2026\/03\/formules-adhesion-745x1024.png 745w, https:\/\/website.fnmns.dev.streamlor.io\/wp-content\/uploads\/2026\/03\/formules-adhesion-768x1056.png 768w\" sizes=\"(max-width: 1017px) 100vw, 1017px\" \/>\t\t\t\t\t\t\t\t<\/a>\n\t\t\t\t\t\t\t\t\t\t\t<figcaption class=\"widget-image-caption wp-caption-text\">Cliquer pour agrandir<\/figcaption>\n\t\t\t\t\t\t\t\t\t\t<\/figure>\n\t\t\t\t\t\t\t\t\t<\/div>\n\t\t\t\t<\/div>\n\t\t\t\t\t<\/div>\n\t\t\t\t<\/div>\n\t\t\t\t<section class=\"elementor-section elementor-top-section elementor-element elementor-element-1cdef elementor-section-height-min-height elementor-reverse-mobile elementor-section-boxed elementor-section-height-default elementor-section-items-middle\" data-id=\"1cdef\" data-element_type=\"section\" data-e-type=\"section\">\n\t\t\t\t\t\t<div class=\"elementor-container elementor-column-gap-no\">\n\t\t\t\t\t<div class=\"elementor-column elementor-col-50 elementor-top-column elementor-element elementor-element-73506087\" data-id=\"73506087\" data-element_type=\"column\" data-e-type=\"column\" data-settings=\"{&quot;background_background&quot;:&quot;classic&quot;}\">\n\t\t\t<div class=\"elementor-widget-wrap elementor-element-populated\">\n\t\t\t\t\t\t<div class=\"elementor-element elementor-element-5973321c elementor-widget elementor-widget-heading\" data-id=\"5973321c\" data-element_type=\"widget\" data-e-type=\"widget\" data-settings=\"{&quot;_animation&quot;:&quot;none&quot;,&quot;_animation_mobile&quot;:&quot;none&quot;}\" data-widget_type=\"heading.default\">\n\t\t\t\t\t<h3 class=\"elementor-heading-title elementor-size-default\">COMMENT ADH\u00c9RER :<\/h3>\t\t\t\t<\/div>\n\t\t\t\t<div class=\"elementor-element elementor-element-1fb88234 elementor-widget elementor-widget-text-editor\" data-id=\"1fb88234\" data-element_type=\"widget\" data-e-type=\"widget\" data-settings=\"{&quot;_animation&quot;:&quot;none&quot;,&quot;_animation_mobile&quot;:&quot;none&quot;}\" data-widget_type=\"text-editor.default\">\n\t\t\t\t\t\t\t\t\t<ul><li>Compl\u00e9ter le bulletin d&rsquo;adh\u00e9sion que vous trouvez dans <a href=\"https:\/\/website.fnmns.dev.streamlor.io\/index.php\/la-federation\/nos-formules-dhadesion\/\" target=\"_blank\" rel=\"noopener\"><span style=\"text-decoration: underline;\">nos formules d&rsquo;adh\u00e9sion<\/span><\/a><\/li><li>L&rsquo;exp\u00e9dier par courrier ou par mail \u00e0 la FNMNS\u00a0 <span style=\"text-decoration: underline;\"><a href=\"mailto:contact@fnmns.org\">contact@fnmns.org<\/a><\/span><\/li><li>payer en ligne, \u00e0 partir de la <a href=\"https:\/\/website.fnmns.dev.streamlor.io\/index.php\/boutique\/\"><span style=\"text-decoration: underline;\">BOUTIQUE<\/span><\/a><\/li><\/ul><p><span style=\"color: #ff0000;\">ATTENTION : l\u2019assur\u00e9 ne doit pas contracter personnellement de frais, provisions ou honoraires aupr\u00e8s d\u2019avocats ou huissiers sans l\u2019accord de prise en charge. Il faut contacter la FNMNS en cas de probl\u00e8me.<\/span><\/p>\t\t\t\t\t\t\t\t<\/div>\n\t\t\t\t\t<\/div>\n\t\t<\/div>\n\t\t\t\t<div class=\"elementor-column elementor-col-50 elementor-top-column elementor-element elementor-element-44fee038\" data-id=\"44fee038\" data-element_type=\"column\" data-e-type=\"column\" data-settings=\"{&quot;background_background&quot;:&quot;classic&quot;,&quot;animation_mobile&quot;:&quot;none&quot;}\">\n\t\t\t<div class=\"elementor-widget-wrap elementor-element-populated\">\n\t\t\t\t\t\t<div class=\"elementor-element elementor-element-399e44b6 elementor-widget elementor-widget-spacer\" data-id=\"399e44b6\" data-element_type=\"widget\" data-e-type=\"widget\" data-widget_type=\"spacer.default\">\n\t\t\t\t\t\t\t<div class=\"elementor-spacer\">\n\t\t\t<div class=\"elementor-spacer-inner\"><\/div>\n\t\t<\/div>\n\t\t\t\t\t\t<\/div>\n\t\t\t\t\t<\/div>\n\t\t<\/div>\n\t\t\t\t\t<\/div>\n\t\t<\/section>\n\t\t<div class=\"elementor-element elementor-element-1b7386c e-flex e-con-boxed e-con e-parent\" data-id=\"1b7386c\" data-element_type=\"container\" data-e-type=\"container\">\n\t\t\t\t\t<div class=\"e-con-inner\">\n\t\t\t\t\t<\/div>\n\t\t\t\t<\/div>\n\t\t\t\t<\/div>\n\t\t","protected":false},"excerpt":{"rendered":"<p>La F\u00e9d\u00e9ration &#8211; Nos formules d&rsquo;adh\u00e9sion Vous \u00eates : \u00c9ducateur Sportif \u00c9ducateur Territorial des APS BEESAN MNS BPJEPS BNSSA Chef d&rsquo;\u00e9tablissement Ind\u00e9pendant ou Agent salari\u00e9 aupr\u00e8s d&rsquo;un service des sports, d&rsquo;une structure priv\u00e9e \u00c0 PARTIR DE 65\u20ac* *Retrouvez nos tarifs et notre BULLETIN d&rsquo;ADH\u00c9SION, cliquez Adh\u00e9rer \u00e0 la FNMNS. L\u2019essentiel de l\u2019assurance FNMNS Pour d\u00e9fendre&#8230;<\/p>\n","protected":false},"author":1,"featured_media":0,"parent":1015,"menu_order":7,"comment_status":"closed","ping_status":"closed","template":"","meta":{"_kad_post_transparent":"","_kad_post_title":"hide","_kad_post_layout":"fullwidth","_kad_post_sidebar_id":"","_kad_post_content_style":"unboxed","_kad_post_vertical_padding":"hide","_kad_post_feature":"hide","_kad_post_feature_position":"","_kad_post_header":false,"_kad_post_footer":false,"footnotes":""},"class_list":["post-927","page","type-page","status-publish","hentry"],"_links":{"self":[{"href":"https:\/\/website.fnmns.dev.streamlor.io\/index.php\/wp-json\/wp\/v2\/pages\/927","targetHints":{"allow":["GET"]}}],"collection":[{"href":"https:\/\/website.fnmns.dev.streamlor.io\/index.php\/wp-json\/wp\/v2\/pages"}],"about":[{"href":"https:\/\/website.fnmns.dev.streamlor.io\/index.php\/wp-json\/wp\/v2\/types\/page"}],"author":[{"embeddable":true,"href":"https:\/\/website.fnmns.dev.streamlor.io\/index.php\/wp-json\/wp\/v2\/users\/1"}],"replies":[{"embeddable":true,"href":"https:\/\/website.fnmns.dev.streamlor.io\/index.php\/wp-json\/wp\/v2\/comments?post=927"}],"version-history":[{"count":95,"href":"https:\/\/website.fnmns.dev.streamlor.io\/index.php\/wp-json\/wp\/v2\/pages\/927\/revisions"}],"predecessor-version":[{"id":3333,"href":"https:\/\/website.fnmns.dev.streamlor.io\/index.php\/wp-json\/wp\/v2\/pages\/927\/revisions\/3333"}],"up":[{"embeddable":true,"href":"https:\/\/website.fnmns.dev.streamlor.io\/index.php\/wp-json\/wp\/v2\/pages\/1015"}],"wp:attachment":[{"href":"https:\/\/website.fnmns.dev.streamlor.io\/index.php\/wp-json\/wp\/v2\/media?parent=927"}],"curies":[{"name":"wp","href":"https:\/\/api.w.org\/{rel}","templated":true}]}}