{"id":930,"date":"2026-03-12T13:40:05","date_gmt":"2026-03-12T12:40:05","guid":{"rendered":"https:\/\/website.fnmns.dev.streamlor.io\/?page_id=930"},"modified":"2026-03-25T13:59:57","modified_gmt":"2026-03-25T12:59:57","slug":"conseils-federaux-regionaux","status":"publish","type":"page","link":"https:\/\/website.fnmns.dev.streamlor.io\/index.php\/la-federation\/conseils-federaux-regionaux\/","title":{"rendered":"Conseils f\u00e9d\u00e9raux R\u00e9gionaux"},"content":{"rendered":"\t\t<div data-elementor-type=\"wp-page\" data-elementor-id=\"930\" class=\"elementor elementor-930\" data-elementor-post-type=\"page\">\n\t\t\t\t\t\t<section class=\"elementor-section elementor-top-section elementor-element elementor-element-2e9d8f33 elementor-section-boxed elementor-section-height-default elementor-section-height-default\" data-id=\"2e9d8f33\" data-element_type=\"section\" data-e-type=\"section\">\n\t\t\t\t\t\t<div class=\"elementor-container elementor-column-gap-wider\">\n\t\t\t\t\t<div class=\"elementor-column elementor-col-100 elementor-top-column elementor-element elementor-element-171e49d4\" data-id=\"171e49d4\" data-element_type=\"column\" data-e-type=\"column\">\n\t\t\t<div class=\"elementor-widget-wrap elementor-element-populated\">\n\t\t\t\t\t\t<div class=\"elementor-element elementor-element-793812e elementor-widget elementor-widget-heading\" data-id=\"793812e\" data-element_type=\"widget\" data-e-type=\"widget\" data-widget_type=\"heading.default\">\n\t\t\t\t\t<h1 class=\"elementor-heading-title elementor-size-default\">La F\u00e9d\u00e9ration - Conseils F\u00e9d\u00e9raux R\u00e9gionaux<\/h1>\t\t\t\t<\/div>\n\t\t\t\t<div class=\"elementor-element elementor-element-8750257 elementor-widget-divider--view-line elementor-widget elementor-widget-divider\" data-id=\"8750257\" data-element_type=\"widget\" data-e-type=\"widget\" data-widget_type=\"divider.default\">\n\t\t\t\t\t\t\t<div class=\"elementor-divider\">\n\t\t\t<span class=\"elementor-divider-separator\">\n\t\t\t\t\t\t<\/span>\n\t\t<\/div>\n\t\t\t\t\t\t<\/div>\n\t\t\t\t\t<\/div>\n\t\t<\/div>\n\t\t\t\t\t<\/div>\n\t\t<\/section>\n\t\t<div class=\"elementor-element elementor-element-72020955 e-flex e-con-boxed e-con e-parent\" data-id=\"72020955\" data-element_type=\"container\" data-e-type=\"container\">\n\t\t\t\t\t<div class=\"e-con-inner\">\n\t\t\t\t<div class=\"elementor-element elementor-element-34a4e642 elementor-widget elementor-widget-image\" data-id=\"34a4e642\" data-element_type=\"widget\" data-e-type=\"widget\" data-widget_type=\"image.default\">\n\t\t\t\t\t\t\t\t\t\t\t\t\t\t\t<img fetchpriority=\"high\" decoding=\"async\" width=\"500\" height=\"165\" src=\"https:\/\/website.fnmns.dev.streamlor.io\/wp-content\/uploads\/2026\/03\/presentation-1-1.jpeg\" class=\"attachment-large size-large wp-image-1266\" alt=\"\" srcset=\"https:\/\/website.fnmns.dev.streamlor.io\/wp-content\/uploads\/2026\/03\/presentation-1-1.jpeg 500w, https:\/\/website.fnmns.dev.streamlor.io\/wp-content\/uploads\/2026\/03\/presentation-1-1-300x99.jpeg 300w\" sizes=\"(max-width: 500px) 100vw, 500px\" \/>\t\t\t\t\t\t\t\t\t\t\t\t\t\t\t<\/div>\n\t\t\t\t<div class=\"elementor-element elementor-element-243cbc66 elementor-widget elementor-widget-text-editor\" data-id=\"243cbc66\" data-element_type=\"widget\" data-e-type=\"widget\" data-widget_type=\"text-editor.default\">\n\t\t\t\t\t\t\t\t\t<p>L\u2019organisation de la repr\u00e9sentativit\u00e9 de la FNMNS est R\u00e9gionale.<\/p><p>Les R\u00e9gions de France et des DOMTOM sont constitu\u00e9es de Conseils F\u00e9d\u00e9raux Territoriaux et R\u00e9gionaux qui :<\/p><ul><li>Mettent en \u0153uvre la politique d\u00e9cid\u00e9e par le Bureau Ex\u00e9cutif et le Conseil F\u00e9d\u00e9ral National<\/li><li>Coordonnent et mettent en \u0153uvre les activit\u00e9s de la f\u00e9d\u00e9ration sur le plan r\u00e9gional.<\/li><li>Se conforment aux directives et buts poursuivis par le Bureau Ex\u00e9cutif et le Conseil F\u00e9d\u00e9ral National.<\/li><\/ul><p>Vous aussi vous pouvez devenir \u00e9lu au sein de la FNMNS et participer activement au fonctionnement f\u00e9d\u00e9ral, contactez le si\u00e8ge<\/p>\t\t\t\t\t\t\t\t<\/div>\n\t\t\t\t<div class=\"elementor-element elementor-element-167a83c elementor-widget elementor-widget-heading\" data-id=\"167a83c\" data-element_type=\"widget\" data-e-type=\"widget\" data-widget_type=\"heading.default\">\n\t\t\t\t\t<h2 class=\"elementor-heading-title elementor-size-default\">Les Conseillers F\u00e9d\u00e9raux Territoriaux et R\u00e9gionaux<\/h2>\t\t\t\t<\/div>\n\t\t\t\t<div class=\"elementor-element elementor-element-3d817f5 elementor-widget elementor-widget-text-editor\" data-id=\"3d817f5\" data-element_type=\"widget\" data-e-type=\"widget\" data-widget_type=\"text-editor.default\">\n\t\t\t\t\t\t\t\t\t<p>Les conseillers f\u00e9d\u00e9raux r\u00e9gionaux doivent assurer \u00e0 leurs niveaux, la coordination, d\u2019une part avec les adh\u00e9rents et d\u2019autre part entre la F\u00e9d\u00e9ration et les organismes administratifs ou institutions r\u00e9gionales.<br \/><br \/>Le Pr\u00e9sident R\u00e9gional est responsable de la conduite \u00e0 bon terme au niveau de sa r\u00e9gion, du plan d\u2019action \u00e9tabli par le Conseil F\u00e9d\u00e9ral National et de toutes les structures f\u00e9d\u00e9rales s\u2019y rattachant (Centre R\u00e9gionaux de Formation, D\u00e9l\u00e9gations et Antennes dispensant des formations).<\/p>\t\t\t\t\t\t\t\t<\/div>\n\t\t\t\t\t<\/div>\n\t\t\t\t<\/div>\n\t\t<div class=\"elementor-element elementor-element-3a00ea5 e-flex e-con-boxed e-con e-parent\" data-id=\"3a00ea5\" data-element_type=\"container\" data-e-type=\"container\">\n\t\t\t\t\t<div class=\"e-con-inner\">\n\t\t\t\t\t<\/div>\n\t\t\t\t<\/div>\n\t\t<div class=\"elementor-element elementor-element-c938fdf e-flex e-con-boxed e-con e-parent\" data-id=\"c938fdf\" data-element_type=\"container\" data-e-type=\"container\">\n\t\t\t\t\t<div class=\"e-con-inner\">\n\t\t\t\t\t<\/div>\n\t\t\t\t<\/div>\n\t\t\t\t<\/div>\n\t\t","protected":false},"excerpt":{"rendered":"<p>La F\u00e9d\u00e9ration &#8211; Conseils F\u00e9d\u00e9raux R\u00e9gionaux L\u2019organisation de la repr\u00e9sentativit\u00e9 de la FNMNS est R\u00e9gionale. Les R\u00e9gions de France et des DOMTOM sont constitu\u00e9es de Conseils F\u00e9d\u00e9raux Territoriaux et R\u00e9gionaux qui : Mettent en \u0153uvre la politique d\u00e9cid\u00e9e par le Bureau Ex\u00e9cutif et le Conseil F\u00e9d\u00e9ral National Coordonnent et mettent en \u0153uvre les activit\u00e9s de&#8230;<\/p>\n","protected":false},"author":1,"featured_media":0,"parent":1015,"menu_order":9,"comment_status":"closed","ping_status":"closed","template":"","meta":{"_kad_post_transparent":"","_kad_post_title":"hide","_kad_post_layout":"fullwidth","_kad_post_sidebar_id":"","_kad_post_content_style":"unboxed","_kad_post_vertical_padding":"hide","_kad_post_feature":"hide","_kad_post_feature_position":"","_kad_post_header":false,"_kad_post_footer":false,"footnotes":""},"class_list":["post-930","page","type-page","status-publish","hentry"],"_links":{"self":[{"href":"https:\/\/website.fnmns.dev.streamlor.io\/index.php\/wp-json\/wp\/v2\/pages\/930","targetHints":{"allow":["GET"]}}],"collection":[{"href":"https:\/\/website.fnmns.dev.streamlor.io\/index.php\/wp-json\/wp\/v2\/pages"}],"about":[{"href":"https:\/\/website.fnmns.dev.streamlor.io\/index.php\/wp-json\/wp\/v2\/types\/page"}],"author":[{"embeddable":true,"href":"https:\/\/website.fnmns.dev.streamlor.io\/index.php\/wp-json\/wp\/v2\/users\/1"}],"replies":[{"embeddable":true,"href":"https:\/\/website.fnmns.dev.streamlor.io\/index.php\/wp-json\/wp\/v2\/comments?post=930"}],"version-history":[{"count":22,"href":"https:\/\/website.fnmns.dev.streamlor.io\/index.php\/wp-json\/wp\/v2\/pages\/930\/revisions"}],"predecessor-version":[{"id":4402,"href":"https:\/\/website.fnmns.dev.streamlor.io\/index.php\/wp-json\/wp\/v2\/pages\/930\/revisions\/4402"}],"up":[{"embeddable":true,"href":"https:\/\/website.fnmns.dev.streamlor.io\/index.php\/wp-json\/wp\/v2\/pages\/1015"}],"wp:attachment":[{"href":"https:\/\/website.fnmns.dev.streamlor.io\/index.php\/wp-json\/wp\/v2\/media?parent=930"}],"curies":[{"name":"wp","href":"https:\/\/api.w.org\/{rel}","templated":true}]}}