{"id":940,"date":"2026-03-12T13:43:01","date_gmt":"2026-03-12T12:43:01","guid":{"rendered":"https:\/\/website.fnmns.dev.streamlor.io\/?page_id=940"},"modified":"2026-03-25T11:32:26","modified_gmt":"2026-03-25T10:32:26","slug":"centre-national-de-formation","status":"publish","type":"page","link":"https:\/\/website.fnmns.dev.streamlor.io\/index.php\/formations\/centre-national-de-formation\/","title":{"rendered":"Centre National de Formation"},"content":{"rendered":"\t\t<div data-elementor-type=\"wp-page\" data-elementor-id=\"940\" class=\"elementor elementor-940\" data-elementor-post-type=\"page\">\n\t\t\t\t\t\t<section class=\"elementor-section elementor-top-section elementor-element elementor-element-43a5d934 elementor-section-boxed elementor-section-height-default elementor-section-height-default\" data-id=\"43a5d934\" data-element_type=\"section\" data-e-type=\"section\">\n\t\t\t\t\t\t<div class=\"elementor-container elementor-column-gap-wider\">\n\t\t\t\t\t<div class=\"elementor-column elementor-col-100 elementor-top-column elementor-element elementor-element-7dbcbcf6\" data-id=\"7dbcbcf6\" data-element_type=\"column\" data-e-type=\"column\">\n\t\t\t<div class=\"elementor-widget-wrap elementor-element-populated\">\n\t\t\t\t\t\t<div class=\"elementor-element elementor-element-123debb elementor-widget elementor-widget-heading\" data-id=\"123debb\" data-element_type=\"widget\" data-e-type=\"widget\" data-widget_type=\"heading.default\">\n\t\t\t\t\t<h1 class=\"elementor-heading-title elementor-size-default\">Formation - Centre National de Formation<\/h1>\t\t\t\t<\/div>\n\t\t\t\t<div class=\"elementor-element elementor-element-62657bf8 elementor-widget-divider--view-line elementor-widget elementor-widget-divider\" data-id=\"62657bf8\" data-element_type=\"widget\" data-e-type=\"widget\" data-widget_type=\"divider.default\">\n\t\t\t\t\t\t\t<div class=\"elementor-divider\">\n\t\t\t<span class=\"elementor-divider-separator\">\n\t\t\t\t\t\t<\/span>\n\t\t<\/div>\n\t\t\t\t\t\t<\/div>\n\t\t\t\t\t<\/div>\n\t\t<\/div>\n\t\t\t\t\t<\/div>\n\t\t<\/section>\n\t\t<div class=\"elementor-element elementor-element-99f0701 e-flex e-con-boxed e-con e-parent\" data-id=\"99f0701\" data-element_type=\"container\" data-e-type=\"container\">\n\t\t\t\t\t<div class=\"e-con-inner\">\n\t\t<div class=\"elementor-element elementor-element-16d3bfd e-con-full e-flex e-con e-child\" data-id=\"16d3bfd\" data-element_type=\"container\" data-e-type=\"container\">\n\t\t<div class=\"elementor-element elementor-element-82ab651 e-con-full e-flex e-con e-child\" data-id=\"82ab651\" data-element_type=\"container\" data-e-type=\"container\">\n\t\t\t\t<div class=\"elementor-element elementor-element-d00544b elementor-widget elementor-widget-image\" data-id=\"d00544b\" data-element_type=\"widget\" data-e-type=\"widget\" data-widget_type=\"image.default\">\n\t\t\t\t\t\t\t\t\t\t\t\t\t\t\t<img decoding=\"async\" width=\"198\" height=\"106\" src=\"https:\/\/website.fnmns.dev.streamlor.io\/wp-content\/uploads\/2026\/03\/qualiopis.png\" class=\"attachment-large size-large wp-image-1293\" alt=\"\" \/>\t\t\t\t\t\t\t\t\t\t\t\t\t\t\t<\/div>\n\t\t\t\t<\/div>\n\t\t<div class=\"elementor-element elementor-element-7fcd522 e-con-full e-flex e-con e-child\" data-id=\"7fcd522\" data-element_type=\"container\" data-e-type=\"container\">\n\t\t\t\t<div class=\"elementor-element elementor-element-514bb4c elementor-widget elementor-widget-text-editor\" data-id=\"514bb4c\" data-element_type=\"widget\" data-e-type=\"widget\" data-widget_type=\"text-editor.default\">\n\t\t\t\t\t\t\t\t\t<p>Le Centre National de Formation est charg\u00e9 d\u2019assurer sur tout le territoire national des formations en relation avec les m\u00e9tiers de la natation et du sport.<\/p><p>Le CNF se charge \u00e9galement :<\/p><ul><li>D&rsquo;entretenir les conditions d&rsquo;agr\u00e9ments permettant de d\u00e9livrer des formations de s\u00e9curit\u00e9 civile,<\/li><li>D&rsquo;entretenir les conditions d&rsquo;habilitations pour la d\u00e9livrance des formations de sauveteur secouriste du travail.<\/li><li>De faciliter les actions de formation conduites par les Centres Territoriaux, d\u00e9partementaux et Antennes.<\/li><li>D&rsquo;assurer la formation des cadres f\u00e9d\u00e9raux.<\/li><li>Inscription sur dossier t\u00e9l\u00e9chargeable, traitement sous huit jours.<\/li><\/ul><p>Catalogue des formations du CNF : <a href=\"https:\/\/website.fnmns.dev.streamlor.io\/index.php\/2026\/03\/24\/catalogue-des-formations-du-cnf\/\"><span style=\"color: #ff0000;\"><span style=\"color: #008fb0;\">https:\/\/www.fnmns.com\/documentation\/catalogue-des-formations-du-cnf<\/span><\/span><\/a><\/p><p>Notre certification qualiopi ICERT<\/p>\t\t\t\t\t\t\t\t<\/div>\n\t\t\t\t<div class=\"elementor-element elementor-element-1627a00 elementor-widget elementor-widget-image\" data-id=\"1627a00\" data-element_type=\"widget\" data-e-type=\"widget\" data-widget_type=\"image.default\">\n\t\t\t\t\t\t\t\t\t\t\t\t<figure class=\"wp-caption\">\n\t\t\t\t\t\t\t\t\t\t\t<a href=\"https:\/\/website.fnmns.dev.streamlor.io\/wp-content\/uploads\/2026\/03\/thumb_636_default_medium.jpeg\" data-elementor-open-lightbox=\"yes\" data-elementor-lightbox-title=\"Voir le certificat\" data-e-action-hash=\"#elementor-action%3Aaction%3Dlightbox%26settings%3DeyJpZCI6MTI5NCwidXJsIjoiaHR0cHM6XC9cL3dlYnNpdGUuZm5tbnMuZGV2LnN0cmVhbWxvci5pb1wvd3AtY29udGVudFwvdXBsb2Fkc1wvMjAyNlwvMDNcL3RodW1iXzYzNl9kZWZhdWx0X21lZGl1bS5qcGVnIn0%3D\">\n\t\t\t\t\t\t\t<img decoding=\"async\" width=\"200\" height=\"141\" src=\"https:\/\/website.fnmns.dev.streamlor.io\/wp-content\/uploads\/2026\/03\/thumb_636_default_medium.jpeg\" class=\"attachment-full size-full wp-image-1294\" alt=\"\" \/>\t\t\t\t\t\t\t\t<\/a>\n\t\t\t\t\t\t\t\t\t\t\t<figcaption class=\"widget-image-caption wp-caption-text\">Cliquer pour agrandir<\/figcaption>\n\t\t\t\t\t\t\t\t\t\t<\/figure>\n\t\t\t\t\t\t\t\t\t<\/div>\n\t\t\t\t<\/div>\n\t\t\t\t<\/div>\n\t\t\t\t<div class=\"elementor-element elementor-element-d5ec7ec elementor-widget-divider--view-line elementor-widget elementor-widget-divider\" data-id=\"d5ec7ec\" data-element_type=\"widget\" data-e-type=\"widget\" data-widget_type=\"divider.default\">\n\t\t\t\t\t\t\t<div class=\"elementor-divider\">\n\t\t\t<span class=\"elementor-divider-separator\">\n\t\t\t\t\t\t<\/span>\n\t\t<\/div>\n\t\t\t\t\t\t<\/div>\n\t\t\t\t\t<\/div>\n\t\t\t\t<\/div>\n\t\t<div class=\"elementor-element elementor-element-7ae1785 e-flex e-con-boxed e-con e-parent\" data-id=\"7ae1785\" data-element_type=\"container\" data-e-type=\"container\">\n\t\t\t\t\t<div class=\"e-con-inner\">\n\t\t\t\t<div class=\"elementor-element elementor-element-5108b91 elementor-widget elementor-widget-heading\" data-id=\"5108b91\" data-element_type=\"widget\" data-e-type=\"widget\" data-widget_type=\"heading.default\">\n\t\t\t\t\t<h2 class=\"elementor-heading-title elementor-size-default\">Notre taux de satisfaction pour les participants \u00e0 nos formations :<\/h2>\t\t\t\t<\/div>\n\t\t\t\t<div class=\"elementor-element elementor-element-cab25b7 elementor-widget elementor-widget-responsive_table\" data-id=\"cab25b7\" data-element_type=\"widget\" data-e-type=\"widget\" data-widget_type=\"responsive_table.default\">\n\t\t\t\t<div class=\"elementor-widget-container\">\n\t\t\t\t\t<div class=\"ert-responsive-table-wrapper\"><h3 class=\"ert-table-title\">Ann\u00e9e 2023 (sur toutes nos formations)<\/h3><div class=\"ert-table-container\"><table class=\"ert-table ert-borders\"><thead><tr class=\"ert-title-row\"><th scope=\"col\">Taux de r\u00e9ussite <\/th><th scope=\"col\">Taux de Satisfaction<\/th><th scope=\"col\">Nombre d\u2019absents<\/th><\/tr><\/thead><tbody><tr><th scope=\"row\" data-label=\"Taux de r\u00e9ussite \">86%<\/th><td data-label=\"Taux de Satisfaction\">14%<\/td><td data-label=\"Nombre d\u2019absents\">0<\/td><\/tr><\/tbody><\/table><\/div><\/div>\t\t\t\t<\/div>\n\t\t\t\t<\/div>\n\t\t\t\t<div class=\"elementor-element elementor-element-7b0925f elementor-widget elementor-widget-text-editor\" data-id=\"7b0925f\" data-element_type=\"widget\" data-e-type=\"widget\" data-widget_type=\"text-editor.default\">\n\t\t\t\t\t\t\t\t\t<p style=\"text-align: center;\">Taux d&rsquo;accomplissement\u00a02023\u00a0: <span style=\"color: #008fb0;\"><strong>100%<\/strong><\/span><\/p>\t\t\t\t\t\t\t\t<\/div>\n\t\t\t\t<div class=\"elementor-element elementor-element-b55fbcb elementor-widget-divider--view-line elementor-widget elementor-widget-divider\" data-id=\"b55fbcb\" data-element_type=\"widget\" data-e-type=\"widget\" data-widget_type=\"divider.default\">\n\t\t\t\t\t\t\t<div class=\"elementor-divider\">\n\t\t\t<span class=\"elementor-divider-separator\">\n\t\t\t\t\t\t<\/span>\n\t\t<\/div>\n\t\t\t\t\t\t<\/div>\n\t\t\t\t\t<\/div>\n\t\t\t\t<\/div>\n\t\t<div class=\"elementor-element elementor-element-27f73d3 e-flex e-con-boxed e-con e-parent\" data-id=\"27f73d3\" data-element_type=\"container\" data-e-type=\"container\">\n\t\t\t\t\t<div class=\"e-con-inner\">\n\t\t\t\t<div class=\"elementor-element elementor-element-612514d elementor-widget elementor-widget-heading\" data-id=\"612514d\" data-element_type=\"widget\" data-e-type=\"widget\" data-widget_type=\"heading.default\">\n\t\t\t\t\t<h2 class=\"elementor-heading-title elementor-size-default\">Notre gestion du handicap :<\/h2>\t\t\t\t<\/div>\n\t\t\t\t<div class=\"elementor-element elementor-element-1a01282 elementor-widget elementor-widget-text-editor\" data-id=\"1a01282\" data-element_type=\"widget\" data-e-type=\"widget\" data-widget_type=\"text-editor.default\">\n\t\t\t\t\t\t\t\t\t<p>Certaines formations comme le PSC1 sont facilement accessibles aux personnes sujettes \u00e0 un handicap.<\/p><p>Les formations en lien \u00e0 la s\u00e9curit\u00e9 et \u00e0 la surveillance aquatiques sont soumises \u00e0 la pr\u00e9sentation d&rsquo;un certificat m\u00e9dical norm\u00e9 par le minist\u00e8re de l&rsquo;\u00c9ducation Nationale et des Sports ou par le minist\u00e8re de l&rsquo;Int\u00e9rieur.<\/p><p>Selon l&rsquo;exigence de la formation, ces certificats m\u00e9dicaux sont disponibles dans les dossiers d&rsquo;inscriptions.<\/p><p>Le CNF peut vous apporter les renseignements et conseils n\u00e9cessaires, pour cela, il suffit de nous adresser un mail avec vos questions.<\/p><p>Vous pouvez \u00e9galement vous adresser \u00e0 la Maison D\u00e9partementale des Personnes Handicap\u00e9es (MDPH 54).<\/p><ul><li>123, rue Ernest Albert 54521 Laxou <span style=\"text-decoration: underline;\"><a href=\"https:\/\/mdphenligne.cnsa.fr\/mdph\/54\">https:\/\/mdphenligne.cnsa.fr\/mdph\/54<\/a><\/span><\/li><li>1, rue Claude Chappe 57076 Metz <span style=\"text-decoration: underline;\"><a href=\"https:\/\/mdphenligne.cnsa.fr\/mdph\/57\">https:\/\/mdphenligne.cnsa.fr\/mdph\/57<\/a><\/span><\/li><\/ul><p>Mais aussi, l&rsquo;association aide \u00e0 l&#8217;emploi personnes en situation de handicap (AGEFIPH Grand Est)<\/p><ul><li>Immeuble Joffre Saint Thiebault 13-15 Boulevard Joffre 54063 Nancy <span style=\"text-decoration: underline;\"><a href=\"https:\/\/www.agefiph.fr\/grand-est\">https:\/\/www.agefiph.fr\/grand-est<\/a><\/span><\/li><\/ul><p>Et la F\u00e9d\u00e9ration Fran\u00e7aise des DYS &#8211; 13, place de Rungis 75013 PARIS &#8211; <span style=\"text-decoration: underline;\"><a href=\"https:\/\/www.ffdys.com\/\">https:\/\/www.ffdys.com\/<\/a><\/span><\/p>\t\t\t\t\t\t\t\t<\/div>\n\t\t\t\t\t<\/div>\n\t\t\t\t<\/div>\n\t\t\t\t<\/div>\n\t\t","protected":false},"excerpt":{"rendered":"<p>Formation &#8211; Centre National de Formation Le Centre National de Formation est charg\u00e9 d\u2019assurer sur tout le territoire national des formations en relation avec les m\u00e9tiers de la natation et du sport. Le CNF se charge \u00e9galement : D&rsquo;entretenir les conditions d&rsquo;agr\u00e9ments permettant de d\u00e9livrer des formations de s\u00e9curit\u00e9 civile, D&rsquo;entretenir les conditions d&rsquo;habilitations pour&#8230;<\/p>\n","protected":false},"author":1,"featured_media":0,"parent":938,"menu_order":10,"comment_status":"closed","ping_status":"closed","template":"","meta":{"_kad_post_transparent":"","_kad_post_title":"hide","_kad_post_layout":"fullwidth","_kad_post_sidebar_id":"","_kad_post_content_style":"unboxed","_kad_post_vertical_padding":"hide","_kad_post_feature":"hide","_kad_post_feature_position":"","_kad_post_header":false,"_kad_post_footer":false,"footnotes":""},"class_list":["post-940","page","type-page","status-publish","hentry"],"_links":{"self":[{"href":"https:\/\/website.fnmns.dev.streamlor.io\/index.php\/wp-json\/wp\/v2\/pages\/940","targetHints":{"allow":["GET"]}}],"collection":[{"href":"https:\/\/website.fnmns.dev.streamlor.io\/index.php\/wp-json\/wp\/v2\/pages"}],"about":[{"href":"https:\/\/website.fnmns.dev.streamlor.io\/index.php\/wp-json\/wp\/v2\/types\/page"}],"author":[{"embeddable":true,"href":"https:\/\/website.fnmns.dev.streamlor.io\/index.php\/wp-json\/wp\/v2\/users\/1"}],"replies":[{"embeddable":true,"href":"https:\/\/website.fnmns.dev.streamlor.io\/index.php\/wp-json\/wp\/v2\/comments?post=940"}],"version-history":[{"count":85,"href":"https:\/\/website.fnmns.dev.streamlor.io\/index.php\/wp-json\/wp\/v2\/pages\/940\/revisions"}],"predecessor-version":[{"id":3622,"href":"https:\/\/website.fnmns.dev.streamlor.io\/index.php\/wp-json\/wp\/v2\/pages\/940\/revisions\/3622"}],"up":[{"embeddable":true,"href":"https:\/\/website.fnmns.dev.streamlor.io\/index.php\/wp-json\/wp\/v2\/pages\/938"}],"wp:attachment":[{"href":"https:\/\/website.fnmns.dev.streamlor.io\/index.php\/wp-json\/wp\/v2\/media?parent=940"}],"curies":[{"name":"wp","href":"https:\/\/api.w.org\/{rel}","templated":true}]}}