{"id":952,"date":"2026-03-12T13:45:41","date_gmt":"2026-03-12T12:45:41","guid":{"rendered":"https:\/\/website.fnmns.dev.streamlor.io\/?page_id=952"},"modified":"2026-03-25T12:03:18","modified_gmt":"2026-03-25T11:03:18","slug":"formations-au-secourisme","status":"publish","type":"page","link":"https:\/\/website.fnmns.dev.streamlor.io\/index.php\/formations\/formations-au-secourisme\/","title":{"rendered":"Formations au secourisme"},"content":{"rendered":"\t\t<div data-elementor-type=\"wp-page\" data-elementor-id=\"952\" class=\"elementor elementor-952\" data-elementor-post-type=\"page\">\n\t\t\t\t\t\t<section class=\"elementor-section elementor-top-section elementor-element elementor-element-3d656e88 elementor-section-boxed elementor-section-height-default elementor-section-height-default\" data-id=\"3d656e88\" data-element_type=\"section\" data-e-type=\"section\">\n\t\t\t\t\t\t<div class=\"elementor-container elementor-column-gap-wider\">\n\t\t\t\t\t<div class=\"elementor-column elementor-col-100 elementor-top-column elementor-element elementor-element-21adc52e\" data-id=\"21adc52e\" data-element_type=\"column\" data-e-type=\"column\">\n\t\t\t<div class=\"elementor-widget-wrap elementor-element-populated\">\n\t\t\t\t\t\t<div class=\"elementor-element elementor-element-3e2e6768 elementor-widget elementor-widget-heading\" data-id=\"3e2e6768\" data-element_type=\"widget\" data-e-type=\"widget\" data-widget_type=\"heading.default\">\n\t\t\t\t\t<h1 class=\"elementor-heading-title elementor-size-default\">Formations au secourisme<\/h1>\t\t\t\t<\/div>\n\t\t\t\t<div class=\"elementor-element elementor-element-67ab23f3 elementor-widget-divider--view-line elementor-widget elementor-widget-divider\" data-id=\"67ab23f3\" data-element_type=\"widget\" data-e-type=\"widget\" data-widget_type=\"divider.default\">\n\t\t\t\t\t\t\t<div class=\"elementor-divider\">\n\t\t\t<span class=\"elementor-divider-separator\">\n\t\t\t\t\t\t<\/span>\n\t\t<\/div>\n\t\t\t\t\t\t<\/div>\n\t\t\t\t\t<\/div>\n\t\t<\/div>\n\t\t\t\t\t<\/div>\n\t\t<\/section>\n\t\t<div class=\"elementor-element elementor-element-6e551404 e-flex e-con-boxed e-con e-parent\" data-id=\"6e551404\" data-element_type=\"container\" data-e-type=\"container\">\n\t\t\t\t\t<div class=\"e-con-inner\">\n\t\t<div class=\"elementor-element elementor-element-90b2429 e-con-full e-flex e-con e-child\" data-id=\"90b2429\" data-element_type=\"container\" data-e-type=\"container\">\n\t\t<div class=\"elementor-element elementor-element-69318178 e-con-full e-flex e-con e-child\" data-id=\"69318178\" data-element_type=\"container\" data-e-type=\"container\">\n\t\t\t\t<div class=\"elementor-element elementor-element-6308313d elementor-widget elementor-widget-text-editor\" data-id=\"6308313d\" data-element_type=\"widget\" data-e-type=\"widget\" data-widget_type=\"text-editor.default\">\n\t\t\t\t\t\t\t\t\t<p>Les formations au secourisme dispens\u00e9es par les centres de formation FNMNS sont :<\/p><ul><li>La formation Premiers Secours Citoyen (PSC).<\/li><li>Ainsi que les formations Premiers Secours en \u00c9quipe de niveau 1 et 2 (PSE1 et PSE2).<\/li><\/ul><p>Pour vous informer sur les diff\u00e9rentes actions de formation se d\u00e9roulant dans tous les d\u00e9partements, rendez-vous sur la rubrique \u00ab\u00a0<span style=\"text-decoration: underline;\"><a href=\"https:\/\/website.fnmns.dev.streamlor.io\/index.php\/formations\/nos-centres-de-formations\/\">nos centres de formations<\/a><\/span>\u00ab\u00a0. <br \/>Une carte de France interactive vous guidera vers les coordonn\u00e9es de nos centres et leurs sites internets.<\/p>\t\t\t\t\t\t\t\t<\/div>\n\t\t\t\t<\/div>\n\t\t\t\t<\/div>\n\t\t\t\t\t<\/div>\n\t\t\t\t<\/div>\n\t\t<div class=\"elementor-element elementor-element-7b464ebe e-flex e-con-boxed e-con e-parent\" data-id=\"7b464ebe\" data-element_type=\"container\" data-e-type=\"container\">\n\t\t\t\t\t<div class=\"e-con-inner\">\n\t\t\t\t<div class=\"elementor-element elementor-element-468bb00 elementor-widget elementor-widget-heading\" data-id=\"468bb00\" data-element_type=\"widget\" data-e-type=\"widget\" data-widget_type=\"heading.default\">\n\t\t\t\t\t<h2 class=\"elementor-heading-title elementor-size-default\">Premiers Secours Citoyen - PSC<\/h2>\t\t\t\t<\/div>\n\t\t\t\t<div class=\"elementor-element elementor-element-106e7f7 elementor-widget elementor-widget-responsive_table\" data-id=\"106e7f7\" data-element_type=\"widget\" data-e-type=\"widget\" data-widget_type=\"responsive_table.default\">\n\t\t\t\t<div class=\"elementor-widget-container\">\n\t\t\t\t\t<div class=\"ert-responsive-table-wrapper\"><h3 class=\"ert-table-title\">Ann\u00e9e 2025<\/h3><div class=\"ert-table-container\"><table class=\"ert-table ert-borders\"><thead><tr class=\"ert-title-row\"><th scope=\"col\">Taux de r\u00e9ussite<\/th><th scope=\"col\">Taux de Satisfaction<\/th><th scope=\"col\">Nombre d\u2019absents<\/th><\/tr><\/thead><tbody><tr><th scope=\"row\" data-label=\"Taux de r\u00e9ussite\">100%<\/th><td data-label=\"Taux de Satisfaction\">93%<\/td><td data-label=\"Nombre d\u2019absents\">0<\/td><\/tr><\/tbody><\/table><\/div><\/div>\t\t\t\t<\/div>\n\t\t\t\t<\/div>\n\t\t\t\t<div class=\"elementor-element elementor-element-49bd333b elementor-widget elementor-widget-text-editor\" data-id=\"49bd333b\" data-element_type=\"widget\" data-e-type=\"widget\" data-widget_type=\"text-editor.default\">\n\t\t\t\t\t\t\t\t\t<p style=\"text-align: center;\">Taux d&rsquo;accomplissement 2025 : <span style=\"color: #008fb0;\"><strong>100%<\/strong><\/span><\/p><p>La formation Premiers Secours Citoyen est dispens\u00e9e en 7h minimum et a pour objet l\u2019acquisition des savoirs et savoir-faire n\u00e9cessaires \u00e0 la bonne ex\u00e9cution des gestes destin\u00e9s \u00e0 pr\u00e9server l\u2019int\u00e9grit\u00e9 physique d\u2019une victime avant sa prise en charge par les services de secours. Elle est destin\u00e9e au Grand Public \u00e0 partir de 10 ans.<\/p><p>\u00c0 l&rsquo;issue de la formation, un certificat de comp\u00e9tences de Premiers Secours Citoyen sera remis au participant.<\/p><p>Certificateur : Minist\u00e8re de l&rsquo;Int\u00e9rieur et des outre-mer<\/p><p><span style=\"color: #ff0000;\">Contacter le CNF<\/span><br \/><span style=\"text-decoration: underline;\"><a href=\"https:\/\/website.fnmns.dev.streamlor.io\/index.php\/2026\/03\/24\/catalogue-des-formations-du-cnf\/\">T\u00e9l\u00e9charger le catalogue avec le descriptif de la formation recherch\u00e9e<\/a><\/span><\/p>\t\t\t\t\t\t\t\t<\/div>\n\t\t\t\t\t<\/div>\n\t\t\t\t<\/div>\n\t\t<div class=\"elementor-element elementor-element-0c46405 e-flex e-con-boxed e-con e-parent\" data-id=\"0c46405\" data-element_type=\"container\" data-e-type=\"container\">\n\t\t\t\t\t<div class=\"e-con-inner\">\n\t\t\t\t<div class=\"elementor-element elementor-element-e6127c9 elementor-widget elementor-widget-heading\" data-id=\"e6127c9\" data-element_type=\"widget\" data-e-type=\"widget\" data-widget_type=\"heading.default\">\n\t\t\t\t\t<h2 class=\"elementor-heading-title elementor-size-default\">Premiers Secours en Equipe de niveau 1 - PSE1<\/h2>\t\t\t\t<\/div>\n\t\t\t\t<div class=\"elementor-element elementor-element-8fe44f9 elementor-widget elementor-widget-responsive_table\" data-id=\"8fe44f9\" data-element_type=\"widget\" data-e-type=\"widget\" data-widget_type=\"responsive_table.default\">\n\t\t\t\t<div class=\"elementor-widget-container\">\n\t\t\t\t\t<div class=\"ert-responsive-table-wrapper\"><h3 class=\"ert-table-title\">Ann\u00e9e 2025<\/h3><div class=\"ert-table-container\"><table class=\"ert-table ert-borders\"><thead><tr class=\"ert-title-row\"><th scope=\"col\">Taux de r\u00e9ussite<\/th><th scope=\"col\">Taux de Satisfaction<\/th><th scope=\"col\">Nombre d\u2019absents<\/th><\/tr><\/thead><tbody><tr><th scope=\"row\" data-label=\"Taux de r\u00e9ussite\">0%<\/th><td data-label=\"Taux de Satisfaction\">0%<\/td><td data-label=\"Nombre d\u2019absents\">0<\/td><\/tr><\/tbody><\/table><\/div><\/div>\t\t\t\t<\/div>\n\t\t\t\t<\/div>\n\t\t\t\t<div class=\"elementor-element elementor-element-a7fbf1a elementor-widget elementor-widget-text-editor\" data-id=\"a7fbf1a\" data-element_type=\"widget\" data-e-type=\"widget\" data-widget_type=\"text-editor.default\">\n\t\t\t\t\t\t\t\t\t<p>La formation Premiers Secours en \u00c9quipe de niveau 1 est dispens\u00e9e en 35h minimum, et a pour objet l\u2019acquisition des savoirs et savoir-faire ou le participant doit \u00eatre capable tout seul de choisir et d\u2019ex\u00e9cuter les gestes de 1\u1d49\u02b3 secours et de mettre en \u0153uvre au c\u00f4t\u00e9 d\u2019un \u00e9quipier secouriste, le mat\u00e9riel d\u2019urgence et de 1\u1d49\u02b3 secours.<\/p><p>Ce niveau est un pr\u00e9-requis pour se pr\u00e9senter \u00e0 l\u2019examen du BNSSA ou du MNS. Accessible \u00e0 partir de 16 ans.<\/p><p>\u00c0 l&rsquo;issue de la formation, un certificat de comp\u00e9tences de secouriste de niveau 1 sera remis au participant.<\/p><p>La date et le num\u00e9ro R.S. (r\u00e9pertoire sp\u00e9cifique), non publi\u00e9 part France Comp\u00e9tences. Anciennement R.S. 5719<\/p><p>Certificateur : Minist\u00e8re de l&rsquo;Int\u00e9rieur et des outre-mer<\/p><p><span style=\"color: #ff0000;\">Contacter le CNF<\/span><br \/><span style=\"text-decoration: underline;\"><a href=\"https:\/\/website.fnmns.dev.streamlor.io\/index.php\/2026\/03\/24\/catalogue-des-formations-du-cnf\/\">T\u00e9l\u00e9charger le catalogue avec le descriptif de la formation recherch\u00e9e<\/a><\/span><\/p>\t\t\t\t\t\t\t\t<\/div>\n\t\t\t\t\t<\/div>\n\t\t\t\t<\/div>\n\t\t<div class=\"elementor-element elementor-element-b376f8d e-flex e-con-boxed e-con e-parent\" data-id=\"b376f8d\" data-element_type=\"container\" data-e-type=\"container\">\n\t\t\t\t\t<div class=\"e-con-inner\">\n\t\t\t\t<div class=\"elementor-element elementor-element-fe963d4 elementor-widget elementor-widget-heading\" data-id=\"fe963d4\" data-element_type=\"widget\" data-e-type=\"widget\" data-widget_type=\"heading.default\">\n\t\t\t\t\t<h2 class=\"elementor-heading-title elementor-size-default\">Premiers Secours en \u00c9quipe de niveau 2 - PSE2<\/h2>\t\t\t\t<\/div>\n\t\t\t\t<div class=\"elementor-element elementor-element-2800cbe elementor-widget elementor-widget-responsive_table\" data-id=\"2800cbe\" data-element_type=\"widget\" data-e-type=\"widget\" data-widget_type=\"responsive_table.default\">\n\t\t\t\t<div class=\"elementor-widget-container\">\n\t\t\t\t\t<div class=\"ert-responsive-table-wrapper\"><h3 class=\"ert-table-title\">Ann\u00e9e 2025<\/h3><div class=\"ert-table-container\"><table class=\"ert-table ert-borders\"><thead><tr class=\"ert-title-row\"><th scope=\"col\">Taux de r\u00e9ussite<\/th><th scope=\"col\">Taux de Satisfaction<\/th><th scope=\"col\">Nombre d\u2019absents<\/th><\/tr><\/thead><tbody><tr><th scope=\"row\" data-label=\"Taux de r\u00e9ussite\">0%<\/th><td data-label=\"Taux de Satisfaction\">0%<\/td><td data-label=\"Nombre d\u2019absents\">0<\/td><\/tr><\/tbody><\/table><\/div><\/div>\t\t\t\t<\/div>\n\t\t\t\t<\/div>\n\t\t\t\t<div class=\"elementor-element elementor-element-e00c943 elementor-widget elementor-widget-text-editor\" data-id=\"e00c943\" data-element_type=\"widget\" data-e-type=\"widget\" data-widget_type=\"text-editor.default\">\n\t\t\t\t\t\t\t\t\t<p>La formation Premiers Secours en \u00c9quipe de niveau 2 doit \u00eatre capable au c\u00f4t\u00e9 d\u2019un secouriste et avec du mat\u00e9riel de premier secours, de choisir d\u2019ex\u00e9cuter ou de faire ex\u00e9cuter correctement les gestes de 1\u1d49\u02b3 secours. De participer au sein d\u2019une \u00e9quipe de secours et sous la responsabilit\u00e9 d\u2019un chef d\u2019\u00e9quipe \u00e0 la prise en charge d\u2019une victime et \u00e9ventuellement au transport d\u2019une victime malaise ou d\u2019un accident.<\/p><p>\u00c0 l&rsquo;issue de la formation, un certificat de comp\u00e9tences de secouriste de niveau 2 sera remis au participant.<\/p><p>La date et le num\u00e9ro R.S. (r\u00e9pertoire sp\u00e9cifique), non publi\u00e9 part France Comp\u00e9tences. Anciennement R.S. 5720<\/p><p>Certificateur : Minist\u00e8re de l&rsquo;Int\u00e9rieur et des outre-mer<\/p><p><span style=\"color: #ff0000;\">Contacter le CNF<\/span><br \/><span style=\"text-decoration: underline;\"><a href=\"https:\/\/website.fnmns.dev.streamlor.io\/index.php\/2026\/03\/24\/catalogue-des-formations-du-cnf\/\">T\u00e9l\u00e9charger le catalogue avec le descriptif de la formation recherch\u00e9e<\/a><\/span><\/p>\t\t\t\t\t\t\t\t<\/div>\n\t\t\t\t\t<\/div>\n\t\t\t\t<\/div>\n\t\t<div class=\"elementor-element elementor-element-ade976d e-flex e-con-boxed e-con e-parent\" data-id=\"ade976d\" data-element_type=\"container\" data-e-type=\"container\">\n\t\t\t\t\t<div class=\"e-con-inner\">\n\t\t\t\t<div class=\"elementor-element elementor-element-81ce489 elementor-widget elementor-widget-heading\" data-id=\"81ce489\" data-element_type=\"widget\" data-e-type=\"widget\" data-widget_type=\"heading.default\">\n\t\t\t\t\t<h2 class=\"elementor-heading-title elementor-size-default\">Sauveteur Secouriste du Travail - SST<\/h2>\t\t\t\t<\/div>\n\t\t\t\t<div class=\"elementor-element elementor-element-aa95ca0 elementor-widget elementor-widget-responsive_table\" data-id=\"aa95ca0\" data-element_type=\"widget\" data-e-type=\"widget\" data-widget_type=\"responsive_table.default\">\n\t\t\t\t<div class=\"elementor-widget-container\">\n\t\t\t\t\t<div class=\"ert-responsive-table-wrapper\"><h3 class=\"ert-table-title\">Ann\u00e9e 2025<\/h3><div class=\"ert-table-container\"><table class=\"ert-table ert-borders\"><thead><tr class=\"ert-title-row\"><th scope=\"col\">Taux de r\u00e9ussite<\/th><th scope=\"col\">Taux de Satisfaction<\/th><th scope=\"col\">Nombre d\u2019absents<\/th><\/tr><\/thead><tbody><tr><th scope=\"row\" data-label=\"Taux de r\u00e9ussite\">96%<\/th><td data-label=\"Taux de Satisfaction\">96%<\/td><td data-label=\"Nombre d\u2019absents\">0<\/td><\/tr><\/tbody><\/table><\/div><\/div>\t\t\t\t<\/div>\n\t\t\t\t<\/div>\n\t\t\t\t<div class=\"elementor-element elementor-element-686ad59 elementor-widget elementor-widget-text-editor\" data-id=\"686ad59\" data-element_type=\"widget\" data-e-type=\"widget\" data-widget_type=\"text-editor.default\">\n\t\t\t\t\t\t\t\t\t<p>Le sauveteur secouriste du travail (SST) est capable d\u2019intervenir durant son temps de pr\u00e9sence au sein de son entreprise pour porter secours \u00e0 toute victime d\u2019un accident du travail ou d\u2019un malaise, dans l\u2019attente de l\u2019arriv\u00e9e des secours sp\u00e9cialis\u00e9s. Cette formation est dispens\u00e9e en 12h.<\/p><p>A l&rsquo;issue de la formation, un certificat de Sauveteur Secouriste du Travail sera remis au participant.<\/p><p>Certificateur : INRS<\/p><p><span style=\"color: #ff0000;\">Contacter le CNF<\/span><br \/><span style=\"text-decoration: underline;\"><a href=\"https:\/\/website.fnmns.dev.streamlor.io\/index.php\/2026\/03\/24\/catalogue-des-formations-du-cnf\/\">T\u00e9l\u00e9charger le catalogue avec le descriptif de la formation recherch\u00e9e<\/a><\/span><\/p>\t\t\t\t\t\t\t\t<\/div>\n\t\t\t\t\t<\/div>\n\t\t\t\t<\/div>\n\t\t<div class=\"elementor-element elementor-element-0687751 e-flex e-con-boxed e-con e-parent\" data-id=\"0687751\" data-element_type=\"container\" data-e-type=\"container\">\n\t\t\t\t\t<div class=\"e-con-inner\">\n\t\t\t\t\t<\/div>\n\t\t\t\t<\/div>\n\t\t\t\t<\/div>\n\t\t","protected":false},"excerpt":{"rendered":"<p>Formations au secourisme Les formations au secourisme dispens\u00e9es par les centres de formation FNMNS sont : La formation Premiers Secours Citoyen (PSC). Ainsi que les formations Premiers Secours en \u00c9quipe de niveau 1 et 2 (PSE1 et PSE2). Pour vous informer sur les diff\u00e9rentes actions de formation se d\u00e9roulant dans tous les d\u00e9partements, rendez-vous sur&#8230;<\/p>\n","protected":false},"author":1,"featured_media":0,"parent":938,"menu_order":15,"comment_status":"closed","ping_status":"closed","template":"","meta":{"_kad_post_transparent":"","_kad_post_title":"hide","_kad_post_layout":"fullwidth","_kad_post_sidebar_id":"","_kad_post_content_style":"unboxed","_kad_post_vertical_padding":"hide","_kad_post_feature":"hide","_kad_post_feature_position":"","_kad_post_header":false,"_kad_post_footer":false,"footnotes":""},"class_list":["post-952","page","type-page","status-publish","hentry"],"_links":{"self":[{"href":"https:\/\/website.fnmns.dev.streamlor.io\/index.php\/wp-json\/wp\/v2\/pages\/952","targetHints":{"allow":["GET"]}}],"collection":[{"href":"https:\/\/website.fnmns.dev.streamlor.io\/index.php\/wp-json\/wp\/v2\/pages"}],"about":[{"href":"https:\/\/website.fnmns.dev.streamlor.io\/index.php\/wp-json\/wp\/v2\/types\/page"}],"author":[{"embeddable":true,"href":"https:\/\/website.fnmns.dev.streamlor.io\/index.php\/wp-json\/wp\/v2\/users\/1"}],"replies":[{"embeddable":true,"href":"https:\/\/website.fnmns.dev.streamlor.io\/index.php\/wp-json\/wp\/v2\/comments?post=952"}],"version-history":[{"count":64,"href":"https:\/\/website.fnmns.dev.streamlor.io\/index.php\/wp-json\/wp\/v2\/pages\/952\/revisions"}],"predecessor-version":[{"id":4125,"href":"https:\/\/website.fnmns.dev.streamlor.io\/index.php\/wp-json\/wp\/v2\/pages\/952\/revisions\/4125"}],"up":[{"embeddable":true,"href":"https:\/\/website.fnmns.dev.streamlor.io\/index.php\/wp-json\/wp\/v2\/pages\/938"}],"wp:attachment":[{"href":"https:\/\/website.fnmns.dev.streamlor.io\/index.php\/wp-json\/wp\/v2\/media?parent=952"}],"curies":[{"name":"wp","href":"https:\/\/api.w.org\/{rel}","templated":true}]}}