{"id":954,"date":"2026-03-12T13:46:00","date_gmt":"2026-03-12T12:46:00","guid":{"rendered":"https:\/\/website.fnmns.dev.streamlor.io\/?page_id=954"},"modified":"2026-03-25T12:06:26","modified_gmt":"2026-03-25T11:06:26","slug":"formations-aux-metiers-de-la-natation","status":"publish","type":"page","link":"https:\/\/website.fnmns.dev.streamlor.io\/index.php\/formations\/formations-aux-metiers-de-la-natation\/","title":{"rendered":"Formations aux m\u00e9tiers de la natation"},"content":{"rendered":"\t\t<div data-elementor-type=\"wp-page\" data-elementor-id=\"954\" class=\"elementor elementor-954\" data-elementor-post-type=\"page\">\n\t\t\t\t\t\t<section class=\"elementor-section elementor-top-section elementor-element elementor-element-5ed53427 elementor-section-boxed elementor-section-height-default elementor-section-height-default\" data-id=\"5ed53427\" data-element_type=\"section\" data-e-type=\"section\">\n\t\t\t\t\t\t<div class=\"elementor-container elementor-column-gap-wider\">\n\t\t\t\t\t<div class=\"elementor-column elementor-col-100 elementor-top-column elementor-element elementor-element-e783f7f\" data-id=\"e783f7f\" data-element_type=\"column\" data-e-type=\"column\">\n\t\t\t<div class=\"elementor-widget-wrap elementor-element-populated\">\n\t\t\t\t\t\t<div class=\"elementor-element elementor-element-4bcf1fd3 elementor-widget elementor-widget-heading\" data-id=\"4bcf1fd3\" data-element_type=\"widget\" data-e-type=\"widget\" data-widget_type=\"heading.default\">\n\t\t\t\t\t<h1 class=\"elementor-heading-title elementor-size-default\">Formations aux m\u00e9tiers de la natation<\/h1>\t\t\t\t<\/div>\n\t\t\t\t<div class=\"elementor-element elementor-element-7131ac2a elementor-widget-divider--view-line elementor-widget elementor-widget-divider\" data-id=\"7131ac2a\" data-element_type=\"widget\" data-e-type=\"widget\" data-widget_type=\"divider.default\">\n\t\t\t\t\t\t\t<div class=\"elementor-divider\">\n\t\t\t<span class=\"elementor-divider-separator\">\n\t\t\t\t\t\t<\/span>\n\t\t<\/div>\n\t\t\t\t\t\t<\/div>\n\t\t\t\t\t<\/div>\n\t\t<\/div>\n\t\t\t\t\t<\/div>\n\t\t<\/section>\n\t\t<div class=\"elementor-element elementor-element-428b907f e-flex e-con-boxed e-con e-parent\" data-id=\"428b907f\" data-element_type=\"container\" data-e-type=\"container\">\n\t\t\t\t\t<div class=\"e-con-inner\">\n\t\t<div class=\"elementor-element elementor-element-700ea978 e-con-full e-flex e-con e-child\" data-id=\"700ea978\" data-element_type=\"container\" data-e-type=\"container\">\n\t\t<div class=\"elementor-element elementor-element-2a06587b e-con-full e-flex e-con e-child\" data-id=\"2a06587b\" data-element_type=\"container\" data-e-type=\"container\">\n\t\t\t\t<div class=\"elementor-element elementor-element-3a192dfc elementor-widget elementor-widget-text-editor\" data-id=\"3a192dfc\" data-element_type=\"widget\" data-e-type=\"widget\" data-widget_type=\"text-editor.default\">\n\t\t\t\t\t\t\t\t\t<p>Les formations au secourisme dispens\u00e9es par les centres de formation FNMNS sont :<\/p><ul><li>Le Brevet National de S\u00e9curit\u00e9 Sauvetage Aquatique (BNSSA)<\/li><li>Et le Brevet Professionnel de la jeunesse, de l\u2019\u00e9ducation populaire et du sport des Activit\u00e9s Aquatiques et de la Natation (BPJEPS AAN &#8211; ma\u00eetre nageur),<\/li><li>Le Surveillant Sauveteur Aquatique sur Littoral ou Eaux Int\u00e9rieures (SSA L ou EI).<\/li><\/ul><p>Pour vous informer sur les diff\u00e9rentes actions de formation se d\u00e9roulant dans tous les d\u00e9partements, rendez-vous sur la rubrique \u00ab\u00a0<span style=\"text-decoration: underline;\"><a href=\"https:\/\/website.fnmns.dev.streamlor.io\/index.php\/formations\/nos-centres-de-formations\/\">nos centres de formations<\/a><\/span>\u00ab\u00a0. <br \/>Une carte de France interactive vous guidera vers les coordonn\u00e9es de nos centres et leurs sites internet.<\/p>\t\t\t\t\t\t\t\t<\/div>\n\t\t\t\t<\/div>\n\t\t\t\t<\/div>\n\t\t\t\t\t<\/div>\n\t\t\t\t<\/div>\n\t\t<div class=\"elementor-element elementor-element-61bd9bd3 e-flex e-con-boxed e-con e-parent\" data-id=\"61bd9bd3\" data-element_type=\"container\" data-e-type=\"container\">\n\t\t\t\t\t<div class=\"e-con-inner\">\n\t\t\t\t<div class=\"elementor-element elementor-element-7d0d5f97 elementor-widget elementor-widget-heading\" data-id=\"7d0d5f97\" data-element_type=\"widget\" data-e-type=\"widget\" data-widget_type=\"heading.default\">\n\t\t\t\t\t<h2 class=\"elementor-heading-title elementor-size-default\">Brevet National de S\u00e9curit\u00e9 Sauvetage Aquatique - BNSSA<\/h2>\t\t\t\t<\/div>\n\t\t\t\t<div class=\"elementor-element elementor-element-36766250 elementor-widget elementor-widget-responsive_table\" data-id=\"36766250\" data-element_type=\"widget\" data-e-type=\"widget\" data-widget_type=\"responsive_table.default\">\n\t\t\t\t<div class=\"elementor-widget-container\">\n\t\t\t\t\t<div class=\"ert-responsive-table-wrapper\"><h3 class=\"ert-table-title\">Ann\u00e9e 2025<\/h3><div class=\"ert-table-container\"><table class=\"ert-table ert-borders\"><thead><tr class=\"ert-title-row\"><th scope=\"col\">Taux de r\u00e9ussite<\/th><th scope=\"col\">Taux de Satisfaction<\/th><th scope=\"col\">Nombre d\u2019absents<\/th><\/tr><\/thead><tbody><tr><th scope=\"row\" data-label=\"Taux de r\u00e9ussite\">0%<\/th><td data-label=\"Taux de Satisfaction\">0%<\/td><td data-label=\"Nombre d\u2019absents\">0<\/td><\/tr><\/tbody><\/table><\/div><\/div>\t\t\t\t<\/div>\n\t\t\t\t<\/div>\n\t\t\t\t<div class=\"elementor-element elementor-element-47d0ff7e elementor-widget elementor-widget-text-editor\" data-id=\"47d0ff7e\" data-element_type=\"widget\" data-e-type=\"widget\" data-widget_type=\"text-editor.default\">\n\t\t\t\t\t\t\t\t\t<p>Le titulaire du BNSSA, assure la surveillance des baignades ouvertes gratuitement au public et r\u00e9glementairement autoris\u00e9es, les conditions d\u2019emplois en acc\u00e8s payant sont r\u00e9gies par des conditions particuli\u00e8res. Il ne peut se voir confier la responsabilit\u00e9 de Chef de Poste que s\u2019il a d\u00e9j\u00e0 exerc\u00e9 la fonction de sauveteur sur une baignade surveill\u00e9e, et sur proposition de son organisme formateur. Il a bien \u00e9galement le niveau requis pour assurer la s\u00e9curit\u00e9 d\u2019un Accueil collectif de mineurs (centres de vacances). Avoir 17 ans, aptitude m\u00e9dicale, titulaire du PSE 1, \u00eatre pr\u00e9sent\u00e9 par un organisme ou une association agr\u00e9e.<\/p><p>A l&rsquo;issue de la formation et apr\u00e8s l&rsquo;examen, un brevet national de s\u00e9curit\u00e9 &amp; de sauvetage aquatique sera remis au participant.<\/p><p>Certificateur : Minist\u00e8re de l&rsquo;int\u00e9rieur et des outre-mer &#8211; Minist\u00e8re des sports et des jeux olympiques et paralympiques.<\/p><p><span style=\"color: #ff0000;\">Pas de formation programm\u00e9e au CNF<\/span><br \/><span style=\"text-decoration: underline;\"><a href=\"https:\/\/website.fnmns.dev.streamlor.io\/index.php\/2026\/03\/24\/catalogue-des-formations-du-cnf\/\">T\u00e9l\u00e9charger le catalogue avec le descriptif de la formation recherch\u00e9e<\/a><\/span><\/p>\t\t\t\t\t\t\t\t<\/div>\n\t\t\t\t\t<\/div>\n\t\t\t\t<\/div>\n\t\t<div class=\"elementor-element elementor-element-a68aabd e-flex e-con-boxed e-con e-parent\" data-id=\"a68aabd\" data-element_type=\"container\" data-e-type=\"container\">\n\t\t\t\t\t<div class=\"e-con-inner\">\n\t\t\t\t<div class=\"elementor-element elementor-element-3fc76b5 elementor-widget elementor-widget-heading\" data-id=\"3fc76b5\" data-element_type=\"widget\" data-e-type=\"widget\" data-widget_type=\"heading.default\">\n\t\t\t\t\t<h2 class=\"elementor-heading-title elementor-size-default\">Brevet National de S\u00e9curit\u00e9 Sauvetage Aquatique - BNSSA<\/h2>\t\t\t\t<\/div>\n\t\t\t\t<div class=\"elementor-element elementor-element-126d6ee elementor-widget elementor-widget-responsive_table\" data-id=\"126d6ee\" data-element_type=\"widget\" data-e-type=\"widget\" data-widget_type=\"responsive_table.default\">\n\t\t\t\t<div class=\"elementor-widget-container\">\n\t\t\t\t\t<div class=\"ert-responsive-table-wrapper\"><h3 class=\"ert-table-title\">Ann\u00e9e 2025<\/h3><div class=\"ert-table-container\"><table class=\"ert-table ert-borders\"><thead><tr class=\"ert-title-row\"><th scope=\"col\">Taux de r\u00e9ussite<\/th><th scope=\"col\">Taux de Satisfaction<\/th><th scope=\"col\">Nombre d\u2019absents<\/th><\/tr><\/thead><tbody><tr><th scope=\"row\" data-label=\"Taux de r\u00e9ussite\">80%<\/th><td data-label=\"Taux de Satisfaction\">86%<\/td><td data-label=\"Nombre d\u2019absents\">0<\/td><\/tr><\/tbody><\/table><\/div><\/div>\t\t\t\t<\/div>\n\t\t\t\t<\/div>\n\t\t\t\t<div class=\"elementor-element elementor-element-a948190 elementor-widget elementor-widget-text-editor\" data-id=\"a948190\" data-element_type=\"widget\" data-e-type=\"widget\" data-widget_type=\"text-editor.default\">\n\t\t\t\t\t\t\t\t\t<p style=\"text-align: center;\">Taux d\u2019accomplissement 2025 : <span style=\"color: #008fb0;\"><strong>100%<\/strong><\/span><\/p><p>Le Brevet Professionnel de la jeunesse, de l\u2019\u00e9ducation populaire et du sport des Activit\u00e9s Aquatiques et de la Natation conf\u00e8re \u00e0 son titulaire la qualification permettant d\u2019enseigner la natation, d\u2019animer les activit\u00e9s aquatiques et de surveiller les piscines, les baignades ou les plans d\u2019eau am\u00e9nag\u00e9s. Il conf\u00e8re \u00e0 son titulaire le titre de Ma\u00eetre Nageur Sauveteur. Avoir 17 ans, aptitude m\u00e9dicale, titulaire du PSE 1, r\u00e9ussir les tests de s\u00e9lection.<\/p><p>Lien d&rsquo;information sur le BPJEPS AAN :\u00a0<span style=\"text-decoration: underline;\"><a href=\"https:\/\/www.bpjepsaan-fnmns-grandest.fr\/\">https:\/\/www.bpjepsaan-fnmns-grandest.fr\/<\/a><\/span><\/p><p>A l&rsquo;issue de la formation, un Brevet Professionnel\u00a0sera remis\u00a0au participant, apr\u00e8s certification.<\/p><p>\u00c9ch\u00e9ance enregistrement 01\/01\/2027 &#8211; Num\u00e9ro R.N.C.P. (r\u00e9pertoire national des certifications professionnels), publi\u00e9 part France Comp\u00e9tences : 36248<\/p><p>Certificateur : Minist\u00e8re des Sports et des jeux olympiques et paralympiques.<\/p><p><span style=\"color: #ff0000;\">Contacter le CNF<\/span><br \/><span style=\"text-decoration: underline;\"><a href=\"https:\/\/website.fnmns.dev.streamlor.io\/index.php\/2026\/03\/24\/catalogue-des-formations-du-cnf\/\">T\u00e9l\u00e9charger le catalogue avec le descriptif de la formation recherch\u00e9e<\/a><\/span><\/p>\t\t\t\t\t\t\t\t<\/div>\n\t\t\t\t\t<\/div>\n\t\t\t\t<\/div>\n\t\t<div class=\"elementor-element elementor-element-9e27791 e-flex e-con-boxed e-con e-parent\" data-id=\"9e27791\" data-element_type=\"container\" data-e-type=\"container\">\n\t\t\t\t\t<div class=\"e-con-inner\">\n\t\t\t\t<div class=\"elementor-element elementor-element-4d68db8 elementor-widget elementor-widget-heading\" data-id=\"4d68db8\" data-element_type=\"widget\" data-e-type=\"widget\" data-widget_type=\"heading.default\">\n\t\t\t\t\t<h2 class=\"elementor-heading-title elementor-size-default\">Formation Surveillant Sauveteur Aquatique en Eaux Int\u00e9rieurs ou sur Littoral - SSA EI\/L<\/h2>\t\t\t\t<\/div>\n\t\t\t\t<div class=\"elementor-element elementor-element-d852a45 elementor-widget elementor-widget-responsive_table\" data-id=\"d852a45\" data-element_type=\"widget\" data-e-type=\"widget\" data-widget_type=\"responsive_table.default\">\n\t\t\t\t<div class=\"elementor-widget-container\">\n\t\t\t\t\t<div class=\"ert-responsive-table-wrapper\"><h3 class=\"ert-table-title\">Ann\u00e9e 2025<\/h3><div class=\"ert-table-container\"><table class=\"ert-table ert-borders\"><thead><tr class=\"ert-title-row\"><th scope=\"col\">Taux de r\u00e9ussite<\/th><th scope=\"col\">Taux de Satisfaction<\/th><th scope=\"col\">Nombre d\u2019absents<\/th><\/tr><\/thead><tbody><tr><th scope=\"row\" data-label=\"Taux de r\u00e9ussite\">100%<\/th><td data-label=\"Taux de Satisfaction\">78%<\/td><td data-label=\"Nombre d\u2019absents\">0<\/td><\/tr><\/tbody><\/table><\/div><\/div>\t\t\t\t<\/div>\n\t\t\t\t<\/div>\n\t\t\t\t<div class=\"elementor-element elementor-element-3db1c40 elementor-widget elementor-widget-text-editor\" data-id=\"3db1c40\" data-element_type=\"widget\" data-e-type=\"widget\" data-widget_type=\"text-editor.default\">\n\t\t\t\t\t\t\t\t\t<p style=\"text-align: center;\">Taux d\u2019accomplissement 2025 : <span style=\"color: #008fb0;\"><strong>100%<\/strong><\/span><\/p><p>Depuis la parution des arr\u00eat\u00e9s de f\u00e9vrier 2014, instituants la mise en place de formations sp\u00e9cifiques pour exercer en milieu naturel, la FNMNS vous propose des stages permettant de compl\u00e9ter votre formation de BNSSA ou de MNS.<\/p><p>Diff\u00e9rents niveaux de comp\u00e9tences sont accessibles :<\/p><ul><li>SSA en Eaux Int\u00e9rieures<\/li><li>SSA sur Littoral<\/li><li>Pilotage des Embarcations de Sauvetage<\/li><\/ul><p>\u00c0 l&rsquo;issue de la formation, un certificat de comp\u00e9tences de surveillant-sauveteur aquatique eaux int\u00e9rieures \/ sur littoral sera remis au participant.<\/p><p>La date et le num\u00e9ro R.S. (r\u00e9pertoire sp\u00e9cifique), non publi\u00e9 part France Comp\u00e9tences. Anciennement R.S. 5853 (eaux int\u00e9rieures)<\/p><p>La date et le num\u00e9ro R.S. (r\u00e9pertoire sp\u00e9cifique), non publi\u00e9 part France Comp\u00e9tences. Anciennement R.S. 5773 (sur littoral)<\/p><p>Certificateur : Minist\u00e8re de l&rsquo;Int\u00e9rieur et des outre-mer<\/p><p><span style=\"color: #ff0000;\">Contacter le CNF ou consulter r\u00e9guli\u00e8rement les News<\/span><br \/><span style=\"text-decoration: underline;\"><a href=\"https:\/\/website.fnmns.dev.streamlor.io\/index.php\/2026\/03\/24\/catalogue-des-formations-du-cnf\/\">T\u00e9l\u00e9charger le catalogue avec le descriptif de la formation recherch\u00e9e<\/a><\/span><\/p>\t\t\t\t\t\t\t\t<\/div>\n\t\t\t\t\t<\/div>\n\t\t\t\t<\/div>\n\t\t<div class=\"elementor-element elementor-element-aeeb0d2 e-flex e-con-boxed e-con e-parent\" data-id=\"aeeb0d2\" data-element_type=\"container\" data-e-type=\"container\">\n\t\t\t\t\t<div class=\"e-con-inner\">\n\t\t\t\t<div class=\"elementor-element elementor-element-ae23ef8 elementor-widget elementor-widget-heading\" data-id=\"ae23ef8\" data-element_type=\"widget\" data-e-type=\"widget\" data-widget_type=\"heading.default\">\n\t\t\t\t\t<h2 class=\"elementor-heading-title elementor-size-default\">Fichiers inscription SSA <\/h2>\t\t\t\t<\/div>\n\t\t\t\t<div class=\"elementor-element elementor-element-ba6d4b6 elementor-widget elementor-widget-text-editor\" data-id=\"ba6d4b6\" data-element_type=\"widget\" data-e-type=\"widget\" data-widget_type=\"text-editor.default\">\n\t\t\t\t\t\t\t\t\t<p><span style=\"text-decoration: underline;\">http:\/\/www.fnmns.com\/news\/formation-surveillant-sauveteur-aquatique-en-milieu-naturel.<\/span><\/p>\t\t\t\t\t\t\t\t<\/div>\n\t\t\t\t\t<\/div>\n\t\t\t\t<\/div>\n\t\t<div class=\"elementor-element elementor-element-7c71a7fc e-flex e-con-boxed e-con e-parent\" data-id=\"7c71a7fc\" data-element_type=\"container\" data-e-type=\"container\">\n\t\t\t\t\t<div class=\"e-con-inner\">\n\t\t\t\t\t<\/div>\n\t\t\t\t<\/div>\n\t\t\t\t<\/div>\n\t\t","protected":false},"excerpt":{"rendered":"<p>Formations aux m\u00e9tiers de la natation Les formations au secourisme dispens\u00e9es par les centres de formation FNMNS sont : Le Brevet National de S\u00e9curit\u00e9 Sauvetage Aquatique (BNSSA) Et le Brevet Professionnel de la jeunesse, de l\u2019\u00e9ducation populaire et du sport des Activit\u00e9s Aquatiques et de la Natation (BPJEPS AAN &#8211; ma\u00eetre nageur), Le Surveillant Sauveteur&#8230;<\/p>\n","protected":false},"author":1,"featured_media":0,"parent":938,"menu_order":16,"comment_status":"closed","ping_status":"closed","template":"","meta":{"_kad_post_transparent":"","_kad_post_title":"hide","_kad_post_layout":"fullwidth","_kad_post_sidebar_id":"","_kad_post_content_style":"unboxed","_kad_post_vertical_padding":"hide","_kad_post_feature":"hide","_kad_post_feature_position":"","_kad_post_header":false,"_kad_post_footer":false,"footnotes":""},"class_list":["post-954","page","type-page","status-publish","hentry"],"_links":{"self":[{"href":"https:\/\/website.fnmns.dev.streamlor.io\/index.php\/wp-json\/wp\/v2\/pages\/954","targetHints":{"allow":["GET"]}}],"collection":[{"href":"https:\/\/website.fnmns.dev.streamlor.io\/index.php\/wp-json\/wp\/v2\/pages"}],"about":[{"href":"https:\/\/website.fnmns.dev.streamlor.io\/index.php\/wp-json\/wp\/v2\/types\/page"}],"author":[{"embeddable":true,"href":"https:\/\/website.fnmns.dev.streamlor.io\/index.php\/wp-json\/wp\/v2\/users\/1"}],"replies":[{"embeddable":true,"href":"https:\/\/website.fnmns.dev.streamlor.io\/index.php\/wp-json\/wp\/v2\/comments?post=954"}],"version-history":[{"count":52,"href":"https:\/\/website.fnmns.dev.streamlor.io\/index.php\/wp-json\/wp\/v2\/pages\/954\/revisions"}],"predecessor-version":[{"id":4145,"href":"https:\/\/website.fnmns.dev.streamlor.io\/index.php\/wp-json\/wp\/v2\/pages\/954\/revisions\/4145"}],"up":[{"embeddable":true,"href":"https:\/\/website.fnmns.dev.streamlor.io\/index.php\/wp-json\/wp\/v2\/pages\/938"}],"wp:attachment":[{"href":"https:\/\/website.fnmns.dev.streamlor.io\/index.php\/wp-json\/wp\/v2\/media?parent=954"}],"curies":[{"name":"wp","href":"https:\/\/api.w.org\/{rel}","templated":true}]}}