{"id":958,"date":"2026-03-12T13:46:30","date_gmt":"2026-03-12T12:46:30","guid":{"rendered":"https:\/\/website.fnmns.dev.streamlor.io\/?page_id=958"},"modified":"2026-03-25T13:29:43","modified_gmt":"2026-03-25T12:29:43","slug":"formations-continues-et-recyclages","status":"publish","type":"page","link":"https:\/\/website.fnmns.dev.streamlor.io\/index.php\/formations\/formations-continues-et-recyclages\/","title":{"rendered":"Formations continues et recyclages"},"content":{"rendered":"\t\t<div data-elementor-type=\"wp-page\" data-elementor-id=\"958\" class=\"elementor elementor-958\" data-elementor-post-type=\"page\">\n\t\t\t\t\t\t<section class=\"elementor-section elementor-top-section elementor-element elementor-element-d9cde32 elementor-section-boxed elementor-section-height-default elementor-section-height-default\" data-id=\"d9cde32\" data-element_type=\"section\" data-e-type=\"section\">\n\t\t\t\t\t\t<div class=\"elementor-container elementor-column-gap-wider\">\n\t\t\t\t\t<div class=\"elementor-column elementor-col-100 elementor-top-column elementor-element elementor-element-1f34011f\" data-id=\"1f34011f\" data-element_type=\"column\" data-e-type=\"column\">\n\t\t\t<div class=\"elementor-widget-wrap elementor-element-populated\">\n\t\t\t\t\t\t<div class=\"elementor-element elementor-element-23752869 elementor-widget elementor-widget-heading\" data-id=\"23752869\" data-element_type=\"widget\" data-e-type=\"widget\" data-widget_type=\"heading.default\">\n\t\t\t\t\t<h1 class=\"elementor-heading-title elementor-size-default\">Formations continues et recyclages<\/h1>\t\t\t\t<\/div>\n\t\t\t\t<div class=\"elementor-element elementor-element-a98dc1c elementor-widget-divider--view-line elementor-widget elementor-widget-divider\" data-id=\"a98dc1c\" data-element_type=\"widget\" data-e-type=\"widget\" data-widget_type=\"divider.default\">\n\t\t\t\t\t\t\t<div class=\"elementor-divider\">\n\t\t\t<span class=\"elementor-divider-separator\">\n\t\t\t\t\t\t<\/span>\n\t\t<\/div>\n\t\t\t\t\t\t<\/div>\n\t\t\t\t\t<\/div>\n\t\t<\/div>\n\t\t\t\t\t<\/div>\n\t\t<\/section>\n\t\t<div class=\"elementor-element elementor-element-6cf9f371 e-flex e-con-boxed e-con e-parent\" data-id=\"6cf9f371\" data-element_type=\"container\" data-e-type=\"container\">\n\t\t\t\t\t<div class=\"e-con-inner\">\n\t\t<div class=\"elementor-element elementor-element-4561cc9c e-con-full e-flex e-con e-child\" data-id=\"4561cc9c\" data-element_type=\"container\" data-e-type=\"container\">\n\t\t<div class=\"elementor-element elementor-element-50da3aca e-con-full e-flex e-con e-child\" data-id=\"50da3aca\" data-element_type=\"container\" data-e-type=\"container\">\n\t\t\t\t<div class=\"elementor-element elementor-element-6100fae5 elementor-widget elementor-widget-text-editor\" data-id=\"6100fae5\" data-element_type=\"widget\" data-e-type=\"widget\" data-widget_type=\"text-editor.default\">\n\t\t\t\t\t\t\t\t\t<p>La FNMNS assure les formations continues et les recyclages en mati\u00e8re de secourisme (formations continues PSE1 et PSE2) et de sauvetage (Certificat d\u2019Aptitude \u00e0 l\u2019Exercice de la Profession de MNS et recyclage BNSSA). <br \/>Pour vous informer sur les diff\u00e9rentes actions de formation se d\u00e9roulant dans tous les d\u00e9partements, rendez-vous sur la rubrique \u00ab\u00a0<span style=\"text-decoration: underline;\"><a href=\"https:\/\/website.fnmns.dev.streamlor.io\/index.php\/formations\/nos-centres-de-formations\/\">nos centres de formations<\/a><\/span>\u00ab\u00a0. <br \/>Une carte de France interactive vous guidera vers les coordonn\u00e9es de nos centres et leurs sites internets.<\/p>\t\t\t\t\t\t\t\t<\/div>\n\t\t\t\t<\/div>\n\t\t\t\t<\/div>\n\t\t\t\t\t<\/div>\n\t\t\t\t<\/div>\n\t\t<div class=\"elementor-element elementor-element-e8b8187 e-flex e-con-boxed e-con e-parent\" data-id=\"e8b8187\" data-element_type=\"container\" data-e-type=\"container\">\n\t\t\t\t\t<div class=\"e-con-inner\">\n\t\t\t\t<div class=\"elementor-element elementor-element-70cd7ab6 elementor-widget elementor-widget-heading\" data-id=\"70cd7ab6\" data-element_type=\"widget\" data-e-type=\"widget\" data-widget_type=\"heading.default\">\n\t\t\t\t\t<h2 class=\"elementor-heading-title elementor-size-default\">Formation continue PSE1 - FC PSE1<\/h2>\t\t\t\t<\/div>\n\t\t\t\t<div class=\"elementor-element elementor-element-a597804 elementor-widget elementor-widget-responsive_table\" data-id=\"a597804\" data-element_type=\"widget\" data-e-type=\"widget\" data-widget_type=\"responsive_table.default\">\n\t\t\t\t<div class=\"elementor-widget-container\">\n\t\t\t\t\t<div class=\"ert-responsive-table-wrapper\"><h3 class=\"ert-table-title\">Ann\u00e9e 2025<\/h3><div class=\"ert-table-container\"><table class=\"ert-table ert-borders\"><thead><tr class=\"ert-title-row\"><th scope=\"col\">Taux de r\u00e9ussite<\/th><th scope=\"col\">Taux de Satisfaction<\/th><th scope=\"col\">Nombre d\u2019absents<\/th><\/tr><\/thead><tbody><tr><th scope=\"row\" data-label=\"Taux de r\u00e9ussite\">99%<\/th><td data-label=\"Taux de Satisfaction\">83%<\/td><td data-label=\"Nombre d\u2019absents\">0<\/td><\/tr><\/tbody><\/table><\/div><\/div>\t\t\t\t<\/div>\n\t\t\t\t<\/div>\n\t\t\t\t<div class=\"elementor-element elementor-element-1ecbd6d1 elementor-widget elementor-widget-text-editor\" data-id=\"1ecbd6d1\" data-element_type=\"widget\" data-e-type=\"widget\" data-widget_type=\"text-editor.default\">\n\t\t\t\t\t\t\t\t\t<p style=\"text-align: center;\">Taux d&rsquo;accomplissement 2025 : <span style=\"color: #008fb0;\"><strong>100%<\/strong><\/span><\/p><p><span dir=\"auto\">Les titulaires du PSE1, <span style=\"text-decoration: underline;\"><span style=\"color: #ff0000; text-decoration: underline;\"><strong>doivent s&rsquo;ils diriger, satisfaisant tous les ans \u00e0 une formation continue en secourisme de 6 heures. Changer la phrase ?<\/strong><\/span><\/span><br \/><\/span><span dir=\"auto\">\u00c0 l&rsquo;issue de la formation, une attestation de formation continue sera remise au participant.<\/span><\/p><p><span dir=\"auto\">La date et le num\u00e9ro RS (r\u00e9pertoire sp\u00e9cifique), non publi\u00e9 part France Comp\u00e9tences. Anciennement RS 5719<\/span><\/p><p><span dir=\"auto\">Certificateur : Minist\u00e8re de l&rsquo;Int\u00e9rieur et des outre-mer<\/span><\/p><p><span style=\"color: #ff0000;\">Contacter le CNF<\/span><br \/><span style=\"text-decoration: underline;\"><a href=\"https:\/\/website.fnmns.dev.streamlor.io\/index.php\/2026\/03\/24\/catalogue-des-formations-du-cnf\/\">T\u00e9l\u00e9charger le catalogue avec le descriptif de la formation recherch\u00e9e<\/a><\/span><\/p>\t\t\t\t\t\t\t\t<\/div>\n\t\t\t\t\t<\/div>\n\t\t\t\t<\/div>\n\t\t<div class=\"elementor-element elementor-element-4e4128ed e-flex e-con-boxed e-con e-parent\" data-id=\"4e4128ed\" data-element_type=\"container\" data-e-type=\"container\">\n\t\t\t\t\t<div class=\"e-con-inner\">\n\t\t\t\t<div class=\"elementor-element elementor-element-8c4e9cb elementor-widget elementor-widget-heading\" data-id=\"8c4e9cb\" data-element_type=\"widget\" data-e-type=\"widget\" data-widget_type=\"heading.default\">\n\t\t\t\t\t<h2 class=\"elementor-heading-title elementor-size-default\">Formation continue PSE2 - FC PSE2<\/h2>\t\t\t\t<\/div>\n\t\t\t\t<div class=\"elementor-element elementor-element-bc13b1e elementor-widget elementor-widget-responsive_table\" data-id=\"bc13b1e\" data-element_type=\"widget\" data-e-type=\"widget\" data-widget_type=\"responsive_table.default\">\n\t\t\t\t<div class=\"elementor-widget-container\">\n\t\t\t\t\t<div class=\"ert-responsive-table-wrapper\"><h3 class=\"ert-table-title\">Ann\u00e9e 2025<\/h3><div class=\"ert-table-container\"><table class=\"ert-table ert-borders\"><thead><tr class=\"ert-title-row\"><th scope=\"col\">Taux de r\u00e9ussite<\/th><th scope=\"col\">Taux de Satisfaction<\/th><th scope=\"col\">Nombre d\u2019absents<\/th><\/tr><\/thead><tbody><tr><th scope=\"row\" data-label=\"Taux de r\u00e9ussite\">99%<\/th><td data-label=\"Taux de Satisfaction\">83%<\/td><td data-label=\"Nombre d\u2019absents\">0<\/td><\/tr><\/tbody><\/table><\/div><\/div>\t\t\t\t<\/div>\n\t\t\t\t<\/div>\n\t\t\t\t<div class=\"elementor-element elementor-element-656365b2 elementor-widget elementor-widget-text-editor\" data-id=\"656365b2\" data-element_type=\"widget\" data-e-type=\"widget\" data-widget_type=\"text-editor.default\">\n\t\t\t\t\t\t\t\t\t<p style=\"text-align: center;\">Taux d&rsquo;accomplissement 2025 : <span style=\"color: #008fb0;\"><strong>100%<\/strong><\/span><\/p><p><span dir=\"auto\">Les titulaires du PSE2, <span style=\"color: #ff0000;\"><strong>doivent s&rsquo;ils diriger, satisfaisant tous les ans \u00e0 une formation continue en secourisme de 6 heures. Changer la phrase ?<\/strong><\/span><\/span><\/p><p><span dir=\"auto\">\u00c0 l\u2019issue de la formation, une attestation de formation sera remise au participant.<\/span><\/p><p><span dir=\"auto\">La date et le num\u00e9ro RS (r\u00e9pertoire sp\u00e9cifique), non publi\u00e9 part France Comp\u00e9tences. Anciennement RS 5720<\/span><\/p><p><span dir=\"auto\">Certificateur : Minist\u00e8re de l&rsquo;Int\u00e9rieur et des outre-mer<\/span><\/p><p><span style=\"color: #ff0000;\">Contacter le CNF<\/span><br \/><span style=\"text-decoration: underline;\"><a href=\"https:\/\/website.fnmns.dev.streamlor.io\/index.php\/2026\/03\/24\/catalogue-des-formations-du-cnf\/\">T\u00e9l\u00e9charger le catalogue avec le descriptif de la formation recherch\u00e9e<\/a><\/span><\/p>\t\t\t\t\t\t\t\t<\/div>\n\t\t\t\t\t<\/div>\n\t\t\t\t<\/div>\n\t\t<div class=\"elementor-element elementor-element-3b6caaa2 e-flex e-con-boxed e-con e-parent\" data-id=\"3b6caaa2\" data-element_type=\"container\" data-e-type=\"container\">\n\t\t\t\t\t<div class=\"e-con-inner\">\n\t\t\t\t<div class=\"elementor-element elementor-element-59b93ff1 elementor-widget elementor-widget-heading\" data-id=\"59b93ff1\" data-element_type=\"widget\" data-e-type=\"widget\" data-widget_type=\"heading.default\">\n\t\t\t\t\t<h2 class=\"elementor-heading-title elementor-size-default\">Certificat d\u2019Aptitude \u00e0 l\u2019Exercice de la Professions de MNS - CAEP MNS<\/h2>\t\t\t\t<\/div>\n\t\t\t\t<div class=\"elementor-element elementor-element-16fcd70 elementor-widget elementor-widget-responsive_table\" data-id=\"16fcd70\" data-element_type=\"widget\" data-e-type=\"widget\" data-widget_type=\"responsive_table.default\">\n\t\t\t\t<div class=\"elementor-widget-container\">\n\t\t\t\t\t<div class=\"ert-responsive-table-wrapper\"><h3 class=\"ert-table-title\">Ann\u00e9e 2025<\/h3><div class=\"ert-table-container\"><table class=\"ert-table ert-borders\"><thead><tr class=\"ert-title-row\"><th scope=\"col\">Taux de r\u00e9ussite<\/th><th scope=\"col\">Taux de Satisfaction<\/th><th scope=\"col\">Nombre d\u2019absents<\/th><\/tr><\/thead><tbody><tr><th scope=\"row\" data-label=\"Taux de r\u00e9ussite\">0%<\/th><td data-label=\"Taux de Satisfaction\">0%<\/td><td data-label=\"Nombre d\u2019absents\">0<\/td><\/tr><\/tbody><\/table><\/div><\/div>\t\t\t\t<\/div>\n\t\t\t\t<\/div>\n\t\t\t\t<div class=\"elementor-element elementor-element-1bd515d4 elementor-widget elementor-widget-text-editor\" data-id=\"1bd515d4\" data-element_type=\"widget\" data-e-type=\"widget\" data-widget_type=\"text-editor.default\">\n\t\t\t\t\t\t\t\t\t<p>Le Maitre Nageur Sauveteur doit tous les 5 ans suivre un stage d\u2019un volume horaire de 24h pour se voir d\u00e9livrer un Certificat d\u2019Aptitude \u00e0 l\u2019Exercice de la Profession de MNS. Son obtention est soumise \u00e0 une d\u00e9lib\u00e9ration de jury.<\/p><p>\u00c0 l&rsquo;issue de la formation, un certificat de comp\u00e9tence de secouriste de niveau 1 sera remis au participant apr\u00e8s certification.<\/p><p>\u00c9ch\u00e9ance enregistrement 15\/09\/2029 &#8211; Num\u00e9ro R.S. (r\u00e9pertoire sp\u00e9cifique), publi\u00e9 part France Comp\u00e9tences : 6533<\/p><p>Certificateur : Minist\u00e8re des Sports et des jeux olympiques et paralympiques.<\/p><p><span style=\"color: #ff0000;\">Pas de formation programm\u00e9e au CNF<\/span><br \/><a href=\"https:\/\/website.fnmns.dev.streamlor.io\/index.php\/2026\/03\/24\/catalogue-des-formations-du-cnf\/\"><span style=\"text-decoration: underline;\">T\u00e9l\u00e9charger le catalogue avec le descriptif de la formation recherch\u00e9<\/span><\/a><span style=\"text-decoration: underline;\">e<\/span><\/p><p><a href=\"https:\/\/website.fnmns.dev.streamlor.io\/wp-content\/uploads\/2026\/03\/2026-CAEP-MNS.pdf\" target=\"_blank\" rel=\"noopener\"><span style=\"text-decoration: underline;\"><span style=\"color: #ff0000;\"><span style=\"color: #000000; text-decoration: underline;\">Nos dates de formation des centres affili\u00e9s<\/span><\/span><\/span><\/a><\/p>\t\t\t\t\t\t\t\t<\/div>\n\t\t\t\t\t<\/div>\n\t\t\t\t<\/div>\n\t\t<div class=\"elementor-element elementor-element-78cc84fe e-flex e-con-boxed e-con e-parent\" data-id=\"78cc84fe\" data-element_type=\"container\" data-e-type=\"container\">\n\t\t\t\t\t<div class=\"e-con-inner\">\n\t\t\t\t<div class=\"elementor-element elementor-element-5333fe6a elementor-widget elementor-widget-heading\" data-id=\"5333fe6a\" data-element_type=\"widget\" data-e-type=\"widget\" data-widget_type=\"heading.default\">\n\t\t\t\t\t<h2 class=\"elementor-heading-title elementor-size-default\">Recyclage Brevet National de S\u00e9curit\u00e9 Sauvetage Aquatique - Recyclage BNSSA<\/h2>\t\t\t\t<\/div>\n\t\t\t\t<div class=\"elementor-element elementor-element-298f631 elementor-widget elementor-widget-responsive_table\" data-id=\"298f631\" data-element_type=\"widget\" data-e-type=\"widget\" data-widget_type=\"responsive_table.default\">\n\t\t\t\t<div class=\"elementor-widget-container\">\n\t\t\t\t\t<div class=\"ert-responsive-table-wrapper\"><h3 class=\"ert-table-title\">Ann\u00e9e 2025<\/h3><div class=\"ert-table-container\"><table class=\"ert-table ert-borders\"><thead><tr class=\"ert-title-row\"><th scope=\"col\">Taux de r\u00e9ussite<\/th><th scope=\"col\">Taux de Satisfaction<\/th><th scope=\"col\">Nombre d\u2019absents<\/th><\/tr><\/thead><tbody><tr><th scope=\"row\" data-label=\"Taux de r\u00e9ussite\">0%<\/th><td data-label=\"Taux de Satisfaction\">0%<\/td><td data-label=\"Nombre d\u2019absents\">0<\/td><\/tr><\/tbody><\/table><\/div><\/div>\t\t\t\t<\/div>\n\t\t\t\t<\/div>\n\t\t\t\t<div class=\"elementor-element elementor-element-13a59274 elementor-widget elementor-widget-text-editor\" data-id=\"13a59274\" data-element_type=\"widget\" data-e-type=\"widget\" data-widget_type=\"text-editor.default\">\n\t\t\t\t\t\t\t\t\t<p>Le titulaire du Brevet National de S\u00e9curit\u00e9 Sauvetage Aquatique doit satisfaire tous les 5 ans \u00e0 un stage de formation et se pr\u00e9senter \u00e0 deux \u00e9preuves de sauvetage. Le titulaire du SSA en eaux int\u00e9rieure ou littorale doit pouvoir justifier d\u2019une v\u00e9rification de maintien des acquis datant de moins d\u2019un an. Il est de plus assujetti \u00e0 une formation continue d\u2019une dur\u00e9e minimale de six heures tous les trois ans.<\/p><p>A l&rsquo;issue de la formation et apr\u00e8s l&rsquo;examen, une attestation de formation conitnue sera remis au participant.<\/p><p>Certificateur : Minist\u00e8re de l&rsquo;int\u00e9rieur et des outre-mer &#8211; Minist\u00e8re des sports et des jeux olympiques et paralympiques.<\/p><p><span style=\"color: #ff0000;\">Contacter le CNF<\/span><br \/><a href=\"https:\/\/website.fnmns.dev.streamlor.io\/index.php\/2026\/03\/24\/catalogue-des-formations-du-cnf\/\"><span style=\"text-decoration: underline;\">T\u00e9l\u00e9charger le catalogue avec le descriptif de la formation recherch\u00e9e<\/span><\/a><\/p>\t\t\t\t\t\t\t\t<\/div>\n\t\t\t\t\t<\/div>\n\t\t\t\t<\/div>\n\t\t<div class=\"elementor-element elementor-element-0c89c92 e-flex e-con-boxed e-con e-parent\" data-id=\"0c89c92\" data-element_type=\"container\" data-e-type=\"container\">\n\t\t\t\t\t<div class=\"e-con-inner\">\n\t\t\t\t<div class=\"elementor-element elementor-element-79bd814 elementor-widget elementor-widget-heading\" data-id=\"79bd814\" data-element_type=\"widget\" data-e-type=\"widget\" data-widget_type=\"heading.default\">\n\t\t\t\t\t<h2 class=\"elementor-heading-title elementor-size-default\">M.A.C. Sauveteur Secouriste du Travail - MAC SST<\/h2>\t\t\t\t<\/div>\n\t\t\t\t<div class=\"elementor-element elementor-element-ed1e0ff elementor-widget elementor-widget-responsive_table\" data-id=\"ed1e0ff\" data-element_type=\"widget\" data-e-type=\"widget\" data-widget_type=\"responsive_table.default\">\n\t\t\t\t<div class=\"elementor-widget-container\">\n\t\t\t\t\t<div class=\"ert-responsive-table-wrapper\"><h3 class=\"ert-table-title\">Ann\u00e9e 2025<\/h3><div class=\"ert-table-container\"><table class=\"ert-table ert-borders\"><thead><tr class=\"ert-title-row\"><th scope=\"col\">Taux de r\u00e9ussite<\/th><th scope=\"col\">Taux de Satisfaction<\/th><th scope=\"col\">Nombre d\u2019absents<\/th><\/tr><\/thead><tbody><tr><th scope=\"row\" data-label=\"Taux de r\u00e9ussite\">0%<\/th><td data-label=\"Taux de Satisfaction\">0%<\/td><td data-label=\"Nombre d\u2019absents\">0<\/td><\/tr><\/tbody><\/table><\/div><\/div>\t\t\t\t<\/div>\n\t\t\t\t<\/div>\n\t\t\t\t<div class=\"elementor-element elementor-element-d046225 elementor-widget elementor-widget-text-editor\" data-id=\"d046225\" data-element_type=\"widget\" data-e-type=\"widget\" data-widget_type=\"text-editor.default\">\n\t\t\t\t\t\t\t\t\t<p>Les titulaires du SST doivent satisfaire \u00e0 un Maintien-Actualisation des Comp\u00e9tences (MAC) tous les 24 mois.<\/p><p>A l&rsquo;issue de la formation, un certificat de Sauveteur Secouriste du Travail sera remis au participant.<\/p><p>Certificateur : INRS<\/p><p><span style=\"color: #ff0000;\">Contacter le CNF<\/span><br \/><span style=\"text-decoration: underline;\"><a href=\"https:\/\/website.fnmns.dev.streamlor.io\/index.php\/2026\/03\/24\/catalogue-des-formations-du-cnf\/\">T\u00e9l\u00e9charger le catalogue avec le descriptif de la formation recherch\u00e9e<\/a><\/span><\/p>\t\t\t\t\t\t\t\t<\/div>\n\t\t\t\t\t<\/div>\n\t\t\t\t<\/div>\n\t\t<div class=\"elementor-element elementor-element-41d58de e-flex e-con-boxed e-con e-parent\" data-id=\"41d58de\" data-element_type=\"container\" data-e-type=\"container\">\n\t\t\t\t\t<div class=\"e-con-inner\">\n\t\t\t\t<div class=\"elementor-element elementor-element-d2fdcb8 elementor-widget elementor-widget-heading\" data-id=\"d2fdcb8\" data-element_type=\"widget\" data-e-type=\"widget\" data-widget_type=\"heading.default\">\n\t\t\t\t\t<h2 class=\"elementor-heading-title elementor-size-default\">Formation Continue de Formateur PSC\/PS - F.C. Formateur<\/h2>\t\t\t\t<\/div>\n\t\t\t\t<div class=\"elementor-element elementor-element-f7451e6 elementor-widget elementor-widget-responsive_table\" data-id=\"f7451e6\" data-element_type=\"widget\" data-e-type=\"widget\" data-widget_type=\"responsive_table.default\">\n\t\t\t\t<div class=\"elementor-widget-container\">\n\t\t\t\t\t<div class=\"ert-responsive-table-wrapper\"><h3 class=\"ert-table-title\">Ann\u00e9e 2025<\/h3><div class=\"ert-table-container\"><table class=\"ert-table ert-borders\"><thead><tr class=\"ert-title-row\"><th scope=\"col\">Taux de r\u00e9ussite<\/th><th scope=\"col\">Taux de Satisfaction<\/th><th scope=\"col\">Nombre d\u2019absents<\/th><\/tr><\/thead><tbody><tr><th scope=\"row\" data-label=\"Taux de r\u00e9ussite\">100%<\/th><td data-label=\"Taux de Satisfaction\">96%<\/td><td data-label=\"Nombre d\u2019absents\">0<\/td><\/tr><\/tbody><\/table><\/div><\/div>\t\t\t\t<\/div>\n\t\t\t\t<\/div>\n\t\t\t\t<div class=\"elementor-element elementor-element-8351fc0 elementor-widget elementor-widget-text-editor\" data-id=\"8351fc0\" data-element_type=\"widget\" data-e-type=\"widget\" data-widget_type=\"text-editor.default\">\n\t\t\t\t\t\t\t\t\t<p style=\"text-align: center;\">Taux d&rsquo;accomplissement 2025 : <span style=\"color: #008fb0;\">100%<\/span><\/p><p>Les formateurs doivent suivre une formation continue de minimum 6 heures tous les ans. En outre, ils doivent justifier d\u2019une activit\u00e9. Les formateurs doivent participer activement aux activit\u00e9s de l\u2019organisme de formation auquel ils sont rattach\u00e9s pour figurer sur la liste de l\u2019autorit\u00e9 d\u2019emploi.<\/p><p>\u00c0 l&rsquo;issue de la formation, une attestation de formation continue de formateur PSC et\/ou PSE sera remise au participant.<\/p><p>La date et le num\u00e9ro R.S. (r\u00e9pertoire sp\u00e9cifique), non publi\u00e9 \u00e0 France Comp\u00e9tences. Anciennement R.S. 5721 (PAE F PSE)<br \/>La date et le num\u00e9ro R.S. (r\u00e9pertoire sp\u00e9cifique), non publi\u00e9 \u00e0 France Comp\u00e9tences. Anciennement R.S. 5722 (PAE F PSC)<\/p><p>Certificateur : Minist\u00e8re de l&rsquo;Int\u00e9rieur et des outre-mer<\/p><p><span style=\"color: #ff0000;\">Contacter le CNF<\/span><br \/><span style=\"text-decoration: underline;\"><a href=\"https:\/\/website.fnmns.dev.streamlor.io\/index.php\/2026\/03\/24\/catalogue-des-formations-du-cnf\/\">T\u00e9l\u00e9charger le catalogue avec le descriptif de la formation recherch\u00e9e<\/a><\/span><\/p>\t\t\t\t\t\t\t\t<\/div>\n\t\t\t\t\t<\/div>\n\t\t\t\t<\/div>\n\t\t<div class=\"elementor-element elementor-element-ee245ab e-flex e-con-boxed e-con e-parent\" data-id=\"ee245ab\" data-element_type=\"container\" data-e-type=\"container\">\n\t\t\t\t\t<div class=\"e-con-inner\">\n\t\t\t\t<div class=\"elementor-element elementor-element-c3410dd elementor-widget elementor-widget-heading\" data-id=\"c3410dd\" data-element_type=\"widget\" data-e-type=\"widget\" data-widget_type=\"heading.default\">\n\t\t\t\t\t<h2 class=\"elementor-heading-title elementor-size-default\">Formation Continue de Formateur de Formateurs - FC FDF <\/h2>\t\t\t\t<\/div>\n\t\t\t\t<div class=\"elementor-element elementor-element-cf7f3dc elementor-widget elementor-widget-responsive_table\" data-id=\"cf7f3dc\" data-element_type=\"widget\" data-e-type=\"widget\" data-widget_type=\"responsive_table.default\">\n\t\t\t\t<div class=\"elementor-widget-container\">\n\t\t\t\t\t<div class=\"ert-responsive-table-wrapper\"><h3 class=\"ert-table-title\">Ann\u00e9e 2025<\/h3><div class=\"ert-table-container\"><table class=\"ert-table ert-borders\"><thead><tr class=\"ert-title-row\"><th scope=\"col\">Taux de r\u00e9ussite<\/th><th scope=\"col\">Taux de Satisfaction<\/th><th scope=\"col\">Nombre d\u2019absents<\/th><\/tr><\/thead><tbody><tr><th scope=\"row\" data-label=\"Taux de r\u00e9ussite\">100%<\/th><td data-label=\"Taux de Satisfaction\">82%<\/td><td data-label=\"Nombre d\u2019absents\">0<\/td><\/tr><\/tbody><\/table><\/div><\/div>\t\t\t\t<\/div>\n\t\t\t\t<\/div>\n\t\t\t\t<div class=\"elementor-element elementor-element-6c84f74 elementor-widget elementor-widget-text-editor\" data-id=\"6c84f74\" data-element_type=\"widget\" data-e-type=\"widget\" data-widget_type=\"text-editor.default\">\n\t\t\t\t\t\t\t\t\t<p style=\"text-align: center;\">Taux d&rsquo;accomplissement 2025 : <span style=\"color: #008fb0;\">100%<\/span><\/p><p>Les formateurs de formateurs doivent suivre une formation continue de minimum 6 heures tous les ans. En outre, ils doivent justifier d\u2019une activit\u00e9. Les formateurs de formateurs doivent participer activement aux activit\u00e9s de l\u2019organisme de formation auquel ils sont rattach\u00e9s pour figurer sur la liste de l\u2019autorit\u00e9 d\u2019emploi.<\/p><p>\u00c0 l&rsquo;issue de la formation, une attestation de formation continue de formateur sera remise au participant.<\/p><p>La date et le num\u00e9ro R.S. (r\u00e9pertoire sp\u00e9cifique), non publi\u00e9 \u00e0 France Comp\u00e9tences. Anciennement R.S. 5723<\/p><p>Certificateur : Minist\u00e8re de l&rsquo;Int\u00e9rieur et des outre-mer<\/p><p><span style=\"color: #ff0000;\">Contacter le CNF<\/span><br \/><span style=\"text-decoration: underline;\"><a href=\"https:\/\/website.fnmns.dev.streamlor.io\/index.php\/2026\/03\/24\/catalogue-des-formations-du-cnf\/\">T\u00e9l\u00e9charger le catalogue avec le descriptif de la formation recherch\u00e9e<\/a><\/span><\/p>\t\t\t\t\t\t\t\t<\/div>\n\t\t\t\t\t<\/div>\n\t\t\t\t<\/div>\n\t\t<div class=\"elementor-element elementor-element-17054bc6 e-flex e-con-boxed e-con e-parent\" data-id=\"17054bc6\" data-element_type=\"container\" data-e-type=\"container\">\n\t\t\t\t\t<div class=\"e-con-inner\">\n\t\t\t\t\t<\/div>\n\t\t\t\t<\/div>\n\t\t\t\t<\/div>\n\t\t","protected":false},"excerpt":{"rendered":"<p>Formations continues et recyclages La FNMNS assure les formations continues et les recyclages en mati\u00e8re de secourisme (formations continues PSE1 et PSE2) et de sauvetage (Certificat d\u2019Aptitude \u00e0 l\u2019Exercice de la Profession de MNS et recyclage BNSSA). Pour vous informer sur les diff\u00e9rentes actions de formation se d\u00e9roulant dans tous les d\u00e9partements, rendez-vous sur la&#8230;<\/p>\n","protected":false},"author":1,"featured_media":0,"parent":938,"menu_order":18,"comment_status":"closed","ping_status":"closed","template":"","meta":{"_kad_post_transparent":"","_kad_post_title":"hide","_kad_post_layout":"fullwidth","_kad_post_sidebar_id":"","_kad_post_content_style":"unboxed","_kad_post_vertical_padding":"hide","_kad_post_feature":"hide","_kad_post_feature_position":"","_kad_post_header":false,"_kad_post_footer":false,"footnotes":""},"class_list":["post-958","page","type-page","status-publish","hentry"],"_links":{"self":[{"href":"https:\/\/website.fnmns.dev.streamlor.io\/index.php\/wp-json\/wp\/v2\/pages\/958","targetHints":{"allow":["GET"]}}],"collection":[{"href":"https:\/\/website.fnmns.dev.streamlor.io\/index.php\/wp-json\/wp\/v2\/pages"}],"about":[{"href":"https:\/\/website.fnmns.dev.streamlor.io\/index.php\/wp-json\/wp\/v2\/types\/page"}],"author":[{"embeddable":true,"href":"https:\/\/website.fnmns.dev.streamlor.io\/index.php\/wp-json\/wp\/v2\/users\/1"}],"replies":[{"embeddable":true,"href":"https:\/\/website.fnmns.dev.streamlor.io\/index.php\/wp-json\/wp\/v2\/comments?post=958"}],"version-history":[{"count":46,"href":"https:\/\/website.fnmns.dev.streamlor.io\/index.php\/wp-json\/wp\/v2\/pages\/958\/revisions"}],"predecessor-version":[{"id":4298,"href":"https:\/\/website.fnmns.dev.streamlor.io\/index.php\/wp-json\/wp\/v2\/pages\/958\/revisions\/4298"}],"up":[{"embeddable":true,"href":"https:\/\/website.fnmns.dev.streamlor.io\/index.php\/wp-json\/wp\/v2\/pages\/938"}],"wp:attachment":[{"href":"https:\/\/website.fnmns.dev.streamlor.io\/index.php\/wp-json\/wp\/v2\/media?parent=958"}],"curies":[{"name":"wp","href":"https:\/\/api.w.org\/{rel}","templated":true}]}}