{"id":960,"date":"2026-03-12T13:46:46","date_gmt":"2026-03-12T12:46:46","guid":{"rendered":"https:\/\/website.fnmns.dev.streamlor.io\/?page_id=960"},"modified":"2026-03-25T13:31:26","modified_gmt":"2026-03-25T12:31:26","slug":"formations-de-formateurs","status":"publish","type":"page","link":"https:\/\/website.fnmns.dev.streamlor.io\/index.php\/formations\/formations-de-formateurs\/","title":{"rendered":"Formations de Formateurs"},"content":{"rendered":"\t\t<div data-elementor-type=\"wp-page\" data-elementor-id=\"960\" class=\"elementor elementor-960\" data-elementor-post-type=\"page\">\n\t\t\t\t\t\t<section class=\"elementor-section elementor-top-section elementor-element elementor-element-57f899d6 elementor-section-boxed elementor-section-height-default elementor-section-height-default\" data-id=\"57f899d6\" data-element_type=\"section\" data-e-type=\"section\">\n\t\t\t\t\t\t<div class=\"elementor-container elementor-column-gap-wider\">\n\t\t\t\t\t<div class=\"elementor-column elementor-col-100 elementor-top-column elementor-element elementor-element-24581e\" data-id=\"24581e\" data-element_type=\"column\" data-e-type=\"column\">\n\t\t\t<div class=\"elementor-widget-wrap elementor-element-populated\">\n\t\t\t\t\t\t<div class=\"elementor-element elementor-element-5bfb522a elementor-widget elementor-widget-heading\" data-id=\"5bfb522a\" data-element_type=\"widget\" data-e-type=\"widget\" data-widget_type=\"heading.default\">\n\t\t\t\t\t<h1 class=\"elementor-heading-title elementor-size-default\">Formations de Formateurs<\/h1>\t\t\t\t<\/div>\n\t\t\t\t<div class=\"elementor-element elementor-element-1c89a141 elementor-widget-divider--view-line elementor-widget elementor-widget-divider\" data-id=\"1c89a141\" data-element_type=\"widget\" data-e-type=\"widget\" data-widget_type=\"divider.default\">\n\t\t\t\t\t\t\t<div class=\"elementor-divider\">\n\t\t\t<span class=\"elementor-divider-separator\">\n\t\t\t\t\t\t<\/span>\n\t\t<\/div>\n\t\t\t\t\t\t<\/div>\n\t\t\t\t\t<\/div>\n\t\t<\/div>\n\t\t\t\t\t<\/div>\n\t\t<\/section>\n\t\t<div class=\"elementor-element elementor-element-2dbc94e7 e-flex e-con-boxed e-con e-parent\" data-id=\"2dbc94e7\" data-element_type=\"container\" data-e-type=\"container\">\n\t\t\t\t\t<div class=\"e-con-inner\">\n\t\t<div class=\"elementor-element elementor-element-5b018fb3 e-con-full e-flex e-con e-child\" data-id=\"5b018fb3\" data-element_type=\"container\" data-e-type=\"container\">\n\t\t<div class=\"elementor-element elementor-element-1cb90f48 e-con-full e-flex e-con e-child\" data-id=\"1cb90f48\" data-element_type=\"container\" data-e-type=\"container\">\n\t\t\t\t<div class=\"elementor-element elementor-element-42e42af3 elementor-widget elementor-widget-text-editor\" data-id=\"42e42af3\" data-element_type=\"widget\" data-e-type=\"widget\" data-widget_type=\"text-editor.default\">\n\t\t\t\t\t\t\t\t\t<p>La FNMNS assure des formation de Formateurs 1er Secours, Formateur Sauveteur Aquatique et Formateur de Formateurs.<\/p>\t\t\t\t\t\t\t\t<\/div>\n\t\t\t\t<\/div>\n\t\t\t\t<\/div>\n\t\t\t\t\t<\/div>\n\t\t\t\t<\/div>\n\t\t<div class=\"elementor-element elementor-element-6783cb25 e-flex e-con-boxed e-con e-parent\" data-id=\"6783cb25\" data-element_type=\"container\" data-e-type=\"container\">\n\t\t\t\t\t<div class=\"e-con-inner\">\n\t\t\t\t<div class=\"elementor-element elementor-element-18c3cdc4 elementor-widget elementor-widget-heading\" data-id=\"18c3cdc4\" data-element_type=\"widget\" data-e-type=\"widget\" data-widget_type=\"heading.default\">\n\t\t\t\t\t<h2 class=\"elementor-heading-title elementor-size-default\">Devenir Formateur<\/h2>\t\t\t\t<\/div>\n\t\t\t\t<div class=\"elementor-element elementor-element-af3f981 elementor-widget elementor-widget-text-editor\" data-id=\"af3f981\" data-element_type=\"widget\" data-e-type=\"widget\" data-widget_type=\"text-editor.default\">\n\t\t\t\t\t\t\t\t\t<p>Les personnes qui d\u00e9sirent obtenir des comp\u00e9tences techniques et p\u00e9dagogiques requises pour l&rsquo;enseignement des premiers secours ou du sauvetage aquatique, doivent \u00eatre initi\u00e9es aux techniques p\u00e9dagogiques, aux proc\u00e9dures d&rsquo;apprentissages et d&rsquo;\u00e9valuations. Il est important de se renseigner sur les pr\u00e9 requis et de bien les maitriser.<\/p><p>Les formateurs sont soumis tous les ans \u00e0 une formation continue organis\u00e9e par leur autorit\u00e9 d&#8217;emploi.<\/p>\t\t\t\t\t\t\t\t<\/div>\n\t\t\t\t\t<\/div>\n\t\t\t\t<\/div>\n\t\t<div class=\"elementor-element elementor-element-582b4c29 e-flex e-con-boxed e-con e-parent\" data-id=\"582b4c29\" data-element_type=\"container\" data-e-type=\"container\">\n\t\t\t\t\t<div class=\"e-con-inner\">\n\t\t\t\t<div class=\"elementor-element elementor-element-db2f181 elementor-widget elementor-widget-heading\" data-id=\"db2f181\" data-element_type=\"widget\" data-e-type=\"widget\" data-widget_type=\"heading.default\">\n\t\t\t\t\t<h2 class=\"elementor-heading-title elementor-size-default\">Formation \u00e0 la P\u00e9dagogie Appliqu\u00e9e \u00e0 l'Emploi de Formateur en Sauvetage Aquatique - PAE F SA <\/h2>\t\t\t\t<\/div>\n\t\t\t\t<div class=\"elementor-element elementor-element-45ac0c9 elementor-widget elementor-widget-responsive_table\" data-id=\"45ac0c9\" data-element_type=\"widget\" data-e-type=\"widget\" data-widget_type=\"responsive_table.default\">\n\t\t\t\t<div class=\"elementor-widget-container\">\n\t\t\t\t\t<div class=\"ert-responsive-table-wrapper\"><h3 class=\"ert-table-title\">Ann\u00e9e 2025<\/h3><div class=\"ert-table-container\"><table class=\"ert-table ert-borders\"><thead><tr class=\"ert-title-row\"><th scope=\"col\">Taux de r\u00e9ussite<\/th><th scope=\"col\">Taux de Satisfaction<\/th><th scope=\"col\">Nombre d\u2019absents<\/th><\/tr><\/thead><tbody><tr><th scope=\"row\" data-label=\"Taux de r\u00e9ussite\">100%<\/th><td data-label=\"Taux de Satisfaction\">100%<\/td><td data-label=\"Nombre d\u2019absents\">0<\/td><\/tr><\/tbody><\/table><\/div><\/div>\t\t\t\t<\/div>\n\t\t\t\t<\/div>\n\t\t\t\t<div class=\"elementor-element elementor-element-62d82fd8 elementor-widget elementor-widget-text-editor\" data-id=\"62d82fd8\" data-element_type=\"widget\" data-e-type=\"widget\" data-widget_type=\"text-editor.default\">\n\t\t\t\t\t\t\t\t\t<p style=\"text-align: center;\">Taux d&rsquo;accomplissement 2025 : <span style=\"color: #008fb0;\">100%<\/span><\/p><p>Les personnes qui d\u00e9sirent obtenir les comp\u00e9tences techniques et p\u00e9dagogiques requises pour la formation du Surveillant Sauveteur Aquatique en Eaux int\u00e9rieur ou sur le littoral, doivent \u00eatre initi\u00e9es aux techniques p\u00e9dagogiques, aux proc\u00e9dures d&rsquo;apprentissage et \u00e0 l&rsquo;\u00e9valuation des techniques de sauvetage. La dur\u00e9e de la formation est de 50h \u00e0 70h selon le niveau \u00e0 atteindre.<\/p><p>Pr\u00e9-requis : PSE2, SSA Littoral, permis c\u00f4tier.<\/p><p>\u00c0 l&rsquo;issue de la formation et apr\u00e8s d\u00e9lib\u00e9rations du jury, un certificat de comp\u00e9tences de formateur au sauvetage aquatique sera d\u00e9livr\u00e9 par le pr\u00e9fet du d\u00e9partement.<\/p><p>La date et le num\u00e9ro R.S. (r\u00e9pertoire sp\u00e9cifique), non publi\u00e9 part France Comp\u00e9tences. Anciennement R.S. 5919<\/p><p>Certificateur : Minist\u00e8re de l&rsquo;Int\u00e9rieur et des outre-mer<\/p><p><span style=\"color: #ff0000;\">Contacter le CNF ou consulter r\u00e9guli\u00e8rement les News<\/span><br \/><a href=\"https:\/\/website.fnmns.dev.streamlor.io\/index.php\/2026\/03\/24\/catalogue-des-formations-du-cnf\/\"><span style=\"text-decoration: underline;\">T\u00e9l\u00e9charger le catalogue avec le descriptif de la formation recherch\u00e9<\/span><\/a><span style=\"text-decoration: underline;\">e<\/span><\/p>\t\t\t\t\t\t\t\t<\/div>\n\t\t\t\t\t<\/div>\n\t\t\t\t<\/div>\n\t\t<div class=\"elementor-element elementor-element-7e37fa51 e-flex e-con-boxed e-con e-parent\" data-id=\"7e37fa51\" data-element_type=\"container\" data-e-type=\"container\">\n\t\t\t\t\t<div class=\"e-con-inner\">\n\t\t\t\t<div class=\"elementor-element elementor-element-2fb65b81 elementor-widget elementor-widget-heading\" data-id=\"2fb65b81\" data-element_type=\"widget\" data-e-type=\"widget\" data-widget_type=\"heading.default\">\n\t\t\t\t\t<h2 class=\"elementor-heading-title elementor-size-default\">Formateur Sauveteur Secouriste du Travail - Formateur SST<\/h2>\t\t\t\t<\/div>\n\t\t\t\t<div class=\"elementor-element elementor-element-fe0ac2c elementor-widget elementor-widget-responsive_table\" data-id=\"fe0ac2c\" data-element_type=\"widget\" data-e-type=\"widget\" data-widget_type=\"responsive_table.default\">\n\t\t\t\t<div class=\"elementor-widget-container\">\n\t\t\t\t\t<div class=\"ert-responsive-table-wrapper\"><h3 class=\"ert-table-title\">Ann\u00e9e 2025<\/h3><div class=\"ert-table-container\"><table class=\"ert-table ert-borders\"><thead><tr class=\"ert-title-row\"><th scope=\"col\">Taux de r\u00e9ussite<\/th><th scope=\"col\">Taux de Satisfaction<\/th><th scope=\"col\">Nombre d\u2019absents<\/th><\/tr><\/thead><tbody><tr><th scope=\"row\" data-label=\"Taux de r\u00e9ussite\">0%<\/th><td data-label=\"Taux de Satisfaction\">0%<\/td><td data-label=\"Nombre d\u2019absents\">0<\/td><\/tr><\/tbody><\/table><\/div><\/div>\t\t\t\t<\/div>\n\t\t\t\t<\/div>\n\t\t\t\t<div class=\"elementor-element elementor-element-2a410871 elementor-widget elementor-widget-text-editor\" data-id=\"2a410871\" data-element_type=\"widget\" data-e-type=\"widget\" data-widget_type=\"text-editor.default\">\n\t\t\t\t\t\t\t\t\t<p>La formation de formateur est aujourd\u2019hui essentiellement dispens\u00e9e par des organismes de formation habilit\u00e9s par le r\u00e9seau Assurance maladie-Risques professionnels \/ INRS.<br \/>Elle n\u00e9cessite d\u2019acqu\u00e9rir au pr\u00e9alable des comp\u00e9tences de bases en pr\u00e9vention (formation gratuite en ligne propos\u00e9e par l\u2019INRS).<br \/>Un formateur titulaire de l\u2019unit\u00e9 d\u2019enseignement \u00ab P\u00e9dagogie appliqu\u00e9e aux emplois de Premiers secours civiques \u00bb du minist\u00e8re de l\u2019Int\u00e9rieur peut devenir formateur SST en suivant une formation passerelle compl\u00e9mentaire. Dur\u00e9e de formation minimum 28h si titulaire d&rsquo;une PAE PSC ou PS.<\/p><p>Pr\u00e9-requis : SST \u00e0 jour de sa formation continue<\/p><p>\u00c0 l&rsquo;issue de la formation, un certificat Formateur de Sauveteur Secouriste du Travail sera remis au participant.<\/p><p>Certificateur : INRS<\/p><p><span style=\"color: #ff0000;\">Contacter le CNF<\/span><br \/><a href=\"https:\/\/website.fnmns.dev.streamlor.io\/index.php\/2026\/03\/24\/catalogue-des-formations-du-cnf\/\"><span style=\"text-decoration: underline;\">T\u00e9l\u00e9charger le catalogue avec le descriptif de la formation recherch\u00e9<\/span><\/a><span style=\"text-decoration: underline;\">e<\/span><\/p>\t\t\t\t\t\t\t\t<\/div>\n\t\t\t\t\t<\/div>\n\t\t\t\t<\/div>\n\t\t<div class=\"elementor-element elementor-element-a1858e5 e-flex e-con-boxed e-con e-parent\" data-id=\"a1858e5\" data-element_type=\"container\" data-e-type=\"container\">\n\t\t\t\t\t<div class=\"e-con-inner\">\n\t\t\t\t<div class=\"elementor-element elementor-element-14794fd elementor-widget elementor-widget-heading\" data-id=\"14794fd\" data-element_type=\"widget\" data-e-type=\"widget\" data-widget_type=\"heading.default\">\n\t\t\t\t\t<h2 class=\"elementor-heading-title elementor-size-default\">Formation P\u00e9dagogie Appliqu\u00e9e \u00e0 l'Emploi de Formateur de Formateurs - PAE FDF<\/h2>\t\t\t\t<\/div>\n\t\t\t\t<div class=\"elementor-element elementor-element-9f1d595 elementor-widget elementor-widget-responsive_table\" data-id=\"9f1d595\" data-element_type=\"widget\" data-e-type=\"widget\" data-widget_type=\"responsive_table.default\">\n\t\t\t\t<div class=\"elementor-widget-container\">\n\t\t\t\t\t<div class=\"ert-responsive-table-wrapper\"><h3 class=\"ert-table-title\">Ann\u00e9e 2025<\/h3><div class=\"ert-table-container\"><table class=\"ert-table ert-borders\"><thead><tr class=\"ert-title-row\"><th scope=\"col\">Taux de r\u00e9ussite<\/th><th scope=\"col\">Taux de Satisfaction<\/th><th scope=\"col\">Nombre d\u2019absents<\/th><\/tr><\/thead><tbody><tr><th scope=\"row\" data-label=\"Taux de r\u00e9ussite\">100%<\/th><td data-label=\"Taux de Satisfaction\">100%<\/td><td data-label=\"Nombre d\u2019absents\">0<\/td><\/tr><\/tbody><\/table><\/div><\/div>\t\t\t\t<\/div>\n\t\t\t\t<\/div>\n\t\t\t\t<div class=\"elementor-element elementor-element-214c602 elementor-widget elementor-widget-text-editor\" data-id=\"214c602\" data-element_type=\"widget\" data-e-type=\"widget\" data-widget_type=\"text-editor.default\">\n\t\t\t\t\t\t\t\t\t<p>Les formateurs souhaitant acqu\u00e9rir les comp\u00e9tences p\u00e9dagogiques n\u00e9cessaires \u00e0 l&rsquo;enseignement de la formation de formateur, doivent b\u00e9n\u00e9ficier au minimum de trois ans d\u2019exp\u00e9rience comme formateurs, avant de se lancer. La dur\u00e9e minimum de la formation est de 50h.<\/p><p>Pr\u00e9-requis : ouvert \u00e0 toute personne majeure qui d\u00e9tient une PAE \/ Tutorat souhait\u00e9<\/p><p>A l&rsquo;issue de la formation, un certificat de comp\u00e9tences de formateur de formateurs remis au participant.<\/p><p>La date et le num\u00e9ro R.S. (r\u00e9pertoire sp\u00e9cifique), non publi\u00e9 part France Comp\u00e9tences. Anciennement R.S. 5723<\/p><p>Certificateur : Minist\u00e8re de l&rsquo;Int\u00e9rieur et des outre-mer<\/p><p><span style=\"color: #ff0000;\">Contacter le CNF<\/span><br \/><a href=\"https:\/\/website.fnmns.dev.streamlor.io\/index.php\/2026\/03\/24\/catalogue-des-formations-du-cnf\/\"><span style=\"text-decoration: underline;\">T\u00e9l\u00e9charger le catalogue avec le descriptif de la formation recherch\u00e9<\/span><\/a><span style=\"text-decoration: underline;\">e<\/span><\/p>\t\t\t\t\t\t\t\t<\/div>\n\t\t\t\t\t<\/div>\n\t\t\t\t<\/div>\n\t\t<div class=\"elementor-element elementor-element-2897b8af e-flex e-con-boxed e-con e-parent\" data-id=\"2897b8af\" data-element_type=\"container\" data-e-type=\"container\">\n\t\t\t\t\t<div class=\"e-con-inner\">\n\t\t\t\t<div class=\"elementor-element elementor-element-23aa463f elementor-widget elementor-widget-heading\" data-id=\"23aa463f\" data-element_type=\"widget\" data-e-type=\"widget\" data-widget_type=\"heading.default\">\n\t\t\t\t\t<h2 class=\"elementor-heading-title elementor-size-default\">Formation P\u00e9dagogie Appliqu\u00e9e \u00e0 l'Emploi de Formateur PSC \/ PSE - PAE F PSC \/ PSE<\/h2>\t\t\t\t<\/div>\n\t\t\t\t<div class=\"elementor-element elementor-element-2e5b5e4 elementor-widget elementor-widget-responsive_table\" data-id=\"2e5b5e4\" data-element_type=\"widget\" data-e-type=\"widget\" data-widget_type=\"responsive_table.default\">\n\t\t\t\t<div class=\"elementor-widget-container\">\n\t\t\t\t\t<div class=\"ert-responsive-table-wrapper\"><h3 class=\"ert-table-title\">Ann\u00e9e 2025<\/h3><div class=\"ert-table-container\"><table class=\"ert-table ert-borders\"><thead><tr class=\"ert-title-row\"><th scope=\"col\">Taux de r\u00e9ussite<\/th><th scope=\"col\">Taux de Satisfaction<\/th><th scope=\"col\">Nombre d\u2019absents<\/th><\/tr><\/thead><tbody><tr><th scope=\"row\" data-label=\"Taux de r\u00e9ussite\">100%<\/th><td data-label=\"Taux de Satisfaction\">76%<\/td><td data-label=\"Nombre d\u2019absents\">0<\/td><\/tr><\/tbody><\/table><\/div><\/div>\t\t\t\t<\/div>\n\t\t\t\t<\/div>\n\t\t\t\t<div class=\"elementor-element elementor-element-2f141bbc elementor-widget elementor-widget-text-editor\" data-id=\"2f141bbc\" data-element_type=\"widget\" data-e-type=\"widget\" data-widget_type=\"text-editor.default\">\n\t\t\t\t\t\t\t\t\t<p style=\"text-align: center;\">Taux d&rsquo;accomplissement 2025 : <span style=\"color: #008fb0;\">100%<\/span><\/p><p>Le pr\u00e9-requis pour devenir formateur aux Premiers secours, est la formation \u00e0 la P\u00e9dagogie Initiale Commune (PIC F).<\/p><p>Cette formation peut se faire s\u00e9par\u00e9ment ou simultan\u00e9ment \u00e0 une formation sp\u00e9cialis\u00e9e (secourisme ou sauvetage aquatique).<\/p><p>Formateur aux Premiers Secours Citoyen (PSC) : \u00catre titulaire du PSC obtenir le PIC F et la P\u00e9dagogie Adapt\u00e9e \u00e0 l&rsquo;Emploi de Formateur PSC (PAE-PSC)<\/p><p>Formateur aux Premiers Secours en \u00c9quipe (PSE1 &amp; 2) : \u00catre titulaire du PSE 2 obtenir le PIC F et la P\u00e9dagogie Adapt\u00e9e \u00e0 l&rsquo;Emploi de Formateur PSE (PAE-PSE)<\/p><p>La dur\u00e9e de la formation est de 50h \u00e0 70h selon le niveau \u00e0 atteindre.<\/p><p>\u00c0 l&rsquo;issue de la formation et apr\u00e8s d\u00e9lib\u00e9rations du jury, un certificat de comp\u00e9tences de formateur aux premiers secours citoyen et\/ou premiers secours en \u00e9quipe sera d\u00e9livr\u00e9 par le pr\u00e9fet du d\u00e9partement.<\/p><p>La date et le num\u00e9ro R.S. (r\u00e9pertoire sp\u00e9cifique), non publi\u00e9 part France Comp\u00e9tences. Anciennement R.S. 5721 (PAE F PSC)<\/p><p>La date et le num\u00e9ro R.S. (r\u00e9pertoire sp\u00e9cifique), non publi\u00e9 part France Comp\u00e9tences. Anciennement R.S. 5722 (PAE F PSE)<\/p><p>Certificateur : Minist\u00e8re de l&rsquo;Int\u00e9rieur et des outre-mer<\/p><p><span style=\"color: #ff0000;\">Contacter le CNF ou consultez r\u00e9guli\u00e8rement les News<\/span><br \/><a href=\"https:\/\/website.fnmns.dev.streamlor.io\/index.php\/2026\/03\/24\/catalogue-des-formations-du-cnf\/\"><span style=\"text-decoration: underline;\">T\u00e9l\u00e9charger le catalogue avec le descriptif de la formation recherch\u00e9<\/span><\/a><span style=\"text-decoration: underline;\">e<\/span><\/p>\t\t\t\t\t\t\t\t<\/div>\n\t\t\t\t\t<\/div>\n\t\t\t\t<\/div>\n\t\t<div class=\"elementor-element elementor-element-5c4dfc8 e-flex e-con-boxed e-con e-parent\" data-id=\"5c4dfc8\" data-element_type=\"container\" data-e-type=\"container\">\n\t\t\t\t\t<div class=\"e-con-inner\">\n\t\t\t\t<div class=\"elementor-element elementor-element-e886946 elementor-widget elementor-widget-heading\" data-id=\"e886946\" data-element_type=\"widget\" data-e-type=\"widget\" data-widget_type=\"heading.default\">\n\t\t\t\t\t<h2 class=\"elementor-heading-title elementor-size-default\">Formation \u00e0 la Conception et Encadrement de Formation - CEF<\/h2>\t\t\t\t<\/div>\n\t\t\t\t<div class=\"elementor-element elementor-element-43505a1 elementor-widget elementor-widget-responsive_table\" data-id=\"43505a1\" data-element_type=\"widget\" data-e-type=\"widget\" data-widget_type=\"responsive_table.default\">\n\t\t\t\t<div class=\"elementor-widget-container\">\n\t\t\t\t\t<div class=\"ert-responsive-table-wrapper\"><h3 class=\"ert-table-title\">Ann\u00e9e 2025<\/h3><div class=\"ert-table-container\"><table class=\"ert-table ert-borders\"><thead><tr class=\"ert-title-row\"><th scope=\"col\">Taux de r\u00e9ussite<\/th><th scope=\"col\">Taux de Satisfaction<\/th><th scope=\"col\">Nombre d\u2019absents<\/th><\/tr><\/thead><tbody><tr><th scope=\"row\" data-label=\"Taux de r\u00e9ussite\">100%<\/th><td data-label=\"Taux de Satisfaction\">100%<\/td><td data-label=\"Nombre d\u2019absents\">0<\/td><\/tr><\/tbody><\/table><\/div><\/div>\t\t\t\t<\/div>\n\t\t\t\t<\/div>\n\t\t\t\t<div class=\"elementor-element elementor-element-d78c8c5 elementor-widget elementor-widget-text-editor\" data-id=\"d78c8c5\" data-element_type=\"widget\" data-e-type=\"widget\" data-widget_type=\"text-editor.default\">\n\t\t\t\t\t\t\t\t\t<p style=\"text-align: center;\">Taux d&rsquo;accomplissement 2025 : <span style=\"color: #008fb0;\">100%<\/span><\/p><p>Les formateurs de formateurs souhaitant acqu\u00e9rir les comp\u00e9tences p\u00e9dagogiques n\u00e9cessaires pour devenir responsable p\u00e9dagogique dans le cadre d&rsquo;une PAE de formateur, doivent b\u00e9n\u00e9ficier de cette formation. La dur\u00e9e minimum de la formation est de 42h.<\/p><p>A l&rsquo;issue de la formation, un certificat de comp\u00e9tences conception et encadrement de formation sera remis au participant.<\/p><p>La date et le num\u00e9ro R.S. (r\u00e9pertoire sp\u00e9cifique), non publi\u00e9 part France Comp\u00e9tences. Anciennement R.S. 5724<\/p><p>Certificateur : Minist\u00e8re de l&rsquo;int\u00e9rieur et des outre-mer<\/p>\t\t\t\t\t\t\t\t<\/div>\n\t\t\t\t\t<\/div>\n\t\t\t\t<\/div>\n\t\t<div class=\"elementor-element elementor-element-32e34f0a e-flex e-con-boxed e-con e-parent\" data-id=\"32e34f0a\" data-element_type=\"container\" data-e-type=\"container\">\n\t\t\t\t\t<div class=\"e-con-inner\">\n\t\t\t\t\t<\/div>\n\t\t\t\t<\/div>\n\t\t\t\t<\/div>\n\t\t","protected":false},"excerpt":{"rendered":"<p>Formations de Formateurs La FNMNS assure des formation de Formateurs 1er Secours, Formateur Sauveteur Aquatique et Formateur de Formateurs. Devenir Formateur Les personnes qui d\u00e9sirent obtenir des comp\u00e9tences techniques et p\u00e9dagogiques requises pour l&rsquo;enseignement des premiers secours ou du sauvetage aquatique, doivent \u00eatre initi\u00e9es aux techniques p\u00e9dagogiques, aux proc\u00e9dures d&rsquo;apprentissages et d&rsquo;\u00e9valuations. Il est important&#8230;<\/p>\n","protected":false},"author":1,"featured_media":0,"parent":938,"menu_order":19,"comment_status":"closed","ping_status":"closed","template":"","meta":{"_kad_post_transparent":"","_kad_post_title":"hide","_kad_post_layout":"fullwidth","_kad_post_sidebar_id":"","_kad_post_content_style":"unboxed","_kad_post_vertical_padding":"hide","_kad_post_feature":"hide","_kad_post_feature_position":"","_kad_post_header":false,"_kad_post_footer":false,"footnotes":""},"class_list":["post-960","page","type-page","status-publish","hentry"],"_links":{"self":[{"href":"https:\/\/website.fnmns.dev.streamlor.io\/index.php\/wp-json\/wp\/v2\/pages\/960","targetHints":{"allow":["GET"]}}],"collection":[{"href":"https:\/\/website.fnmns.dev.streamlor.io\/index.php\/wp-json\/wp\/v2\/pages"}],"about":[{"href":"https:\/\/website.fnmns.dev.streamlor.io\/index.php\/wp-json\/wp\/v2\/types\/page"}],"author":[{"embeddable":true,"href":"https:\/\/website.fnmns.dev.streamlor.io\/index.php\/wp-json\/wp\/v2\/users\/1"}],"replies":[{"embeddable":true,"href":"https:\/\/website.fnmns.dev.streamlor.io\/index.php\/wp-json\/wp\/v2\/comments?post=960"}],"version-history":[{"count":19,"href":"https:\/\/website.fnmns.dev.streamlor.io\/index.php\/wp-json\/wp\/v2\/pages\/960\/revisions"}],"predecessor-version":[{"id":4307,"href":"https:\/\/website.fnmns.dev.streamlor.io\/index.php\/wp-json\/wp\/v2\/pages\/960\/revisions\/4307"}],"up":[{"embeddable":true,"href":"https:\/\/website.fnmns.dev.streamlor.io\/index.php\/wp-json\/wp\/v2\/pages\/938"}],"wp:attachment":[{"href":"https:\/\/website.fnmns.dev.streamlor.io\/index.php\/wp-json\/wp\/v2\/media?parent=960"}],"curies":[{"name":"wp","href":"https:\/\/api.w.org\/{rel}","templated":true}]}}