{"id":964,"date":"2026-03-12T13:47:22","date_gmt":"2026-03-12T12:47:22","guid":{"rendered":"https:\/\/website.fnmns.dev.streamlor.io\/?page_id=964"},"modified":"2026-03-30T10:49:57","modified_gmt":"2026-03-30T08:49:57","slug":"news","status":"publish","type":"page","link":"https:\/\/website.fnmns.dev.streamlor.io\/index.php\/news\/","title":{"rendered":"News"},"content":{"rendered":"\t\t<div data-elementor-type=\"wp-page\" data-elementor-id=\"964\" class=\"elementor elementor-964\" data-elementor-post-type=\"page\">\n\t\t\t\t\t\t<section class=\"elementor-section elementor-top-section elementor-element elementor-element-46a2d535 elementor-section-boxed elementor-section-height-default elementor-section-height-default\" data-id=\"46a2d535\" data-element_type=\"section\" data-e-type=\"section\">\n\t\t\t\t\t\t<div class=\"elementor-container elementor-column-gap-wider\">\n\t\t\t\t\t<div class=\"elementor-column elementor-col-100 elementor-top-column elementor-element elementor-element-226ed5b9\" data-id=\"226ed5b9\" data-element_type=\"column\" data-e-type=\"column\">\n\t\t\t<div class=\"elementor-widget-wrap elementor-element-populated\">\n\t\t\t\t\t\t<div class=\"elementor-element elementor-element-4b9e60d5 elementor-widget elementor-widget-heading\" data-id=\"4b9e60d5\" data-element_type=\"widget\" data-e-type=\"widget\" data-widget_type=\"heading.default\">\n\t\t\t\t\t<h1 class=\"elementor-heading-title elementor-size-default\">Les news FNMNS<\/h1>\t\t\t\t<\/div>\n\t\t\t\t<div class=\"elementor-element elementor-element-2ae11ac0 elementor-widget-divider--view-line elementor-widget elementor-widget-divider\" data-id=\"2ae11ac0\" data-element_type=\"widget\" data-e-type=\"widget\" data-widget_type=\"divider.default\">\n\t\t\t\t\t\t\t<div class=\"elementor-divider\">\n\t\t\t<span class=\"elementor-divider-separator\">\n\t\t\t\t\t\t<\/span>\n\t\t<\/div>\n\t\t\t\t\t\t<\/div>\n\t\t\t\t\t<\/div>\n\t\t<\/div>\n\t\t\t\t\t<\/div>\n\t\t<\/section>\n\t\t<div class=\"elementor-element elementor-element-e4db24e e-flex e-con-boxed e-con e-parent\" data-id=\"e4db24e\" data-element_type=\"container\" data-e-type=\"container\">\n\t\t\t\t\t<div class=\"e-con-inner\">\n\t\t\t\t<div class=\"elementor-element elementor-element-434058d elementor-grid-1 elementor-posts--thumbnail-left elementor-grid-tablet-2 elementor-grid-mobile-1 elementor-widget elementor-widget-posts\" data-id=\"434058d\" data-element_type=\"widget\" data-e-type=\"widget\" data-settings=\"{&quot;classic_columns&quot;:&quot;1&quot;,&quot;pagination_type&quot;:&quot;numbers_and_prev_next&quot;,&quot;classic_row_gap&quot;:{&quot;unit&quot;:&quot;px&quot;,&quot;size&quot;:45,&quot;sizes&quot;:[]},&quot;classic_columns_tablet&quot;:&quot;2&quot;,&quot;classic_columns_mobile&quot;:&quot;1&quot;,&quot;classic_row_gap_tablet&quot;:{&quot;unit&quot;:&quot;px&quot;,&quot;size&quot;:&quot;&quot;,&quot;sizes&quot;:[]},&quot;classic_row_gap_mobile&quot;:{&quot;unit&quot;:&quot;px&quot;,&quot;size&quot;:&quot;&quot;,&quot;sizes&quot;:[]}}\" data-widget_type=\"posts.classic\">\n\t\t\t\t<div class=\"elementor-widget-container\">\n\t\t\t\t\t\t\t<div class=\"elementor-posts-container elementor-posts elementor-posts--skin-classic elementor-grid\" role=\"list\">\n\t\t\t\t<article class=\"elementor-post elementor-grid-item post-1433 post type-post status-publish format-standard has-post-thumbnail hentry category-news tag-news\" role=\"listitem\">\n\t\t\t\t<a class=\"elementor-post__thumbnail__link\" href=\"https:\/\/website.fnmns.dev.streamlor.io\/index.php\/2026\/01\/22\/formation-encadrants-aquamarche\/\" tabindex=\"-1\" target=&quot;_blank&quot;>\n\t\t\t<div class=\"elementor-post__thumbnail\"><img decoding=\"async\" width=\"198\" height=\"96\" src=\"https:\/\/website.fnmns.dev.streamlor.io\/wp-content\/uploads\/2026\/03\/thumb_739_default_medium.jpeg\" class=\"attachment-full size-full wp-image-1443\" alt=\"\" \/><\/div>\n\t\t<\/a>\n\t\t\t\t<div class=\"elementor-post__text\">\n\t\t\t\t<h3 class=\"elementor-post__title\">\n\t\t\t<a href=\"https:\/\/website.fnmns.dev.streamlor.io\/index.php\/2026\/01\/22\/formation-encadrants-aquamarche\/\" target=&quot;_blank&quot;>\n\t\t\t\tFormation ENCADRANTS AQUA&rsquo;MARCHE\t\t\t<\/a>\n\t\t<\/h3>\n\t\t\t\t<div class=\"elementor-post__meta-data\">\n\t\t\t\t\t<span class=\"elementor-post-date\">\n\t\t\t22 janvier 2026\t\t<\/span>\n\t\t\t\t<\/div>\n\t\t\t\t<div class=\"elementor-post__excerpt\">\n\t\t\t<p>Prochaine sessions de formation pour devenir \u00ab\u00a0Encadrant Aqua&rsquo;marche\u00a0\u00bb &#8211; 2 jours cons\u00e9cutifs \u00e0 partir de 300 \u20ac &#8211; ouvert \u00e0 tous les MNS<\/p>\n\t\t<\/div>\n\t\t\t\t\t<div class=\"elementor-post__read-more-wrapper\">\n\t\t\n\t\t<a class=\"elementor-post__read-more\" href=\"https:\/\/website.fnmns.dev.streamlor.io\/index.php\/2026\/01\/22\/formation-encadrants-aquamarche\/\" aria-label=\"En savoir plus sur Formation ENCADRANTS AQUA&rsquo;MARCHE\" tabindex=\"-1\" target=\"_blank\">\n\t\t\tLire la suite\t\t<\/a>\n\n\t\t\t\t\t<\/div>\n\t\t\t\t<\/div>\n\t\t\t\t<\/article>\n\t\t\t\t<article class=\"elementor-post elementor-grid-item post-1 post type-post status-publish format-standard has-post-thumbnail hentry category-news tag-news\" role=\"listitem\">\n\t\t\t\t<a class=\"elementor-post__thumbnail__link\" href=\"https:\/\/website.fnmns.dev.streamlor.io\/index.php\/2026\/01\/20\/formation-initiale-a-la-surveillance-et-sauvetage-aquatique-eaux-interieures-ssa-ei-2026\/\" tabindex=\"-1\" target=&quot;_blank&quot;>\n\t\t\t<div class=\"elementor-post__thumbnail\"><img decoding=\"async\" width=\"199\" height=\"175\" src=\"https:\/\/website.fnmns.dev.streamlor.io\/wp-content\/uploads\/2026\/01\/Formation-initiale.jpeg\" class=\"attachment-full size-full wp-image-1515\" alt=\"\" \/><\/div>\n\t\t<\/a>\n\t\t\t\t<div class=\"elementor-post__text\">\n\t\t\t\t<h3 class=\"elementor-post__title\">\n\t\t\t<a href=\"https:\/\/website.fnmns.dev.streamlor.io\/index.php\/2026\/01\/20\/formation-initiale-a-la-surveillance-et-sauvetage-aquatique-eaux-interieures-ssa-ei-2026\/\" target=&quot;_blank&quot;>\n\t\t\t\tFormation initiale \u00e0 la Surveillance et Sauvetage Aquatique \u00ab\u00a0Eaux Int\u00e9rieures\u00a0\u00bb &#8211; SSA EI 2026\t\t\t<\/a>\n\t\t<\/h3>\n\t\t\t\t<div class=\"elementor-post__meta-data\">\n\t\t\t\t\t<span class=\"elementor-post-date\">\n\t\t\t20 janvier 2026\t\t<\/span>\n\t\t\t\t<\/div>\n\t\t\t\t<div class=\"elementor-post__excerpt\">\n\t\t\t<p>Les prochaines formations : &#8211; Formation Initiale SSA EI : du 13 au 14 avril 2026 &#8211; Formation Initiale Pilotage d&#8217;embarcation de sauvetage : 15 au 16 avril 2026<\/p>\n\t\t<\/div>\n\t\t\t\t\t<div class=\"elementor-post__read-more-wrapper\">\n\t\t\n\t\t<a class=\"elementor-post__read-more\" href=\"https:\/\/website.fnmns.dev.streamlor.io\/index.php\/2026\/01\/20\/formation-initiale-a-la-surveillance-et-sauvetage-aquatique-eaux-interieures-ssa-ei-2026\/\" aria-label=\"En savoir plus sur Formation initiale \u00e0 la Surveillance et Sauvetage Aquatique \u00ab\u00a0Eaux Int\u00e9rieures\u00a0\u00bb &#8211; SSA EI 2026\" tabindex=\"-1\" target=\"_blank\">\n\t\t\tLire la suite\t\t<\/a>\n\n\t\t\t\t\t<\/div>\n\t\t\t\t<\/div>\n\t\t\t\t<\/article>\n\t\t\t\t<article class=\"elementor-post elementor-grid-item post-56 post type-post status-publish format-standard has-post-thumbnail hentry category-news tag-news\" role=\"listitem\">\n\t\t\t\t<a class=\"elementor-post__thumbnail__link\" href=\"https:\/\/website.fnmns.dev.streamlor.io\/index.php\/2026\/01\/13\/formation-pae-formateur-de-formateurs-mars-2026\/\" tabindex=\"-1\" target=&quot;_blank&quot;>\n\t\t\t<div class=\"elementor-post__thumbnail\"><img fetchpriority=\"high\" decoding=\"async\" width=\"192\" height=\"263\" src=\"https:\/\/website.fnmns.dev.streamlor.io\/wp-content\/uploads\/2024\/08\/thumb_797_default_medium.jpeg\" class=\"attachment-full size-full wp-image-1487\" alt=\"\" \/><\/div>\n\t\t<\/a>\n\t\t\t\t<div class=\"elementor-post__text\">\n\t\t\t\t<h3 class=\"elementor-post__title\">\n\t\t\t<a href=\"https:\/\/website.fnmns.dev.streamlor.io\/index.php\/2026\/01\/13\/formation-pae-formateur-de-formateurs-mars-2026\/\" target=&quot;_blank&quot;>\n\t\t\t\tFormation \u00ab\u00a0PAE Formateur de Formateurs\u00a0\u00bb \/ Mars 2026\t\t\t<\/a>\n\t\t<\/h3>\n\t\t\t\t<div class=\"elementor-post__meta-data\">\n\t\t\t\t\t<span class=\"elementor-post-date\">\n\t\t\t13 janvier 2026\t\t<\/span>\n\t\t\t\t<\/div>\n\t\t\t\t<div class=\"elementor-post__excerpt\">\n\t\t\t<p>Du 14 au 21 Mars 2025 &#8211; La Tranche Sur Mer (85) , cette formation est ouverte \u00e0 tout formateur qui a pour objectif de contextualiser ses comp\u00e9tences de formateur au domaine particulier de la formation<\/p>\n\t\t<\/div>\n\t\t\t\t\t<div class=\"elementor-post__read-more-wrapper\">\n\t\t\n\t\t<a class=\"elementor-post__read-more\" href=\"https:\/\/website.fnmns.dev.streamlor.io\/index.php\/2026\/01\/13\/formation-pae-formateur-de-formateurs-mars-2026\/\" aria-label=\"En savoir plus sur Formation \u00ab\u00a0PAE Formateur de Formateurs\u00a0\u00bb \/ Mars 2026\" tabindex=\"-1\" target=\"_blank\">\n\t\t\tLire la suite\t\t<\/a>\n\n\t\t\t\t\t<\/div>\n\t\t\t\t<\/div>\n\t\t\t\t<\/article>\n\t\t\t\t<article class=\"elementor-post elementor-grid-item post-55 post type-post status-publish format-standard has-post-thumbnail hentry category-news tag-news\" role=\"listitem\">\n\t\t\t\t<a class=\"elementor-post__thumbnail__link\" href=\"https:\/\/website.fnmns.dev.streamlor.io\/index.php\/2025\/12\/17\/formation-initiale-formateur-en-sauvetage-aquatique-fsa-avril-2026\/\" tabindex=\"-1\" target=&quot;_blank&quot;>\n\t\t\t<div class=\"elementor-post__thumbnail\"><img loading=\"lazy\" decoding=\"async\" width=\"199\" height=\"112\" src=\"https:\/\/website.fnmns.dev.streamlor.io\/wp-content\/uploads\/2024\/08\/thumb_614_default_medium.jpeg\" class=\"attachment-full size-full wp-image-1525\" alt=\"\" srcset=\"https:\/\/website.fnmns.dev.streamlor.io\/wp-content\/uploads\/2024\/08\/thumb_614_default_medium.jpeg 199w, https:\/\/website.fnmns.dev.streamlor.io\/wp-content\/uploads\/2024\/08\/thumb_614_default_medium-150x84.jpeg 150w\" sizes=\"(max-width: 199px) 100vw, 199px\" \/><\/div>\n\t\t<\/a>\n\t\t\t\t<div class=\"elementor-post__text\">\n\t\t\t\t<h3 class=\"elementor-post__title\">\n\t\t\t<a href=\"https:\/\/website.fnmns.dev.streamlor.io\/index.php\/2025\/12\/17\/formation-initiale-formateur-en-sauvetage-aquatique-fsa-avril-2026\/\" target=&quot;_blank&quot;>\n\t\t\t\tFormation initiale Formateur en Sauvetage Aquatique &#8211; FSA \/ Avril 2026\t\t\t<\/a>\n\t\t<\/h3>\n\t\t\t\t<div class=\"elementor-post__meta-data\">\n\t\t\t\t\t<span class=\"elementor-post-date\">\n\t\t\t17 d\u00e9cembre 2025\t\t<\/span>\n\t\t\t\t<\/div>\n\t\t\t\t<div class=\"elementor-post__excerpt\">\n\t\t\t<p>Les prochaines formations : &#8211; Formation \u00e0 l&rsquo;Unit\u00e9 d&rsquo;Enseignement : Formateur en Sauvetage Aquatique : du 11 au 16 Avril 2026 (6j de formation) &#8211; Formation \u00e0 l&rsquo;Unit\u00e9 d&rsquo;Enseignement : au Pilotage d&rsquo;Embarcation&#8230;<\/p>\n\t\t<\/div>\n\t\t\t\t\t<div class=\"elementor-post__read-more-wrapper\">\n\t\t\n\t\t<a class=\"elementor-post__read-more\" href=\"https:\/\/website.fnmns.dev.streamlor.io\/index.php\/2025\/12\/17\/formation-initiale-formateur-en-sauvetage-aquatique-fsa-avril-2026\/\" aria-label=\"En savoir plus sur Formation initiale Formateur en Sauvetage Aquatique &#8211; FSA \/ Avril 2026\" tabindex=\"-1\" target=\"_blank\">\n\t\t\tLire la suite\t\t<\/a>\n\n\t\t\t\t\t<\/div>\n\t\t\t\t<\/div>\n\t\t\t\t<\/article>\n\t\t\t\t<article class=\"elementor-post elementor-grid-item post-54 post type-post status-publish format-standard has-post-thumbnail hentry category-news tag-news\" role=\"listitem\">\n\t\t\t\t<a class=\"elementor-post__thumbnail__link\" href=\"https:\/\/website.fnmns.dev.streamlor.io\/index.php\/2025\/12\/17\/formation-initiale-a-la-surveillant-et-sauvetage-sur-le-littoral-ssa-l-avril-2026\/\" tabindex=\"-1\" target=&quot;_blank&quot;>\n\t\t\t<div class=\"elementor-post__thumbnail\"><img loading=\"lazy\" decoding=\"async\" width=\"200\" height=\"160\" src=\"https:\/\/website.fnmns.dev.streamlor.io\/wp-content\/uploads\/2024\/08\/thumb_716_default_medium.jpeg\" class=\"attachment-full size-full wp-image-1535\" alt=\"\" srcset=\"https:\/\/website.fnmns.dev.streamlor.io\/wp-content\/uploads\/2024\/08\/thumb_716_default_medium.jpeg 200w, https:\/\/website.fnmns.dev.streamlor.io\/wp-content\/uploads\/2024\/08\/thumb_716_default_medium-150x120.jpeg 150w\" sizes=\"(max-width: 200px) 100vw, 200px\" \/><\/div>\n\t\t<\/a>\n\t\t\t\t<div class=\"elementor-post__text\">\n\t\t\t\t<h3 class=\"elementor-post__title\">\n\t\t\t<a href=\"https:\/\/website.fnmns.dev.streamlor.io\/index.php\/2025\/12\/17\/formation-initiale-a-la-surveillant-et-sauvetage-sur-le-littoral-ssa-l-avril-2026\/\" target=&quot;_blank&quot;>\n\t\t\t\tFormation initiale \u00e0 la Surveillance et Sauvetage sur le Littoral &#8211; SSA L \/ Avril 2026\t\t\t<\/a>\n\t\t<\/h3>\n\t\t\t\t<div class=\"elementor-post__meta-data\">\n\t\t\t\t\t<span class=\"elementor-post-date\">\n\t\t\t17 d\u00e9cembre 2025\t\t<\/span>\n\t\t\t\t<\/div>\n\t\t\t\t<div class=\"elementor-post__excerpt\">\n\t\t\t<p>Les prochaines formations : &#8211; Formation Initiale SSA L : du 13 au 16 Avril 2026 (4j de formation) &#8211; Formation Initiale Pilotage d&#8217;embarcation de sauvetage : 17 au 18 Avril 2026 (1j de formation)<\/p>\n\t\t<\/div>\n\t\t\t\t\t<div class=\"elementor-post__read-more-wrapper\">\n\t\t\n\t\t<a class=\"elementor-post__read-more\" href=\"https:\/\/website.fnmns.dev.streamlor.io\/index.php\/2025\/12\/17\/formation-initiale-a-la-surveillant-et-sauvetage-sur-le-littoral-ssa-l-avril-2026\/\" aria-label=\"En savoir plus sur Formation initiale \u00e0 la Surveillance et Sauvetage sur le Littoral &#8211; SSA L \/ Avril 2026\" tabindex=\"-1\" target=\"_blank\">\n\t\t\tLire la suite\t\t<\/a>\n\n\t\t\t\t\t<\/div>\n\t\t\t\t<\/div>\n\t\t\t\t<\/article>\n\t\t\t\t<article class=\"elementor-post elementor-grid-item post-53 post type-post status-publish format-standard has-post-thumbnail hentry category-news tag-news\" role=\"listitem\">\n\t\t\t\t<a class=\"elementor-post__thumbnail__link\" href=\"https:\/\/website.fnmns.dev.streamlor.io\/index.php\/2024\/08\/16\/formation-continue-de-formateur-sa-2026\/\" tabindex=\"-1\" target=&quot;_blank&quot;>\n\t\t\t<div class=\"elementor-post__thumbnail\"><img loading=\"lazy\" decoding=\"async\" width=\"200\" height=\"133\" src=\"https:\/\/website.fnmns.dev.streamlor.io\/wp-content\/uploads\/2024\/08\/thumb_611_default_medium.jpeg\" class=\"attachment-full size-full wp-image-1539\" alt=\"\" srcset=\"https:\/\/website.fnmns.dev.streamlor.io\/wp-content\/uploads\/2024\/08\/thumb_611_default_medium.jpeg 200w, https:\/\/website.fnmns.dev.streamlor.io\/wp-content\/uploads\/2024\/08\/thumb_611_default_medium-150x100.jpeg 150w\" sizes=\"(max-width: 200px) 100vw, 200px\" \/><\/div>\n\t\t<\/a>\n\t\t\t\t<div class=\"elementor-post__text\">\n\t\t\t\t<h3 class=\"elementor-post__title\">\n\t\t\t<a href=\"https:\/\/website.fnmns.dev.streamlor.io\/index.php\/2024\/08\/16\/formation-continue-de-formateur-sa-2026\/\" target=&quot;_blank&quot;>\n\t\t\t\tFormation continue de Formateur SA \/ 2026\t\t\t<\/a>\n\t\t<\/h3>\n\t\t\t\t<div class=\"elementor-post__meta-data\">\n\t\t\t\t\t<span class=\"elementor-post-date\">\n\t\t\t16 ao\u00fbt 2024\t\t<\/span>\n\t\t\t\t<\/div>\n\t\t\t\t<div class=\"elementor-post__excerpt\">\n\t\t\t<p>Formation continue de Formateur SA \/ 2026<\/p>\n\t\t<\/div>\n\t\t\t\t\t<div class=\"elementor-post__read-more-wrapper\">\n\t\t\n\t\t<a class=\"elementor-post__read-more\" href=\"https:\/\/website.fnmns.dev.streamlor.io\/index.php\/2024\/08\/16\/formation-continue-de-formateur-sa-2026\/\" aria-label=\"En savoir plus sur Formation continue de Formateur SA \/ 2026\" tabindex=\"-1\" target=\"_blank\">\n\t\t\tLire la suite\t\t<\/a>\n\n\t\t\t\t\t<\/div>\n\t\t\t\t<\/div>\n\t\t\t\t<\/article>\n\t\t\t\t<article class=\"elementor-post elementor-grid-item post-57 post type-post status-publish format-standard has-post-thumbnail hentry category-news tag-news\" role=\"listitem\">\n\t\t\t\t<a class=\"elementor-post__thumbnail__link\" href=\"https:\/\/website.fnmns.dev.streamlor.io\/index.php\/2024\/08\/16\/formation-bpjeps-activites-aquatiques-et-de-la-natation\/\" tabindex=\"-1\" target=&quot;_blank&quot;>\n\t\t\t<div class=\"elementor-post__thumbnail\"><img loading=\"lazy\" decoding=\"async\" width=\"200\" height=\"133\" src=\"https:\/\/website.fnmns.dev.streamlor.io\/wp-content\/uploads\/2024\/08\/thumb_1_default_medium.jpeg\" class=\"attachment-full size-full wp-image-1541\" alt=\"\" srcset=\"https:\/\/website.fnmns.dev.streamlor.io\/wp-content\/uploads\/2024\/08\/thumb_1_default_medium.jpeg 200w, https:\/\/website.fnmns.dev.streamlor.io\/wp-content\/uploads\/2024\/08\/thumb_1_default_medium-150x100.jpeg 150w\" sizes=\"(max-width: 200px) 100vw, 200px\" \/><\/div>\n\t\t<\/a>\n\t\t\t\t<div class=\"elementor-post__text\">\n\t\t\t\t<h3 class=\"elementor-post__title\">\n\t\t\t<a href=\"https:\/\/website.fnmns.dev.streamlor.io\/index.php\/2024\/08\/16\/formation-bpjeps-activites-aquatiques-et-de-la-natation\/\" target=&quot;_blank&quot;>\n\t\t\t\tFormation BPJEPS Activit\u00e9s Aquatiques et de la Natation\t\t\t<\/a>\n\t\t<\/h3>\n\t\t\t\t<div class=\"elementor-post__meta-data\">\n\t\t\t\t\t<span class=\"elementor-post-date\">\n\t\t\t16 ao\u00fbt 2024\t\t<\/span>\n\t\t\t\t<\/div>\n\t\t\t\t<div class=\"elementor-post__excerpt\">\n\t\t\t<p>Plusieurs centres de formation r\u00e9partis sur le territoire national proposent cette formation<\/p>\n\t\t<\/div>\n\t\t\t\t\t<div class=\"elementor-post__read-more-wrapper\">\n\t\t\n\t\t<a class=\"elementor-post__read-more\" href=\"https:\/\/website.fnmns.dev.streamlor.io\/index.php\/2024\/08\/16\/formation-bpjeps-activites-aquatiques-et-de-la-natation\/\" aria-label=\"En savoir plus sur Formation BPJEPS Activit\u00e9s Aquatiques et de la Natation\" tabindex=\"-1\" target=\"_blank\">\n\t\t\tLire la suite\t\t<\/a>\n\n\t\t\t\t\t<\/div>\n\t\t\t\t<\/div>\n\t\t\t\t<\/article>\n\t\t\t\t<article class=\"elementor-post elementor-grid-item post-52 post type-post status-publish format-standard has-post-thumbnail hentry category-news tag-news\" role=\"listitem\">\n\t\t\t\t<a class=\"elementor-post__thumbnail__link\" href=\"https:\/\/website.fnmns.dev.streamlor.io\/index.php\/2024\/08\/16\/delivrance-et-referencement-des-tests-aquatiques\/\" tabindex=\"-1\" target=&quot;_blank&quot;>\n\t\t\t<div class=\"elementor-post__thumbnail\"><img loading=\"lazy\" decoding=\"async\" width=\"200\" height=\"200\" src=\"https:\/\/website.fnmns.dev.streamlor.io\/wp-content\/uploads\/2024\/08\/thumb_654_default_medium.jpeg\" class=\"attachment-full size-full wp-image-1543\" alt=\"\" srcset=\"https:\/\/website.fnmns.dev.streamlor.io\/wp-content\/uploads\/2024\/08\/thumb_654_default_medium.jpeg 200w, https:\/\/website.fnmns.dev.streamlor.io\/wp-content\/uploads\/2024\/08\/thumb_654_default_medium-150x150.jpeg 150w\" sizes=\"(max-width: 200px) 100vw, 200px\" \/><\/div>\n\t\t<\/a>\n\t\t\t\t<div class=\"elementor-post__text\">\n\t\t\t\t<h3 class=\"elementor-post__title\">\n\t\t\t<a href=\"https:\/\/website.fnmns.dev.streamlor.io\/index.php\/2024\/08\/16\/delivrance-et-referencement-des-tests-aquatiques\/\" target=&quot;_blank&quot;>\n\t\t\t\tD\u00e9livrance et r\u00e9f\u00e9rencement des tests aquatiques\t\t\t<\/a>\n\t\t<\/h3>\n\t\t\t\t<div class=\"elementor-post__meta-data\">\n\t\t\t\t\t<span class=\"elementor-post-date\">\n\t\t\t16 ao\u00fbt 2024\t\t<\/span>\n\t\t\t\t<\/div>\n\t\t\t\t<div class=\"elementor-post__excerpt\">\n\t\t\t<p>Les tests aquatiques sont d\u00e9livr\u00e9s, r\u00e9f\u00e9renc\u00e9s et archiv\u00e9s sur le site du Minist\u00e8re des Sports qui g\u00e9n\u00e8re un PDF pour transmission \u00e0 son r\u00e9cipiendaire. AUCUN AUTRE TEST N\u2019A VALEUR LEGALE A CE JOUR&#8230;<\/p>\n\t\t<\/div>\n\t\t\t\t\t<div class=\"elementor-post__read-more-wrapper\">\n\t\t\n\t\t<a class=\"elementor-post__read-more\" href=\"https:\/\/website.fnmns.dev.streamlor.io\/index.php\/2024\/08\/16\/delivrance-et-referencement-des-tests-aquatiques\/\" aria-label=\"En savoir plus sur D\u00e9livrance et r\u00e9f\u00e9rencement des tests aquatiques\" tabindex=\"-1\" target=\"_blank\">\n\t\t\tLire la suite\t\t<\/a>\n\n\t\t\t\t\t<\/div>\n\t\t\t\t<\/div>\n\t\t\t\t<\/article>\n\t\t\t\t<article class=\"elementor-post elementor-grid-item post-1556 post type-post status-publish format-standard has-post-thumbnail hentry category-news tag-news\" role=\"listitem\">\n\t\t\t\t<a class=\"elementor-post__thumbnail__link\" href=\"https:\/\/website.fnmns.dev.streamlor.io\/index.php\/2023\/10\/03\/nouvelle-norme-surveillance-des-baignades\/\" tabindex=\"-1\" target=&quot;_blank&quot;>\n\t\t\t<div class=\"elementor-post__thumbnail\"><img loading=\"lazy\" decoding=\"async\" width=\"200\" height=\"200\" src=\"https:\/\/website.fnmns.dev.streamlor.io\/wp-content\/uploads\/2026\/03\/thumb_635_default_medium.png\" class=\"attachment-full size-full wp-image-1557\" alt=\"\" srcset=\"https:\/\/website.fnmns.dev.streamlor.io\/wp-content\/uploads\/2026\/03\/thumb_635_default_medium.png 200w, https:\/\/website.fnmns.dev.streamlor.io\/wp-content\/uploads\/2026\/03\/thumb_635_default_medium-150x150.png 150w\" sizes=\"(max-width: 200px) 100vw, 200px\" \/><\/div>\n\t\t<\/a>\n\t\t\t\t<div class=\"elementor-post__text\">\n\t\t\t\t<h3 class=\"elementor-post__title\">\n\t\t\t<a href=\"https:\/\/website.fnmns.dev.streamlor.io\/index.php\/2023\/10\/03\/nouvelle-norme-surveillance-des-baignades\/\" target=&quot;_blank&quot;>\n\t\t\t\tNouvelle norme \u00ab\u00a0surveillance des baignades\u00a0\u00bb\t\t\t<\/a>\n\t\t<\/h3>\n\t\t\t\t<div class=\"elementor-post__meta-data\">\n\t\t\t\t\t<span class=\"elementor-post-date\">\n\t\t\t3 octobre 2023\t\t<\/span>\n\t\t\t\t<\/div>\n\t\t\t\t<div class=\"elementor-post__excerpt\">\n\t\t\t<p>La norme AFNOR sur la surveillance des piscines a \u00e9t\u00e9 publi\u00e9e. Nous vous l\u2019avions annonc\u00e9 lors du dernier mailing, sa parution \u00e9tait imminente.<\/p>\n\t\t<\/div>\n\t\t\t\t\t<div class=\"elementor-post__read-more-wrapper\">\n\t\t\n\t\t<a class=\"elementor-post__read-more\" href=\"https:\/\/website.fnmns.dev.streamlor.io\/index.php\/2023\/10\/03\/nouvelle-norme-surveillance-des-baignades\/\" aria-label=\"En savoir plus sur Nouvelle norme \u00ab\u00a0surveillance des baignades\u00a0\u00bb\" tabindex=\"-1\" target=\"_blank\">\n\t\t\tLire la suite\t\t<\/a>\n\n\t\t\t\t\t<\/div>\n\t\t\t\t<\/div>\n\t\t\t\t<\/article>\n\t\t\t\t<article class=\"elementor-post elementor-grid-item post-1560 post type-post status-publish format-standard has-post-thumbnail hentry category-news tag-news\" role=\"listitem\">\n\t\t\t\t<a class=\"elementor-post__thumbnail__link\" href=\"https:\/\/website.fnmns.dev.streamlor.io\/index.php\/2023\/08\/24\/baignade-denfant-les-precautions-pour-eviter-les-noyades\/\" tabindex=\"-1\" target=&quot;_blank&quot;>\n\t\t\t<div class=\"elementor-post__thumbnail\"><img loading=\"lazy\" decoding=\"async\" width=\"200\" height=\"200\" src=\"https:\/\/website.fnmns.dev.streamlor.io\/wp-content\/uploads\/2026\/03\/thumb_632_default_medium.png\" class=\"attachment-full size-full wp-image-1561\" alt=\"\" srcset=\"https:\/\/website.fnmns.dev.streamlor.io\/wp-content\/uploads\/2026\/03\/thumb_632_default_medium.png 200w, https:\/\/website.fnmns.dev.streamlor.io\/wp-content\/uploads\/2026\/03\/thumb_632_default_medium-150x150.png 150w\" sizes=\"(max-width: 200px) 100vw, 200px\" \/><\/div>\n\t\t<\/a>\n\t\t\t\t<div class=\"elementor-post__text\">\n\t\t\t\t<h3 class=\"elementor-post__title\">\n\t\t\t<a href=\"https:\/\/website.fnmns.dev.streamlor.io\/index.php\/2023\/08\/24\/baignade-denfant-les-precautions-pour-eviter-les-noyades\/\" target=&quot;_blank&quot;>\n\t\t\t\tBaignade d&rsquo;enfant : les pr\u00e9cautions pour \u00e9viter les noyades.\t\t\t<\/a>\n\t\t<\/h3>\n\t\t\t\t<div class=\"elementor-post__meta-data\">\n\t\t\t\t\t<span class=\"elementor-post-date\">\n\t\t\t24 ao\u00fbt 2023\t\t<\/span>\n\t\t\t\t<\/div>\n\t\t\t\t<div class=\"elementor-post__excerpt\">\n\t\t\t<p>Lorsqu&rsquo;un enfant se baigne, \u00e0 la plage ou \u00e0 la piscine, la surveillance et la s\u00e9curit\u00e9 sont primordiales, car une noyade peut tr\u00e8s vite arriver.<\/p>\n\t\t<\/div>\n\t\t\t\t\t<div class=\"elementor-post__read-more-wrapper\">\n\t\t\n\t\t<a class=\"elementor-post__read-more\" href=\"https:\/\/website.fnmns.dev.streamlor.io\/index.php\/2023\/08\/24\/baignade-denfant-les-precautions-pour-eviter-les-noyades\/\" aria-label=\"En savoir plus sur Baignade d&rsquo;enfant : les pr\u00e9cautions pour \u00e9viter les noyades.\" tabindex=\"-1\" target=\"_blank\">\n\t\t\tLire la suite\t\t<\/a>\n\n\t\t\t\t\t<\/div>\n\t\t\t\t<\/div>\n\t\t\t\t<\/article>\n\t\t\t\t<\/div>\n\t\t\n\t\t\t\t<div class=\"e-load-more-anchor\" data-page=\"1\" data-max-page=\"2\" data-next-page=\"https:\/\/website.fnmns.dev.streamlor.io\/index.php\/wp-json\/wp\/v2\/pages\/964\/page\/2\/\"><\/div>\n\t\t\t\t<nav class=\"elementor-pagination\" aria-label=\"Pagination\">\n\t\t\t<span class=\"page-numbers prev\">&laquo; Pr\u00e9c\u00e9dent<\/span>\n<span aria-current=\"page\" class=\"page-numbers current\"><span class=\"elementor-screen-only\">Page<\/span>1<\/span>\n<a class=\"page-numbers\" href=\"https:\/\/website.fnmns.dev.streamlor.io\/index.php\/wp-json\/wp\/v2\/pages\/964\/page\/2\/\"><span class=\"elementor-screen-only\">Page<\/span>2<\/a>\n<a class=\"page-numbers next\" href=\"https:\/\/website.fnmns.dev.streamlor.io\/index.php\/wp-json\/wp\/v2\/pages\/964\/page\/2\/\">Suivant &raquo;<\/a>\t\t<\/nav>\n\t\t\t\t\t\t<\/div>\n\t\t\t\t<\/div>\n\t\t\t\t\t<\/div>\n\t\t\t\t<\/div>\n\t\t\t\t<\/div>\n\t\t","protected":false},"excerpt":{"rendered":"<p>Les news FNMNS<\/p>\n","protected":false},"author":1,"featured_media":0,"parent":0,"menu_order":21,"comment_status":"closed","ping_status":"closed","template":"","meta":{"_kad_post_transparent":"","_kad_post_title":"hide","_kad_post_layout":"fullwidth","_kad_post_sidebar_id":"","_kad_post_content_style":"unboxed","_kad_post_vertical_padding":"hide","_kad_post_feature":"hide","_kad_post_feature_position":"","_kad_post_header":false,"_kad_post_footer":false,"footnotes":""},"class_list":["post-964","page","type-page","status-publish","hentry"],"_links":{"self":[{"href":"https:\/\/website.fnmns.dev.streamlor.io\/index.php\/wp-json\/wp\/v2\/pages\/964","targetHints":{"allow":["GET"]}}],"collection":[{"href":"https:\/\/website.fnmns.dev.streamlor.io\/index.php\/wp-json\/wp\/v2\/pages"}],"about":[{"href":"https:\/\/website.fnmns.dev.streamlor.io\/index.php\/wp-json\/wp\/v2\/types\/page"}],"author":[{"embeddable":true,"href":"https:\/\/website.fnmns.dev.streamlor.io\/index.php\/wp-json\/wp\/v2\/users\/1"}],"replies":[{"embeddable":true,"href":"https:\/\/website.fnmns.dev.streamlor.io\/index.php\/wp-json\/wp\/v2\/comments?post=964"}],"version-history":[{"count":88,"href":"https:\/\/website.fnmns.dev.streamlor.io\/index.php\/wp-json\/wp\/v2\/pages\/964\/revisions"}],"predecessor-version":[{"id":4970,"href":"https:\/\/website.fnmns.dev.streamlor.io\/index.php\/wp-json\/wp\/v2\/pages\/964\/revisions\/4970"}],"wp:attachment":[{"href":"https:\/\/website.fnmns.dev.streamlor.io\/index.php\/wp-json\/wp\/v2\/media?parent=964"}],"curies":[{"name":"wp","href":"https:\/\/api.w.org\/{rel}","templated":true}]}}