{"id":991,"date":"2026-03-12T14:01:56","date_gmt":"2026-03-12T13:01:56","guid":{"rendered":"https:\/\/website.fnmns.dev.streamlor.io\/?page_id=991"},"modified":"2026-03-24T11:42:41","modified_gmt":"2026-03-24T10:42:41","slug":"partenaires","status":"publish","type":"page","link":"https:\/\/website.fnmns.dev.streamlor.io\/index.php\/partenaires\/","title":{"rendered":"Partenaires"},"content":{"rendered":"\t\t<div data-elementor-type=\"wp-page\" data-elementor-id=\"991\" class=\"elementor elementor-991\" data-elementor-post-type=\"page\">\n\t\t\t\t\t\t<section class=\"elementor-section elementor-top-section elementor-element elementor-element-7521408d elementor-section-boxed elementor-section-height-default elementor-section-height-default\" data-id=\"7521408d\" data-element_type=\"section\" data-e-type=\"section\">\n\t\t\t\t\t\t<div class=\"elementor-container elementor-column-gap-wider\">\n\t\t\t\t\t<div class=\"elementor-column elementor-col-100 elementor-top-column elementor-element elementor-element-3f0e8372\" data-id=\"3f0e8372\" data-element_type=\"column\" data-e-type=\"column\">\n\t\t\t<div class=\"elementor-widget-wrap elementor-element-populated\">\n\t\t\t\t\t\t<div class=\"elementor-element elementor-element-50cd74c7 elementor-widget elementor-widget-heading\" data-id=\"50cd74c7\" data-element_type=\"widget\" data-e-type=\"widget\" data-widget_type=\"heading.default\">\n\t\t\t\t\t<h1 class=\"elementor-heading-title elementor-size-default\">Nos partenaires<\/h1>\t\t\t\t<\/div>\n\t\t\t\t<div class=\"elementor-element elementor-element-6d26475b elementor-widget-divider--view-line elementor-widget elementor-widget-divider\" data-id=\"6d26475b\" data-element_type=\"widget\" data-e-type=\"widget\" data-widget_type=\"divider.default\">\n\t\t\t\t\t\t\t<div class=\"elementor-divider\">\n\t\t\t<span class=\"elementor-divider-separator\">\n\t\t\t\t\t\t<\/span>\n\t\t<\/div>\n\t\t\t\t\t\t<\/div>\n\t\t\t\t\t<\/div>\n\t\t<\/div>\n\t\t\t\t\t<\/div>\n\t\t<\/section>\n\t\t<div class=\"elementor-element elementor-element-6e1f810 e-grid e-con-boxed e-con e-parent\" data-id=\"6e1f810\" data-element_type=\"container\" data-e-type=\"container\">\n\t\t\t\t\t<div class=\"e-con-inner\">\n\t\t<div class=\"elementor-element elementor-element-c8544eb e-con-full e-flex e-con e-child\" data-id=\"c8544eb\" data-element_type=\"container\" data-e-type=\"container\">\n\t\t<div class=\"elementor-element elementor-element-a998916 e-con-full e-flex e-con e-child\" data-id=\"a998916\" data-element_type=\"container\" data-e-type=\"container\" data-settings=\"{&quot;background_background&quot;:&quot;classic&quot;,&quot;shape_divider_bottom&quot;:&quot;mountains&quot;}\">\n\t\t\t\t<div class=\"elementor-shape elementor-shape-bottom\" aria-hidden=\"true\" data-negative=\"false\">\n\t\t\t<svg xmlns=\"http:\/\/www.w3.org\/2000\/svg\" viewBox=\"0 0 1000 100\" preserveAspectRatio=\"none\">\n\t<path class=\"elementor-shape-fill\" opacity=\"0.33\" d=\"M473,67.3c-203.9,88.3-263.1-34-320.3,0C66,119.1,0,59.7,0,59.7V0h1000v59.7 c0,0-62.1,26.1-94.9,29.3c-32.8,3.3-62.8-12.3-75.8-22.1C806,49.6,745.3,8.7,694.9,4.7S492.4,59,473,67.3z\"\/>\n\t<path class=\"elementor-shape-fill\" opacity=\"0.66\" d=\"M734,67.3c-45.5,0-77.2-23.2-129.1-39.1c-28.6-8.7-150.3-10.1-254,39.1 s-91.7-34.4-149.2,0C115.7,118.3,0,39.8,0,39.8V0h1000v36.5c0,0-28.2-18.5-92.1-18.5C810.2,18.1,775.7,67.3,734,67.3z\"\/>\n\t<path class=\"elementor-shape-fill\" d=\"M766.1,28.9c-200-57.5-266,65.5-395.1,19.5C242,1.8,242,5.4,184.8,20.6C128,35.8,132.3,44.9,89.9,52.5C28.6,63.7,0,0,0,0 h1000c0,0-9.9,40.9-83.6,48.1S829.6,47,766.1,28.9z\"\/>\n<\/svg>\t\t<\/div>\n\t\t\t\t<div class=\"elementor-element elementor-element-36564f0 elementor-widget elementor-widget-image\" data-id=\"36564f0\" data-element_type=\"widget\" data-e-type=\"widget\" data-widget_type=\"image.default\">\n\t\t\t\t\t\t\t\t\t\t\t\t\t\t\t<img fetchpriority=\"high\" decoding=\"async\" width=\"425\" height=\"198\" src=\"https:\/\/website.fnmns.dev.streamlor.io\/wp-content\/uploads\/2026\/03\/AMS-1.png\" class=\"elementor-animation-grow attachment-full size-full wp-image-1076\" alt=\"\" srcset=\"https:\/\/website.fnmns.dev.streamlor.io\/wp-content\/uploads\/2026\/03\/AMS-1.png 425w, https:\/\/website.fnmns.dev.streamlor.io\/wp-content\/uploads\/2026\/03\/AMS-1-300x140.png 300w\" sizes=\"(max-width: 425px) 100vw, 425px\" \/>\t\t\t\t\t\t\t\t\t\t\t\t\t\t\t<\/div>\n\t\t\t\t<\/div>\n\t\t<div class=\"elementor-element elementor-element-f65a611 e-con-full e-flex e-con e-child\" data-id=\"f65a611\" data-element_type=\"container\" data-e-type=\"container\" data-settings=\"{&quot;background_background&quot;:&quot;classic&quot;}\">\n\t\t\t\t<div class=\"elementor-element elementor-element-f2cdb99 elementor-widget elementor-widget-heading\" data-id=\"f2cdb99\" data-element_type=\"widget\" data-e-type=\"widget\" data-settings=\"{&quot;_animation&quot;:&quot;none&quot;}\" data-widget_type=\"heading.default\">\n\t\t\t\t\t<h2 class=\"elementor-heading-title elementor-size-default\">AQUITAINE MATERIEL SECOURS<\/h2>\t\t\t\t<\/div>\n\t\t\t\t<div class=\"elementor-element elementor-element-f8dca5a elementor-widget elementor-widget-text-editor\" data-id=\"f8dca5a\" data-element_type=\"widget\" data-e-type=\"widget\" data-widget_type=\"text-editor.default\">\n\t\t\t\t\t\t\t\t\t<p><span style=\"color: #000000;\">Mat\u00e9riels et consommables de Premiers Secours<\/span><br \/><span style=\"color: #000000;\">Prix tr\u00e8s bas &#8211; Livraison France et \u00c9tranger sous 24 heures<\/span><\/p><p><strong><span style=\"color: #993366;\">AVANTAGE ADH\u00c9RENT FNMNS :<br \/><\/span><span style=\"color: #993366;\">10 % de remise suppl\u00e9mentaire<\/span><\/strong><\/p><h6>AQUITAINE MATERIEL SECOURS<br \/>Village d&rsquo;Entreprises<br \/>162 Rue Philibert Delorme<br \/>40990\u00a0 St PAUL LES DAX T\u00e9l : 05 24 62 57 94<br \/><span style=\"text-decoration: underline;\"><strong><a href=\"mailto:info@aquitaine-materiel-secours.com\">info@aquitaine-materiel-secours.com<\/a><\/strong><\/span><\/h6>\t\t\t\t\t\t\t\t<\/div>\n\t\t\t\t<\/div>\n\t\t\t\t<\/div>\n\t\t<div class=\"elementor-element elementor-element-92e8ac3 e-con-full e-flex e-con e-child\" data-id=\"92e8ac3\" data-element_type=\"container\" data-e-type=\"container\">\n\t\t<div class=\"elementor-element elementor-element-20dbc64 e-con-full e-flex e-con e-child\" data-id=\"20dbc64\" data-element_type=\"container\" data-e-type=\"container\" data-settings=\"{&quot;background_background&quot;:&quot;classic&quot;,&quot;shape_divider_bottom&quot;:&quot;mountains&quot;}\">\n\t\t\t\t<div class=\"elementor-shape elementor-shape-bottom\" aria-hidden=\"true\" data-negative=\"false\">\n\t\t\t<svg xmlns=\"http:\/\/www.w3.org\/2000\/svg\" viewBox=\"0 0 1000 100\" preserveAspectRatio=\"none\">\n\t<path class=\"elementor-shape-fill\" opacity=\"0.33\" d=\"M473,67.3c-203.9,88.3-263.1-34-320.3,0C66,119.1,0,59.7,0,59.7V0h1000v59.7 c0,0-62.1,26.1-94.9,29.3c-32.8,3.3-62.8-12.3-75.8-22.1C806,49.6,745.3,8.7,694.9,4.7S492.4,59,473,67.3z\"\/>\n\t<path class=\"elementor-shape-fill\" opacity=\"0.66\" d=\"M734,67.3c-45.5,0-77.2-23.2-129.1-39.1c-28.6-8.7-150.3-10.1-254,39.1 s-91.7-34.4-149.2,0C115.7,118.3,0,39.8,0,39.8V0h1000v36.5c0,0-28.2-18.5-92.1-18.5C810.2,18.1,775.7,67.3,734,67.3z\"\/>\n\t<path class=\"elementor-shape-fill\" d=\"M766.1,28.9c-200-57.5-266,65.5-395.1,19.5C242,1.8,242,5.4,184.8,20.6C128,35.8,132.3,44.9,89.9,52.5C28.6,63.7,0,0,0,0 h1000c0,0-9.9,40.9-83.6,48.1S829.6,47,766.1,28.9z\"\/>\n<\/svg>\t\t<\/div>\n\t\t\t\t<div class=\"elementor-element elementor-element-2c84310 elementor-widget__width-auto elementor-widget elementor-widget-image\" data-id=\"2c84310\" data-element_type=\"widget\" data-e-type=\"widget\" data-widget_type=\"image.default\">\n\t\t\t\t\t\t\t\t\t\t\t\t\t\t\t<img decoding=\"async\" width=\"2000\" height=\"400\" src=\"https:\/\/website.fnmns.dev.streamlor.io\/wp-content\/uploads\/2026\/03\/editions-icone-graphic.png\" class=\"elementor-animation-grow attachment-full size-full wp-image-1078\" alt=\"\" srcset=\"https:\/\/website.fnmns.dev.streamlor.io\/wp-content\/uploads\/2026\/03\/editions-icone-graphic.png 2000w, https:\/\/website.fnmns.dev.streamlor.io\/wp-content\/uploads\/2026\/03\/editions-icone-graphic-300x60.png 300w, https:\/\/website.fnmns.dev.streamlor.io\/wp-content\/uploads\/2026\/03\/editions-icone-graphic-1024x205.png 1024w, https:\/\/website.fnmns.dev.streamlor.io\/wp-content\/uploads\/2026\/03\/editions-icone-graphic-768x154.png 768w, https:\/\/website.fnmns.dev.streamlor.io\/wp-content\/uploads\/2026\/03\/editions-icone-graphic-1536x307.png 1536w\" sizes=\"(max-width: 2000px) 100vw, 2000px\" \/>\t\t\t\t\t\t\t\t\t\t\t\t\t\t\t<\/div>\n\t\t\t\t<\/div>\n\t\t<div class=\"elementor-element elementor-element-dc156d0 e-con-full e-flex e-con e-child\" data-id=\"dc156d0\" data-element_type=\"container\" data-e-type=\"container\" data-settings=\"{&quot;background_background&quot;:&quot;classic&quot;}\">\n\t\t\t\t<div class=\"elementor-element elementor-element-716422b elementor-widget elementor-widget-heading\" data-id=\"716422b\" data-element_type=\"widget\" data-e-type=\"widget\" data-widget_type=\"heading.default\">\n\t\t\t\t\t<h2 class=\"elementor-heading-title elementor-size-default\">Editions ICONE GRAPHIC<\/h2>\t\t\t\t<\/div>\n\t\t\t\t<div class=\"elementor-element elementor-element-0559d2c elementor-widget elementor-widget-heading\" data-id=\"0559d2c\" data-element_type=\"widget\" data-e-type=\"widget\" data-widget_type=\"heading.default\">\n\t\t\t\t\t<h4 class=\"elementor-heading-title elementor-size-default\">Le plaisir de former.<\/h4>\t\t\t\t<\/div>\n\t\t\t\t<div class=\"elementor-element elementor-element-7fb2f2e elementor-widget elementor-widget-text-editor\" data-id=\"7fb2f2e\" data-element_type=\"widget\" data-e-type=\"widget\" data-widget_type=\"text-editor.default\">\n\t\t\t\t\t\t\t\t\t<p><span style=\"color: #000000;\">Les outils p\u00e9dagogiques des Editions ICONE GRAPHIC sont con\u00e7us pour \u00eatre \u00ab\u00a0\u00e0 structure ouverte\u00a0\u00bb. Ils vous permettent de vous les approprier et de les utiliser en fonction de votre personnalit\u00e9 (Secours Civiques, Premiers Secours, Formation au d\u00e9fibrillateur, Formation aquatique &#8211; subaquatique, formation sapeurs-pompiers, formation \u00e0 la lutte contre le feu, etc &#8230;). Ils renforcent l\u2019efficacit\u00e9 de vos formations.<\/span><\/p>\t\t\t\t\t\t\t\t<\/div>\n\t\t\t\t<\/div>\n\t\t\t\t<\/div>\n\t\t<div class=\"elementor-element elementor-element-6903bd5 e-con-full e-flex e-con e-child\" data-id=\"6903bd5\" data-element_type=\"container\" data-e-type=\"container\">\n\t\t<div class=\"elementor-element elementor-element-c9c48a5 e-con-full e-flex e-con e-child\" data-id=\"c9c48a5\" data-element_type=\"container\" data-e-type=\"container\" data-settings=\"{&quot;background_background&quot;:&quot;classic&quot;,&quot;shape_divider_bottom&quot;:&quot;mountains&quot;}\">\n\t\t\t\t<div class=\"elementor-shape elementor-shape-bottom\" aria-hidden=\"true\" data-negative=\"false\">\n\t\t\t<svg xmlns=\"http:\/\/www.w3.org\/2000\/svg\" viewBox=\"0 0 1000 100\" preserveAspectRatio=\"none\">\n\t<path class=\"elementor-shape-fill\" opacity=\"0.33\" d=\"M473,67.3c-203.9,88.3-263.1-34-320.3,0C66,119.1,0,59.7,0,59.7V0h1000v59.7 c0,0-62.1,26.1-94.9,29.3c-32.8,3.3-62.8-12.3-75.8-22.1C806,49.6,745.3,8.7,694.9,4.7S492.4,59,473,67.3z\"\/>\n\t<path class=\"elementor-shape-fill\" opacity=\"0.66\" d=\"M734,67.3c-45.5,0-77.2-23.2-129.1-39.1c-28.6-8.7-150.3-10.1-254,39.1 s-91.7-34.4-149.2,0C115.7,118.3,0,39.8,0,39.8V0h1000v36.5c0,0-28.2-18.5-92.1-18.5C810.2,18.1,775.7,67.3,734,67.3z\"\/>\n\t<path class=\"elementor-shape-fill\" d=\"M766.1,28.9c-200-57.5-266,65.5-395.1,19.5C242,1.8,242,5.4,184.8,20.6C128,35.8,132.3,44.9,89.9,52.5C28.6,63.7,0,0,0,0 h1000c0,0-9.9,40.9-83.6,48.1S829.6,47,766.1,28.9z\"\/>\n<\/svg>\t\t<\/div>\n\t\t\t\t<div class=\"elementor-element elementor-element-76a7526 elementor-widget elementor-widget-image\" data-id=\"76a7526\" data-element_type=\"widget\" data-e-type=\"widget\" data-widget_type=\"image.default\">\n\t\t\t\t\t\t\t\t\t\t\t\t\t\t\t\t<a href=\"http:\/\/www.ffnatation.fr\/\">\n\t\t\t\t\t\t\t<img decoding=\"async\" width=\"390\" height=\"227\" src=\"https:\/\/website.fnmns.dev.streamlor.io\/wp-content\/uploads\/2026\/03\/57f110fa407ea_logoFFN.png\" class=\"attachment-large size-large wp-image-1105\" alt=\"\" srcset=\"https:\/\/website.fnmns.dev.streamlor.io\/wp-content\/uploads\/2026\/03\/57f110fa407ea_logoFFN.png 390w, https:\/\/website.fnmns.dev.streamlor.io\/wp-content\/uploads\/2026\/03\/57f110fa407ea_logoFFN-300x175.png 300w\" sizes=\"(max-width: 390px) 100vw, 390px\" \/>\t\t\t\t\t\t\t\t<\/a>\n\t\t\t\t\t\t\t\t\t\t\t\t\t\t\t<\/div>\n\t\t\t\t<\/div>\n\t\t<div class=\"elementor-element elementor-element-df80993 e-con-full e-flex e-con e-child\" data-id=\"df80993\" data-element_type=\"container\" data-e-type=\"container\" data-settings=\"{&quot;background_background&quot;:&quot;classic&quot;}\">\n\t\t\t\t<div class=\"elementor-element elementor-element-c509553 elementor-widget elementor-widget-heading\" data-id=\"c509553\" data-element_type=\"widget\" data-e-type=\"widget\" data-widget_type=\"heading.default\">\n\t\t\t\t\t<h2 class=\"elementor-heading-title elementor-size-default\">F\u00e9d\u00e9ration Fran\u00e7aise de Natation<\/h2>\t\t\t\t<\/div>\n\t\t\t\t<div class=\"elementor-element elementor-element-7aa79c2 elementor-widget elementor-widget-text-editor\" data-id=\"7aa79c2\" data-element_type=\"widget\" data-e-type=\"widget\" data-widget_type=\"text-editor.default\">\n\t\t\t\t\t\t\t\t\t<p><span style=\"color: #000000;\">La FNMNS a sign\u00e9 en 2014 avec la FFN un partenariat d&rsquo;entraide pour la conduite des projets de formations professionnelles.<\/span><br \/><span style=\"color: #000000;\">Ce partenariat est \u00e9tendu \u00e0 tous nos centres de formation \u00e9tablis en France et Dom Tom.<\/span><br \/><span style=\"color: #000000;\">Pour tout renseignement contacter notre Centre National de Formation.<\/span><\/p>\t\t\t\t\t\t\t\t<\/div>\n\t\t\t\t<\/div>\n\t\t\t\t<\/div>\n\t\t\t\t\t<\/div>\n\t\t\t\t<\/div>\n\t\t<div class=\"elementor-element elementor-element-dc9381b e-flex e-con-boxed e-con e-parent\" data-id=\"dc9381b\" data-element_type=\"container\" data-e-type=\"container\">\n\t\t\t\t\t<div class=\"e-con-inner\">\n\t\t\t\t\t<\/div>\n\t\t\t\t<\/div>\n\t\t\t\t<\/div>\n\t\t","protected":false},"excerpt":{"rendered":"<p>Nos partenaires AQUITAINE MATERIEL SECOURS Mat\u00e9riels et consommables de Premiers SecoursPrix tr\u00e8s bas &#8211; Livraison France et \u00c9tranger sous 24 heures AVANTAGE ADH\u00c9RENT FNMNS :10 % de remise suppl\u00e9mentaire AQUITAINE MATERIEL SECOURSVillage d&rsquo;Entreprises162 Rue Philibert Delorme40990\u00a0 St PAUL LES DAX T\u00e9l : 05 24 62 57 94info@aquitaine-materiel-secours.com Editions ICONE GRAPHIC Le plaisir de former. Les&#8230;<\/p>\n","protected":false},"author":1,"featured_media":0,"parent":0,"menu_order":25,"comment_status":"closed","ping_status":"closed","template":"","meta":{"_kad_post_transparent":"","_kad_post_title":"hide","_kad_post_layout":"fullwidth","_kad_post_sidebar_id":"","_kad_post_content_style":"unboxed","_kad_post_vertical_padding":"hide","_kad_post_feature":"hide","_kad_post_feature_position":"","_kad_post_header":false,"_kad_post_footer":false,"footnotes":""},"class_list":["post-991","page","type-page","status-publish","hentry"],"_links":{"self":[{"href":"https:\/\/website.fnmns.dev.streamlor.io\/index.php\/wp-json\/wp\/v2\/pages\/991","targetHints":{"allow":["GET"]}}],"collection":[{"href":"https:\/\/website.fnmns.dev.streamlor.io\/index.php\/wp-json\/wp\/v2\/pages"}],"about":[{"href":"https:\/\/website.fnmns.dev.streamlor.io\/index.php\/wp-json\/wp\/v2\/types\/page"}],"author":[{"embeddable":true,"href":"https:\/\/website.fnmns.dev.streamlor.io\/index.php\/wp-json\/wp\/v2\/users\/1"}],"replies":[{"embeddable":true,"href":"https:\/\/website.fnmns.dev.streamlor.io\/index.php\/wp-json\/wp\/v2\/comments?post=991"}],"version-history":[{"count":73,"href":"https:\/\/website.fnmns.dev.streamlor.io\/index.php\/wp-json\/wp\/v2\/pages\/991\/revisions"}],"predecessor-version":[{"id":2886,"href":"https:\/\/website.fnmns.dev.streamlor.io\/index.php\/wp-json\/wp\/v2\/pages\/991\/revisions\/2886"}],"wp:attachment":[{"href":"https:\/\/website.fnmns.dev.streamlor.io\/index.php\/wp-json\/wp\/v2\/media?parent=991"}],"curies":[{"name":"wp","href":"https:\/\/api.w.org\/{rel}","templated":true}]}}